{"id":14171,"date":"2026-02-01T08:52:26","date_gmt":"2026-02-01T08:52:26","guid":{"rendered":"https:\/\/vetatourism.com\/?post_type=product&#038;p=14171"},"modified":"2026-02-24T12:12:47","modified_gmt":"2026-02-24T12:12:47","slug":"pirate-boat-trip-gonster-from-antalya-all-inclusive","status":"publish","type":"product","link":"https:\/\/vetatourism.com\/tours\/pirate-boat-trip-gonster-from-antalya-all-inclusive","title":{"rendered":"Bateau De Pirate En Voyage D'Gonster \u00c0 Partir De Antalya \u2013 All Inclusive"},"content":{"rendered":"<p class=\"\" data-start=\"882\" data-end=\"1040\">Pr\u00e9parez-vous pour une journ\u00e9e inoubliable sur la mer avec l' <strong data-start=\"937\" data-end=\"965\">Gonster<\/strong> <strong data-start=\"937\" data-end=\"965\">Tour De Bateau De Pirate<\/strong> \u2014 le m\u00e9lange parfait de l'excitation, de la nature et de d\u00e9tente de la M\u00e9diterran\u00e9e vibes.<\/p>\n<p class=\"\" data-start=\"1042\" data-end=\"1335\">Votre voyage commence \u00e0 Kemer Marina, o\u00f9 vous monterez \u00e0 bord du Gonster, un pirate bateau au style plein de caract\u00e8re. Que vous naviguez le long de la magnifique c\u00f4te, l'\u00e9quipage va garder l'atmosph\u00e8re anim\u00e9e avec de la musique, de la danse et de divertissement \u00e0 th\u00e8me \u2014 parfait pour les familles, les amis, et les amateurs d'aventure!<\/p>\n<p class=\"\" data-start=\"1337\" data-end=\"1408\">Vous visiterez trois spectaculaires baies, parfait pour nager et se d\u00e9tendre:<\/p>\n<ul>\n<li data-start=\"1410\" data-end=\"1559\">\ud83c\udfdb\ufe0f <strong data-start=\"1414\" data-end=\"1430\">Phaselis Bay<\/strong> \u2013 Nager pr\u00e8s des ruines antiques de la ville Lycienne de Phaselis. Un lieu o\u00f9 l'histoire rencontre la nature, dans un cadre calme et paisible.<\/li>\n<li data-start=\"1561\" data-end=\"1673\">\ud83c\udfdd\ufe0f <strong data-start=\"1565\" data-end=\"1579\">Le Ciel De La Baie<\/strong> \u2013 Un joyau cach\u00e9, entour\u00e9 par une nature luxuriante et des eaux cristallines id\u00e9ales pour un s\u00e9jour calme, pittoresque nager.<\/li>\n<li data-start=\"1675\" data-end=\"1791\">\ud83c\udf0a <strong data-start=\"1678\" data-end=\"1695\">Moonlight Bay<\/strong> \u2013 Un populaire et pittoresque arr\u00eater pr\u00e8s de Kemer, o\u00f9 vous pourrez vous d\u00e9tendre, prendre des photos, ou profiter de la mer.<\/li>\n<li data-start=\"1793\" data-end=\"1936\">\ud83e\udd9c <strong data-start=\"1796\" data-end=\"1811\">Pirate Cave<\/strong> \u2013 Croisi\u00e8re-del\u00e0 de cette myst\u00e9rieuse grotte de la mer rempli de pirates de l\u00e9gendes et d'incroyables formations rocheuses \u2014 n'oubliez pas votre appareil photo!<\/li>\n<\/ul>\n<p class=\"\" data-start=\"1938\" data-end=\"2123\">Pendant la croisi\u00e8re, vous pourrez profiter d'un d\u00e9licieux d\u00e9jeuner servi \u00e0 bord, avec <strong data-start=\"2009\" data-end=\"2033\">boissons non alcoolis\u00e9es inclus<\/strong> tout au long de la journ\u00e9e. Il ya beaucoup d'espace pour prendre le soleil, de la danse, ou tout simplement profiter de la vue.<\/p>\n<p class=\"\" data-start=\"2125\" data-end=\"2273\">Parfait pour les familles avec enfants, les couples, ou quelqu'un qui aime s'amuser sur l'eau \u2014 le Bateau Pirate Gonster propose une journ\u00e9e pleine de souvenirs inoubliables!<\/p>\n<p>&nbsp;<\/p>\n<hr \/>\n<p>&nbsp;<\/p>\n<div class=\"tour-content-what-included\">\n<h4 id=\"whats-included\">Ce qui est Inclus<\/h4>\n<ul style=\"column-count: 2;\">\n<li>Excursion d'une journ\u00e9e en bateau sur le th\u00e8me des pirates, avec musique et spectacles en direct<\/li>\n<li>La dur\u00e9e de la visite est d'environ 5-6 heures<\/li>\n<li>Le d\u00e9jeuner et les boissons non alcoolis\u00e9es sont inclus et servis \u00e0 bord.<\/li>\n<li>Le bateau offre \u00e0 la fois des places assises ombrag\u00e9es et des ponts ouverts pour les bains de soleil.<\/li>\n<li>Visite familiale adapt\u00e9e aux enfants et aux adultes<\/li>\n<li>Itin\u00e9raire et la natation s'arr\u00eate peut changer en fonction de la mer et des conditions m\u00e9t\u00e9orologiques<\/li>\n<li>Si le bus est plein, ils doivent s'asseoir sur les genoux d'un tuteur ou r\u00e9server un si\u00e8ge s\u00e9par\u00e9.<\/li>\n<\/ul>\n<p>&nbsp;<\/p>\n<\/div>\n<p>&nbsp;<\/p>\n<hr \/>\n<p>&nbsp;<\/p>\n<div class=\"tour-content-add-information\">\n<h4>Des Informations Suppl\u00e9mentaires<\/h4>\n<ul>\n<li>Dur\u00e9e de la visite: 5-6 heures<\/li>\n<li>Le bateau est \u00e0 la fois ombrag\u00e9 et bronzer zones<\/li>\n<li>Les enfants fr\u00e9quentant du libre arbitre de ne pas avoir un si\u00e8ge dans le bus. Si le bus est plein, ils doivent s'asseoir sur un gardien de la tour, ou un autre si\u00e8ge doit \u00eatre achet\u00e9es lors de la r\u00e9servation.<\/li>\n<\/ul>\n<p>&nbsp;<\/p>\n<\/div>\n<hr \/>\n<p>&nbsp;<\/p>\n<div class=\"tour-content-cancell-policy\">\n<p><strong>Ce qu'il faut Apporter<\/strong><\/p>\n<ul style=\"column-count: 2;\">\n<li>De la cr\u00e8me solaire &amp; lunettes de soleil <img decoding=\"async\" class=\"emoji\" role=\"img\" draggable=\"false\" src=\"https:\/\/s.w.org\/images\/core\/emoji\/17.0.2\/svg\/1f576.svg\" alt=\"\ud83d\udd76\ufe0f\" \/><\/li>\n<li>Chapeau ou une casquette <img decoding=\"async\" class=\"emoji\" role=\"img\" draggable=\"false\" src=\"https:\/\/s.w.org\/images\/core\/emoji\/17.0.2\/svg\/1f9e2.svg\" alt=\"\ud83e\udde2\" \/><\/li>\n<li>Maillots de bain et serviette <img decoding=\"async\" class=\"emoji\" role=\"img\" draggable=\"false\" src=\"https:\/\/s.w.org\/images\/core\/emoji\/17.0.2\/svg\/1fa71.svg\" alt=\"\ud83e\ude71\" \/><\/li>\n<li>Imperm\u00e9able de cas de t\u00e9l\u00e9phone ou d'appareil photo \ud83d\udcf1<\/li>\n<li>De l'argent pour des souvenirs ou des extras <img decoding=\"async\" class=\"emoji\" role=\"img\" draggable=\"false\" src=\"https:\/\/s.w.org\/images\/core\/emoji\/17.0.2\/svg\/1f4b3.svg\" alt=\"\ud83d\udcb3\" \/><\/li>\n<\/ul>\n<\/div>","protected":false},"excerpt":{"rendered":"<p>Pr\u00e9parez-vous pour une journ\u00e9e inoubliable sur la mer avec le Gonster de Bateau de Pirate Tour \u2014 le parfait m\u00e9lange d'excitation, de la nature et de d\u00e9tente de la M\u00e9diterran\u00e9e vibes.<br \/>\nVotre voyage commence \u00e0 <\/p>","protected":false},"featured_media":14172,"comment_status":"open","ping_status":"closed","template":"","meta":[],"product_brand":[],"product_cat":[15],"product_tag":[],"class_list":{"0":"post-14171","1":"product","2":"type-product","3":"status-publish","4":"has-post-thumbnail","6":"tour_phys-tours","7":"product_cat-non-classe","8":"pa_activity-pirate-boat-tours","9":"pa_destination-antalya","11":"first","12":"instock","13":"shipping-taxable","14":"purchasable","15":"product-type-tour_phys"},"_links":{"self":[{"href":"https:\/\/vetatourism.com\/fr\/wp-json\/wp\/v2\/product\/14171","targetHints":{"allow":["GET"]}}],"collection":[{"href":"https:\/\/vetatourism.com\/fr\/wp-json\/wp\/v2\/product"}],"about":[{"href":"https:\/\/vetatourism.com\/fr\/wp-json\/wp\/v2\/types\/product"}],"replies":[{"embeddable":true,"href":"https:\/\/vetatourism.com\/fr\/wp-json\/wp\/v2\/comments?post=14171"}],"wp:featuredmedia":[{"embeddable":true,"href":"https:\/\/vetatourism.com\/fr\/wp-json\/wp\/v2\/media\/14172"}],"wp:attachment":[{"href":"https:\/\/vetatourism.com\/fr\/wp-json\/wp\/v2\/media?parent=14171"}],"wp:term":[{"taxonomy":"product_brand","embeddable":true,"href":"https:\/\/vetatourism.com\/fr\/wp-json\/wp\/v2\/product_brand?post=14171"},{"taxonomy":"product_cat","embeddable":true,"href":"https:\/\/vetatourism.com\/fr\/wp-json\/wp\/v2\/product_cat?post=14171"},{"taxonomy":"product_tag","embeddable":true,"href":"https:\/\/vetatourism.com\/fr\/wp-json\/wp\/v2\/product_tag?post=14171"}],"curies":[{"name":"wp","href":"https:\/\/api.w.org\/{rel}","templated":true}]}}