{"id":14160,"date":"2026-02-01T08:47:15","date_gmt":"2026-02-01T08:47:15","guid":{"rendered":"https:\/\/vetatourism.com\/?post_type=product&#038;p=14160"},"modified":"2026-04-08T17:48:38","modified_gmt":"2026-04-08T17:48:38","slug":"pirate-boat-trip-red-dragon-from-antalya-with-lunch","status":"publish","type":"product","link":"https:\/\/vetatourism.com\/tours\/pirate-boat-trip-red-dragon-from-antalya-with-lunch","title":{"rendered":"Pirate Excursion En Bateau Dragon Rouge \u00c0 Partir De Antalya Avec D\u00e9jeuner"},"content":{"rendered":"<p class=\"\" data-start=\"259\" data-end=\"526\">La voile dans une journ\u00e9e parfaite avec le <strong data-start=\"292\" data-end=\"321\">Kemer pirate Boat Tour<\/strong>o\u00f9 le bleu \u00e9tincelant de la mer r\u00e9pond \u00e0 la d\u00e9tente, d'amusement et de merveilles naturelles. Si vous \u00eates un bain de soleil sur la grande terrasse, la baignade dans des eaux cristallines, ou d'explorer des criques cach\u00e9es, cette visite a tous.<\/p>\n<p class=\"\" data-start=\"528\" data-end=\"757\">Votre voyage commence \u00e0 <strong data-start=\"551\" data-end=\"567\">Kemer Marina<\/strong>, where you\u2019ll board a pirate boat equipped for comfort and style. The boat will cruise along the scenic coastline, stopping at <strong data-start=\"700\" data-end=\"727\">trois baies \u00e0 couper le souffle<\/strong> pour la natation et de l'exploration:<\/p>\n<ul>\n<li data-start=\"761\" data-end=\"943\">\ud83c\udfdb\ufe0f <strong data-start=\"765\" data-end=\"781\">Phaselis Bay<\/strong>: Nager pr\u00e8s des ruines antiques de la ville Lycienne de Phaselis. Ce lieu unique combine l'histoire et de la nature, entour\u00e9 par les pins et les eaux calmes et claires.<\/li>\n<li data-start=\"946\" data-end=\"1081\"><strong>\ud83c\udfdd\ufe0f Le Ciel De La Baie<\/strong>: Un paradis isol\u00e9 connu pour son bleu profond de la mer et de la beaut\u00e9 intacte \u2014 parfait pour un s\u00e9jour paisible nager.<\/li>\n<li data-start=\"1084\" data-end=\"1229\">\ud83c\udf0a <strong data-start=\"1087\" data-end=\"1119\">Moonlight Bay<\/strong>: Un endroit de pr\u00e9dilection, pr\u00e8s de Kemer avec une ambiance d\u00e9tendue, id\u00e9ale pour la baignade, les bains de soleil, et de prendre des photos \u00e9tonnantes.<\/li>\n<li data-start=\"1232\" data-end=\"1420\">\ud83c\udff4\u2620\ufe0f <strong data-start=\"1238\" data-end=\"1271\">Pirate Cave<\/strong>: Croisi\u00e8re pass\u00e9 cette myst\u00e9rieuse grotte de la mer, o\u00f9 le pirate legends r\u00e9sonnent encore. Une excellente occasion de faire des photos avec les spectaculaires formations rocheuses et de l'eau d'un bleu profond.<\/li>\n<\/ul>\n<p class=\"\" data-start=\"1422\" data-end=\"1692\">Pendant que vous profitez de la beaut\u00e9 du paysage, l'\u00e9quipage va garder la bonne ambiance va avec la musique et l'option de divertissement. Il y aura du temps pour profiter de <strong data-start=\"1564\" data-end=\"1581\">d\u00e9jeuner \u00e0 bord<\/strong> (selon votre forfait), ainsi que de nombreuses possibilit\u00e9s pour se d\u00e9tendre, prendre le soleil, ou tout simplement profiter de la vue.<\/p>\n<p class=\"\" data-start=\"1694\" data-end=\"1818\">Perfect for couples, groups, families, or solo travelers \u2014 this pirate boat is one of the most enjoyable day tours.<\/p>\n<p>&nbsp;<\/p>\n<hr \/>\n<p>&nbsp;<\/p>\n<div class=\"tour-content-what-included\">\n<h4 id=\"whats-included\">Ce qui est Inclus<\/h4>\n<ul style=\"column-count: 2;\">\n<li>Full-day pirate boat tour departing from Kemer Marina<\/li>\n<li>Moderne et spacieux catamaran avec l'ombre et les bains de soleil domaines<\/li>\n<li>Plusieurs de natation s'arr\u00eate en clair, les baies aux eaux turquoises<\/li>\n<li>Atmosph\u00e8re de d\u00e9tente avec la lumi\u00e8re de la musique \u00e0 bord<\/li>\n<li>Itin\u00e9raire et la natation s'arr\u00eate peut changer en fonction de la mer et des conditions m\u00e9t\u00e9orologiques<\/li>\n<li>Adapt\u00e9 pour les couples, les familles, les groupes et les voyageurs en solo<\/li>\n<\/ul>\n<p>&nbsp;<\/p>\n<\/div>\n<hr \/>\n<div class=\"tour-content-add-information\">\n<h4>Des Informations Suppl\u00e9mentaires<\/h4>\n<ul>\n<li>Dur\u00e9e de la visite: 5-6 heures<\/li>\n<li>the pirate boat has both shaded and sunbathing areas<\/li>\n<li>Les enfants fr\u00e9quentant du libre arbitre de ne pas avoir un si\u00e8ge dans le bus. Si le bus est plein, ils doivent s'asseoir sur un gardien de la tour, ou un autre si\u00e8ge doit \u00eatre achet\u00e9es lors de la r\u00e9servation.<\/li>\n<\/ul>\n<p>&nbsp;<\/p>\n<\/div>\n<hr \/>\n<p>&nbsp;<\/p>\n<div class=\"tour-content-cancell-policy\">\n<p><strong>Ce qu'il faut Apporter<\/strong><\/p>\n<ul style=\"column-count: 2;\">\n<li>De la cr\u00e8me solaire &amp; lunettes de soleil <img decoding=\"async\" class=\"emoji\" role=\"img\" draggable=\"false\" src=\"https:\/\/s.w.org\/images\/core\/emoji\/17.0.2\/svg\/1f576.svg\" alt=\"\ud83d\udd76\ufe0f\" \/><\/li>\n<li>Chapeau ou une casquette <img decoding=\"async\" class=\"emoji\" role=\"img\" draggable=\"false\" src=\"https:\/\/s.w.org\/images\/core\/emoji\/17.0.2\/svg\/1f9e2.svg\" alt=\"\ud83e\udde2\" \/><\/li>\n<li>Maillots de bain et serviette <img decoding=\"async\" class=\"emoji\" role=\"img\" draggable=\"false\" src=\"https:\/\/s.w.org\/images\/core\/emoji\/17.0.2\/svg\/1fa71.svg\" alt=\"\ud83e\ude71\" \/><\/li>\n<li>Imperm\u00e9able de cas de t\u00e9l\u00e9phone ou d'appareil photo \ud83d\udcf1<\/li>\n<li>De l'argent pour des souvenirs ou des extras <img decoding=\"async\" class=\"emoji\" role=\"img\" draggable=\"false\" src=\"https:\/\/s.w.org\/images\/core\/emoji\/17.0.2\/svg\/1f4b3.svg\" alt=\"\ud83d\udcb3\" \/><\/li>\n<\/ul>\n<\/div>","protected":false},"excerpt":{"rendered":"<p>Sail into a perfect day with the Kemer pirate Boat Tour, where the sparkling blue sea meets relaxation, fun, and natural wonders. Whether you\u2019re sunbathing on the spacious deck, swimming <\/p>","protected":false},"featured_media":16565,"comment_status":"open","ping_status":"closed","template":"","meta":[],"product_brand":[],"product_cat":[],"product_tag":[],"class_list":{"0":"post-14160","1":"product","2":"type-product","3":"status-publish","4":"has-post-thumbnail","6":"tour_phys-tours","7":"pa_activity-pirate-boat-tours","8":"pa_destination-antalya","10":"first","11":"instock","12":"shipping-taxable","13":"purchasable","14":"product-type-tour_phys"},"_links":{"self":[{"href":"https:\/\/vetatourism.com\/fr\/wp-json\/wp\/v2\/product\/14160","targetHints":{"allow":["GET"]}}],"collection":[{"href":"https:\/\/vetatourism.com\/fr\/wp-json\/wp\/v2\/product"}],"about":[{"href":"https:\/\/vetatourism.com\/fr\/wp-json\/wp\/v2\/types\/product"}],"replies":[{"embeddable":true,"href":"https:\/\/vetatourism.com\/fr\/wp-json\/wp\/v2\/comments?post=14160"}],"wp:featuredmedia":[{"embeddable":true,"href":"https:\/\/vetatourism.com\/fr\/wp-json\/wp\/v2\/media\/16565"}],"wp:attachment":[{"href":"https:\/\/vetatourism.com\/fr\/wp-json\/wp\/v2\/media?parent=14160"}],"wp:term":[{"taxonomy":"product_brand","embeddable":true,"href":"https:\/\/vetatourism.com\/fr\/wp-json\/wp\/v2\/product_brand?post=14160"},{"taxonomy":"product_cat","embeddable":true,"href":"https:\/\/vetatourism.com\/fr\/wp-json\/wp\/v2\/product_cat?post=14160"},{"taxonomy":"product_tag","embeddable":true,"href":"https:\/\/vetatourism.com\/fr\/wp-json\/wp\/v2\/product_tag?post=14160"}],"curies":[{"name":"wp","href":"https:\/\/api.w.org\/{rel}","templated":true}]}}