{"id":14138,"date":"2026-02-01T07:42:08","date_gmt":"2026-02-01T07:42:08","guid":{"rendered":"https:\/\/vetatourism.com\/?post_type=product&#038;p=14138"},"modified":"2026-02-27T06:12:09","modified_gmt":"2026-02-27T06:12:09","slug":"antalya-city-tour-from-kemer-old-town-waterfalls","status":"publish","type":"product","link":"https:\/\/vetatourism.com\/tours\/antalya-city-tour-from-kemer-old-town-waterfalls","title":{"rendered":"Antalya Visite De La Ville De Kemer \u2013 La Vieille Ville Et De Cascades"},"content":{"rendered":"<p data-start=\"328\" data-end=\"697\">D\u00e9couvrez le meilleur de la <strong data-start=\"354\" data-end=\"395\"><span class=\"hover:entity-accent entity-underline inline cursor-pointer align-baseline\"><span class=\"whitespace-normal\">Antalya<\/span><\/span><\/strong> sur cette inoubliable visite guid\u00e9e d'une journ\u00e9e qui se marie parfaitement l'histoire, de la nature et de la d\u00e9tente. \u00c0 partir d'anciennes rues et les chutes d'eau d'un bateau panoramique le long de la c\u00f4te M\u00e9diterran\u00e9enne, cette exp\u00e9rience est con\u00e7ue pour vous montrer Antalya sites les plus embl\u00e9matiques \u2014 le tout parfaitement planifi\u00e9 jour.<\/p>\n<p data-start=\"699\" data-end=\"1136\">Votre voyage commence par un confortable h\u00f4tel climatis\u00e9 de ramassage, avant de vous diriger vers le c\u0153ur de la ville. Se promener \u00e0 travers <strong data-start=\"826\" data-end=\"867\"><span class=\"hover:entity-accent entity-underline inline cursor-pointer align-baseline\"><span class=\"whitespace-normal\">Kalei\u00e7i<\/span><\/span><\/strong>, Antalya, la charmante Vieille Ville, o\u00f9 Romain, Byzantin et Ottoman, l'histoire vivante. Promenade des points d'int\u00e9r\u00eat tels que la Porte d'Hadrien, le Minaret Yivli, et la Tour de l'Horloge, et profiter du temps libre pour explorer les boutiques, les mus\u00e9es, ou les caf\u00e9s cosy nich\u00e9 le long de ses rues pav\u00e9es.<\/p>\n<p data-start=\"1138\" data-end=\"1398\">Ensuite, d\u00e9tendez-vous sur un scenic 1 heure de balade en bateau au d\u00e9part du quartier historique du Vieux Port. Croisi\u00e8re le long de la spectaculaire c\u00f4te et admirer de superbes vues sur les falaises, des eaux turquoise et la Mer M\u00e9diterran\u00e9e \u2014 un parfait moment de d\u00e9tente et de capture d'inoubliables photos.<\/p>\n<p>&nbsp;<\/p>\n<hr \/>\n<p>&nbsp;<\/p>\n<div class=\"tour-content-what-included\">\n<h4 id=\"whats-included\">Ce qui est Inclus<\/h4>\n<ul style=\"column-count: 2;\">\n<li>H\u00f4tel de ramassage en v\u00e9hicule climatis\u00e9<\/li>\n<li>Explorer la Vieille Ville (Kalei\u00e7i) &amp; monuments historiques<\/li>\n<li>1 heure de visite touristique en bateau depuis le Vieux Port<\/li>\n<li>Turc traditionnel d\u00e9jeuner au restaurant local<\/li>\n<li>Visiter Le Haut Et Le Bas, Les Cascades De D\u00fcden<\/li>\n<li>S'arr\u00eater au local de l'atelier de l'orf\u00e8vre<\/li>\n<li>Transfert retour \u00e0 l'h\u00f4tel<\/li>\n<\/ul>\n<\/div>\n<p>&nbsp;<\/p>\n<hr \/>\n<p>&nbsp;<\/p>\n<div class=\"tour-content-add-information\">\n<h4>Des Informations Suppl\u00e9mentaires<\/h4>\n<ul>\n<li>La vue Voyant Voyage en Bateau: Nous avons une heure de la vue voyant excursion en bateau \u00e0 partir de Antalya old town harbour.<\/li>\n<li>L'itin\u00e9raire peut varier en fonction de la foule des niveaux et de la m\u00e9t\u00e9o pour la meilleure exp\u00e9rience.<\/li>\n<li>Pas adapt\u00e9 pour les personnes en fauteuil roulant.<\/li>\n<li>Les enfants (billets gratuits) n'aura pas de s\u00e9parer les si\u00e8ges du bus. Si un si\u00e8ge est n\u00e9cessaire, un enfant d'un billet doit \u00eatre achet\u00e9.<\/li>\n<\/ul>\n<p>&nbsp;<\/p>\n<\/div>\n<hr \/>\n<p>&nbsp;<\/p>\n<div class=\"tour-content-cancell-policy\">\n<p><strong>Ce qu'il faut Apporter<\/strong><\/p>\n<ul style=\"column-count: 2;\">\n<li>Des chaussures de marche confortables \ud83d\udc5f<\/li>\n<li>Lunettes de soleil &amp; chapeau de soleil \ud83d\udd76\ufe0f<\/li>\n<li>De la cr\u00e8me solaire \ud83e\uddf4<\/li>\n<li>Des v\u00eatements confortables \ud83d\udc55<\/li>\n<li>De tr\u00e9sorerie pour les suppl\u00e9ments en option <img decoding=\"async\" class=\"emoji\" role=\"img\" draggable=\"false\" src=\"https:\/\/s.w.org\/images\/core\/emoji\/17.0.2\/svg\/1f4b3.svg\" alt=\"\ud83d\udcb3\" \/><\/li>\n<\/ul>\n<\/div>","protected":false},"excerpt":{"rendered":"<p>Discover the very best of Antalya on this unforgettable full-day guided tour that perfectly blends history, nature, and relaxation. From ancient streets and cascading waterfalls to a scenic boat trip <\/p>","protected":false},"featured_media":15814,"comment_status":"open","ping_status":"closed","template":"","meta":[],"product_brand":[],"product_cat":[15],"product_tag":[],"class_list":{"0":"post-14138","1":"product","2":"type-product","3":"status-publish","4":"has-post-thumbnail","6":"tour_phys-tours","7":"product_cat-non-classe","8":"pa_destination-kemer","10":"first","11":"instock","12":"shipping-taxable","13":"purchasable","14":"product-type-tour_phys"},"_links":{"self":[{"href":"https:\/\/vetatourism.com\/fr\/wp-json\/wp\/v2\/product\/14138","targetHints":{"allow":["GET"]}}],"collection":[{"href":"https:\/\/vetatourism.com\/fr\/wp-json\/wp\/v2\/product"}],"about":[{"href":"https:\/\/vetatourism.com\/fr\/wp-json\/wp\/v2\/types\/product"}],"replies":[{"embeddable":true,"href":"https:\/\/vetatourism.com\/fr\/wp-json\/wp\/v2\/comments?post=14138"}],"wp:featuredmedia":[{"embeddable":true,"href":"https:\/\/vetatourism.com\/fr\/wp-json\/wp\/v2\/media\/15814"}],"wp:attachment":[{"href":"https:\/\/vetatourism.com\/fr\/wp-json\/wp\/v2\/media?parent=14138"}],"wp:term":[{"taxonomy":"product_brand","embeddable":true,"href":"https:\/\/vetatourism.com\/fr\/wp-json\/wp\/v2\/product_brand?post=14138"},{"taxonomy":"product_cat","embeddable":true,"href":"https:\/\/vetatourism.com\/fr\/wp-json\/wp\/v2\/product_cat?post=14138"},{"taxonomy":"product_tag","embeddable":true,"href":"https:\/\/vetatourism.com\/fr\/wp-json\/wp\/v2\/product_tag?post=14138"}],"curies":[{"name":"wp","href":"https:\/\/api.w.org\/{rel}","templated":true}]}}