{"id":14137,"date":"2026-02-01T07:26:10","date_gmt":"2026-02-01T07:26:10","guid":{"rendered":"https:\/\/vetatourism.com\/?post_type=product&#038;p=14137"},"modified":"2026-02-27T06:12:20","modified_gmt":"2026-02-27T06:12:20","slug":"suluada-island-sunset-boat-trip-from-antalya-with-dinner","status":"publish","type":"product","link":"https:\/\/vetatourism.com\/tours\/suluada-island-sunset-boat-trip-from-antalya-with-dinner","title":{"rendered":"Suluada \u00cele Coucher de soleil en Bateau depuis Antalya avec D\u00eener"},"content":{"rendered":"<p>Votre voyage commence avec un confortable de transfert \u00e0 partir de Antalya \u00e0 Adrasan. De Adrasan, nous avons mis les voiles pour Suluada, souvent appel\u00e9 les Maldives de la M\u00e9diterran\u00e9e en raison de ses plages de sable blanc et d'eaux turquoise.<\/p>\n<p>Tout au long de la journ\u00e9e, vous pourrez:<\/p>\n<ul>\n<li>Nager dans des baies<\/li>\n<li>Profitez de la paix et de la tranquillit\u00e9 de la mer<\/li>\n<li>Capture de superbes couchers de soleil<\/li>\n<li>\u201cComme le soleil se couche sur la mer turquoise, profitez d'un d\u00eener romantique \u00e0 bord, entour\u00e9 par la magie des couleurs de la M\u00e9diterran\u00e9e twilight\u201d.<br \/>\nCe tour est parfait pour les amoureux de la nature, les couples et les amateurs de photographie.<\/li>\n<\/ul>\n<p>&nbsp;<\/p>\n<hr \/>\n<p>&nbsp;<\/p>\n<div class=\"tour-content-what-included\">\n<h4 id=\"whats-included\">Ce qui est Inclus<\/h4>\n<ul style=\"column-count: 2;\">\n<li>Le coucher du soleil, excursion en bateau avec le transfert \u00e0 partir de Antalya \u00e0 Adrasan<\/li>\n<li>Croisi\u00e8re \u00e0 Suluada avec piscine s'arr\u00eate en clair baies<\/li>\n<li>D\u00eener romantique servi \u00e0 bord au coucher du soleil<\/li>\n<li>Atmosph\u00e8re calme et paisible tout au long de la tourn\u00e9e<\/li>\n<li>L'itin\u00e9raire et les horaires peuvent changer en fonction de la mer et des conditions m\u00e9t\u00e9orologiques<\/li>\n<\/ul>\n<\/div>\n<p>&nbsp;<\/p>\n<hr \/>\n<p>&nbsp;<\/p>\n<div class=\"tour-content-add-information\">\n<h4>Des Informations Suppl\u00e9mentaires<\/h4>\n<ul>\n<li>C'est un coucher de soleil, excursion en bateau avec transfert aller-retour \u00e0 partir de Antalya \u00e0 Adrasan<\/li>\n<li>Piscine arr\u00eats sont soumis \u00e0 la mer et des conditions m\u00e9t\u00e9orologiques<\/li>\n<li>Le d\u00eener est servi \u00e0 bord pendant le coucher du soleil, offrant un cadre romantique et de d\u00e9tente<\/li>\n<li>Id\u00e9al pour les couples, les amoureux de la nature, et les amateurs de photographie<\/li>\n<li>La Route, le calendrier et la dur\u00e9e peut varier en fonction de la mer et des conditions m\u00e9t\u00e9orologiques<\/li>\n<\/ul>\n<p>&nbsp;<\/p>\n<hr \/>\n<p>&nbsp;<\/p>\n<div class=\"tour-content-cancell-policy\">\n<p><strong>Ce qu'il faut Apporter<\/strong><\/p>\n<ul style=\"column-count: 2;\">\n<li>Maillot de bain et serviettes de<img decoding=\"async\" class=\"emoji\" role=\"img\" draggable=\"false\" src=\"https:\/\/s.w.org\/images\/core\/emoji\/17.0.2\/svg\/1fa71.svg\" alt=\"\ud83e\ude71\" \/><\/li>\n<li>Lunettes de soleil &amp; de la cr\u00e8me solaire \ud83d\udd76\ufe0f<\/li>\n<li>De l'argent pour les d\u00e9penses personnelles\u00a0<img decoding=\"async\" class=\"emoji\" role=\"img\" draggable=\"false\" src=\"https:\/\/s.w.org\/images\/core\/emoji\/17.0.2\/svg\/1f4b3.svg\" alt=\"\ud83d\udcb3\" \/><\/li>\n<\/ul>\n<\/div>\n<\/div>","protected":false},"excerpt":{"rendered":"<p>Your journey begins with a comfortable transfer from Antalya to Adrasan. From Adrasan, we set sail to Suluada, often called the Maldives of the Mediterranean due to its white sands <\/p>","protected":false},"featured_media":14129,"comment_status":"open","ping_status":"closed","template":"","meta":[],"product_brand":[],"product_cat":[15],"product_tag":[],"class_list":{"0":"post-14137","1":"product","2":"type-product","3":"status-publish","4":"has-post-thumbnail","6":"tour_phys-tours","7":"product_cat-non-classe","8":"pa_destination-kemer","10":"first","11":"instock","12":"shipping-taxable","13":"purchasable","14":"product-type-tour_phys"},"_links":{"self":[{"href":"https:\/\/vetatourism.com\/fr\/wp-json\/wp\/v2\/product\/14137","targetHints":{"allow":["GET"]}}],"collection":[{"href":"https:\/\/vetatourism.com\/fr\/wp-json\/wp\/v2\/product"}],"about":[{"href":"https:\/\/vetatourism.com\/fr\/wp-json\/wp\/v2\/types\/product"}],"replies":[{"embeddable":true,"href":"https:\/\/vetatourism.com\/fr\/wp-json\/wp\/v2\/comments?post=14137"}],"wp:featuredmedia":[{"embeddable":true,"href":"https:\/\/vetatourism.com\/fr\/wp-json\/wp\/v2\/media\/14129"}],"wp:attachment":[{"href":"https:\/\/vetatourism.com\/fr\/wp-json\/wp\/v2\/media?parent=14137"}],"wp:term":[{"taxonomy":"product_brand","embeddable":true,"href":"https:\/\/vetatourism.com\/fr\/wp-json\/wp\/v2\/product_brand?post=14137"},{"taxonomy":"product_cat","embeddable":true,"href":"https:\/\/vetatourism.com\/fr\/wp-json\/wp\/v2\/product_cat?post=14137"},{"taxonomy":"product_tag","embeddable":true,"href":"https:\/\/vetatourism.com\/fr\/wp-json\/wp\/v2\/product_tag?post=14137"}],"curies":[{"name":"wp","href":"https:\/\/api.w.org\/{rel}","templated":true}]}}