{"id":14128,"date":"2026-02-01T07:19:26","date_gmt":"2026-02-01T07:19:26","guid":{"rendered":"https:\/\/vetatourism.com\/?post_type=product&#038;p=14128"},"modified":"2026-02-27T06:12:44","modified_gmt":"2026-02-27T06:12:44","slug":"kemer-suluada-island-sunset-boat-trip-tour-with-dinner","status":"publish","type":"product","link":"https:\/\/vetatourism.com\/tours\/kemer-suluada-island-sunset-boat-trip-tour-with-dinner","title":{"rendered":"Kemer: Suluada \u00cele En Bateau Au Coucher Du Soleil Voyage Tour Avec D\u00eener"},"content":{"rendered":"<p>Votre voyage commence par un <strong>confortable transfert de Kemer \u00e0 Adrasan<\/strong>. De Adrasan, nous avons mis les voiles pour <strong>Suluada<\/strong>souvent appel\u00e9 <em>les Maldives de la M\u00e9diterran\u00e9e<\/em> en raison de ses plages de sable blanc et d'eaux turquoise.<\/p>\n<p>Tout au long de la journ\u00e9e, vous pourrez:<\/p>\n<ul>\n<li>Nager dans des baies<\/li>\n<li>Profitez de la paix et de la tranquillit\u00e9 de la mer<\/li>\n<li>Capture de superbes couchers de soleil<\/li>\n<li>\u201cComme le soleil se couche sur la mer turquoise, profitez d'un d\u00eener romantique \u00e0 bord, entour\u00e9 par la magie des couleurs de la M\u00e9diterran\u00e9e twilight\u201d.<\/li>\n<li>Ce tour est parfait pour <strong>les amoureux de la nature, les couples et les amateurs de photographie<\/strong>.<\/li>\n<\/ul>\n<div class=\"tour-content-add-information\">\n<p>&nbsp;<\/p>\n<hr \/>\n<p>&nbsp;<\/p>\n<div class=\"tour-content-what-included\">\n<h4 id=\"whats-included\">Ce qui est Inclus<\/h4>\n<ul style=\"column-count: 2;\">\n<li>Le coucher du soleil, excursion en bateau avec le transfert de Kemer \u00e0 Adrasan<\/li>\n<li>Croisi\u00e8re \u00e0 Suluada avec piscine s'arr\u00eate dans le calme des baies<\/li>\n<li>D\u00eener romantique servi \u00e0 bord pendant le coucher du soleil<\/li>\n<li>Atmosph\u00e8re paisible et relaxante, id\u00e9ale pour les couples<\/li>\n<li>Itin\u00e9raire et le calendrier peut varier en fonction de la mer et des conditions m\u00e9t\u00e9orologiques<\/li>\n<\/ul>\n<\/div>\n<p>&nbsp;<\/p>\n<\/div>\n<hr \/>\n<p>&nbsp;<\/p>\n<div class=\"tour-content-add-information\">\n<h4>Des Informations Suppl\u00e9mentaires<\/h4>\n<ul>\n<li>C'est un coucher de soleil, excursion en bateau avec le transfert de Kemer \u00e0 Adrasan inclus<\/li>\n<li>Piscine arr\u00eats de la m\u00e9t\u00e9o et de la mer-condition d\u00e9pendante<\/li>\n<li>Le d\u00eener est servi \u00e0 bord pendant le coucher du soleil, de la cr\u00e9ation d'une atmosph\u00e8re romantique<\/li>\n<li>Le tour est id\u00e9al pour les couples, les amoureux de la nature, et les amateurs de photographie<\/li>\n<li>Itin\u00e9raire et le calendrier peut varier en fonction de la mer et des conditions m\u00e9t\u00e9orologiques<\/li>\n<\/ul>\n<p>&nbsp;<\/p>\n<\/div>\n<hr \/>\n<p>&nbsp;<\/p>\n<div class=\"tour-content-cancell-policy\">\n<p><strong>Ce qu'il faut Apporter<\/strong><\/p>\n<ul style=\"column-count: 2;\">\n<li>Maillot de bain et serviettes de<img decoding=\"async\" class=\"emoji\" role=\"img\" draggable=\"false\" src=\"https:\/\/s.w.org\/images\/core\/emoji\/17.0.2\/svg\/1fa71.svg\" alt=\"\ud83e\ude71\" \/><\/li>\n<li>Lunettes de soleil &amp; de la cr\u00e8me solaire \ud83d\udd76\ufe0f<\/li>\n<li>De l'argent pour les d\u00e9penses personnelles\u00a0<img decoding=\"async\" class=\"emoji\" role=\"img\" draggable=\"false\" src=\"https:\/\/s.w.org\/images\/core\/emoji\/17.0.2\/svg\/1f4b3.svg\" alt=\"\ud83d\udcb3\" \/><\/li>\n<\/ul>\n<\/div>","protected":false},"excerpt":{"rendered":"<p>Your journey begins with a comfortable transfer from Kemer to Adrasan. From Adrasan, we set sail to Suluada, often called the Maldives of the Mediterranean due to its white sands <\/p>","protected":false},"featured_media":14129,"comment_status":"open","ping_status":"closed","template":"","meta":[],"product_brand":[],"product_cat":[],"product_tag":[],"class_list":{"0":"post-14128","1":"product","2":"type-product","3":"status-publish","4":"has-post-thumbnail","6":"tour_phys-tours","7":"pa_destination-kemer","9":"first","10":"instock","11":"shipping-taxable","12":"purchasable","13":"product-type-tour_phys"},"_links":{"self":[{"href":"https:\/\/vetatourism.com\/fr\/wp-json\/wp\/v2\/product\/14128","targetHints":{"allow":["GET"]}}],"collection":[{"href":"https:\/\/vetatourism.com\/fr\/wp-json\/wp\/v2\/product"}],"about":[{"href":"https:\/\/vetatourism.com\/fr\/wp-json\/wp\/v2\/types\/product"}],"replies":[{"embeddable":true,"href":"https:\/\/vetatourism.com\/fr\/wp-json\/wp\/v2\/comments?post=14128"}],"wp:featuredmedia":[{"embeddable":true,"href":"https:\/\/vetatourism.com\/fr\/wp-json\/wp\/v2\/media\/14129"}],"wp:attachment":[{"href":"https:\/\/vetatourism.com\/fr\/wp-json\/wp\/v2\/media?parent=14128"}],"wp:term":[{"taxonomy":"product_brand","embeddable":true,"href":"https:\/\/vetatourism.com\/fr\/wp-json\/wp\/v2\/product_brand?post=14128"},{"taxonomy":"product_cat","embeddable":true,"href":"https:\/\/vetatourism.com\/fr\/wp-json\/wp\/v2\/product_cat?post=14128"},{"taxonomy":"product_tag","embeddable":true,"href":"https:\/\/vetatourism.com\/fr\/wp-json\/wp\/v2\/product_tag?post=14128"}],"curies":[{"name":"wp","href":"https:\/\/api.w.org\/{rel}","templated":true}]}}