{"id":14119,"date":"2026-02-01T07:14:28","date_gmt":"2026-02-01T07:14:28","guid":{"rendered":"https:\/\/vetatourism.com\/?post_type=product&#038;p=14119"},"modified":"2026-04-08T19:41:44","modified_gmt":"2026-04-08T19:41:44","slug":"olympos-teleferik-cable-car-to-tahtali-mountain-2365m-from-kemer","status":"publish","type":"product","link":"https:\/\/vetatourism.com\/tours\/olympos-teleferik-cable-car-to-tahtali-mountain-2365m-from-kemer","title":{"rendered":"Olympos Teleferik t\u00e9l\u00e9ph\u00e9rique pour Tahtal\u0131 Montagne (2365m) de Kemer"},"content":{"rendered":"<p>Pr\u00e9parez-vous pour une superbe aventure en montagne avec la Tahtal\u0131 t\u00e9l\u00e9ph\u00e9rique de la Montagne de Tourn\u00e9e. Apr\u00e8s le ramassage \u00e0 votre h\u00f4tel, profitez d'un confort de route \u00e0 travers la pittoresque Beyda\u011flar\u0131 Parc National. \u00c0 l'arriv\u00e9e \u00e0 l'inf\u00e9rieur de la station de t\u00e9l\u00e9ph\u00e9rique, \u00e0 bord d'un moderne cabine pour 10 \u00e0 12 minutes d'ascension vers le sommet.<\/p>\n<p>Comme vous vous levez \u00e0 2,365 m\u00e8tres, admirez la vue spectaculaire sur les montagnes couvertes de pins et de turquoise littoral ci-dessous. Au sommet, vous aurez environ une heure de temps libre pour profiter de l'air frais de la montagne, visiter les plates-formes d'observation, de prendre des photos, parcourir les boutiques de souvenirs, ou vous d\u00e9tendre au sommet de caf\u00e9.<\/p>\n<p>Apr\u00e8s votre temps en haut, descendre en t\u00e9l\u00e9ph\u00e9rique et retour \u00e0 votre h\u00f4tel avec des souvenirs inoubliables et des photos \u00e0 couper le souffle au-dessus des nuages.<\/p>\n<div class=\"tour-content-what-included\"><\/div>\n<hr \/>\n<p>&nbsp;<\/p>\n<div class=\"tour-content-what-included\">\n<h4 id=\"whats-included\">Ce qui est Inclus<\/h4>\n<ul style=\"column-count: 2;\">\n<li>Cable car tour with hotel pickup from Kemer hotels<\/li>\n<li>Route panoramique \u00e0 travers Beyda\u011flar\u0131 Parc National<\/li>\n<li>Environ 10 \u00e0 12 minutes en t\u00e9l\u00e9ph\u00e9rique au sommet<\/li>\n<li>Environ 1 heure de temps libre en haut<\/li>\n<li>M\u00e9t\u00e9o \u00e0 le sommet peut \u00eatre plus frais qu'au niveau de la mer<\/li>\n<li>Children 3-11 do have a separate seat on the transfer bus<\/li>\n<\/ul>\n<\/div>\n<p>&nbsp;<\/p>\n<hr \/>\n<p>&nbsp;<\/p>\n<div class=\"tour-content-add-information\">\n<h4>Des Informations Suppl\u00e9mentaires<\/h4>\n<ul>\n<li style=\"list-style-type: none;\">\n<ul>\n<li>Babies 0-2 are for free<\/li>\n<li>Children 3-11 are extra and will\u00a0 have a separate seat on the bus. If the bus is full.<\/li>\n<\/ul>\n<\/li>\n<\/ul>\n<p>&nbsp;<\/p>\n<\/div>\n<hr \/>\n<p>&nbsp;<\/p>\n<div class=\"tour-content-cancell-policy\">\n<p><strong>Ce qu'il faut Apporter<\/strong><\/p>\n<ul style=\"column-count: 2;\">\n<li>Veste ou un pull (il peut \u00eatre plus frais au haut de page) \ud83e\udde5<\/li>\n<li>Des chaussures confortables \ud83d\udc5f<\/li>\n<li>Appareil photo ou smartphone \ud83d\udcf1<\/li>\n<li>Lunettes de soleil \ud83d\udd76\ufe0f<\/li>\n<\/ul>\n<\/div>","protected":false},"excerpt":{"rendered":"<p>Get ready for a stunning mountain adventure with the Tahtal\u0131 Mountain Cable Car Tour. After pickup from your hotel, enjoy a comfortable drive through the scenic Beyda\u011flar\u0131 National Park. Upon <\/p>","protected":false},"featured_media":14120,"comment_status":"open","ping_status":"closed","template":"","meta":[],"product_brand":[],"product_cat":[],"product_tag":[],"class_list":{"0":"post-14119","1":"product","2":"type-product","3":"status-publish","4":"has-post-thumbnail","6":"tour_phys-tours","7":"pa_destination-kemer","9":"first","10":"instock","11":"shipping-taxable","12":"purchasable","13":"product-type-tour_phys"},"_links":{"self":[{"href":"https:\/\/vetatourism.com\/fr\/wp-json\/wp\/v2\/product\/14119","targetHints":{"allow":["GET"]}}],"collection":[{"href":"https:\/\/vetatourism.com\/fr\/wp-json\/wp\/v2\/product"}],"about":[{"href":"https:\/\/vetatourism.com\/fr\/wp-json\/wp\/v2\/types\/product"}],"replies":[{"embeddable":true,"href":"https:\/\/vetatourism.com\/fr\/wp-json\/wp\/v2\/comments?post=14119"}],"wp:featuredmedia":[{"embeddable":true,"href":"https:\/\/vetatourism.com\/fr\/wp-json\/wp\/v2\/media\/14120"}],"wp:attachment":[{"href":"https:\/\/vetatourism.com\/fr\/wp-json\/wp\/v2\/media?parent=14119"}],"wp:term":[{"taxonomy":"product_brand","embeddable":true,"href":"https:\/\/vetatourism.com\/fr\/wp-json\/wp\/v2\/product_brand?post=14119"},{"taxonomy":"product_cat","embeddable":true,"href":"https:\/\/vetatourism.com\/fr\/wp-json\/wp\/v2\/product_cat?post=14119"},{"taxonomy":"product_tag","embeddable":true,"href":"https:\/\/vetatourism.com\/fr\/wp-json\/wp\/v2\/product_tag?post=14119"}],"curies":[{"name":"wp","href":"https:\/\/api.w.org\/{rel}","templated":true}]}}