{"id":14109,"date":"2026-02-01T06:58:39","date_gmt":"2026-02-01T06:58:39","guid":{"rendered":"https:\/\/vetatourism.com\/?post_type=product&#038;p=14109"},"modified":"2026-03-09T05:46:01","modified_gmt":"2026-03-09T05:46:01","slug":"olympos-teleferik-sunset-tour-with-dinner-at-2365m-from-antalya","status":"publish","type":"product","link":"https:\/\/vetatourism.com\/tours\/olympos-teleferik-sunset-tour-with-dinner-at-2365m-from-antalya","title":{"rendered":"Olympos Teleferik Coucher de soleil Tour avec D\u00eener \u00e0 2365m \u00e0 partir de Antalya"},"content":{"rendered":"<p>D\u00e9couvrez la magie d'un coucher de soleil sur la Tahtal\u0131 Coucher de soleil de C\u00e2ble Tourn\u00e9e en Voiture de Kemer. Votre voyage commence par un h\u00f4tel de ramassage et d'un lecteur pour le bas du t\u00e9l\u00e9ph\u00e9rique de la station de 726 m\u00e8tres. \u00c0 partir de l\u00e0, profitez d'un panoramique de 12 minutes sur l'une des plus longues lignes de t\u00e9l\u00e9ph\u00e9rique au sommet de Tahtal\u0131 Montagne \u00e0 2,365 m\u00e8tres.<\/p>\n<p>Au sommet, prendre des vues \u00e0 couper le souffle de la c\u00f4te M\u00e9diterran\u00e9enne et les montagnes environnantes. Comme le soleil commence \u00e0 se coucher, le ciel se remplit avec des couleurs vives\u2014la cr\u00e9ation d'un v\u00e9ritable moment inoubliable. D\u00e9tendez-vous dans l'air frais de la montagne, composant logiciel enfichable de belles photos, et de s'impr\u00e9gner de l'atmosph\u00e8re paisible.<\/p>\n<p>Profitez d'un savoureux d\u00eener accompagn\u00e9 de musique live au sommet de caf\u00e9. Apr\u00e8s le coucher du soleil et de repas, descendre en t\u00e9l\u00e9ph\u00e9rique et retour \u00e0 votre h\u00f4tel magique avec les souvenirs de cette soir\u00e9e agr\u00e9able au-dessus des nuages.<\/p>\n<div class=\"tour-content-what-included\"><\/div>\n<hr \/>\n<p>&nbsp;<\/p>\n<div class=\"tour-content-what-included\">\n<h4 id=\"whats-included\">Ce qui est Inclus<\/h4>\n<ul style=\"column-count: 2;\">\n<li>Coucher de soleil de c\u00e2ble tourn\u00e9e en voiture de l'h\u00f4tel de collecte de Kemer<\/li>\n<li>Scenic 12 minutes de trajet en t\u00e9l\u00e9ph\u00e9rique \u00e0 Tahtal\u0131 sommet de la Montagne<\/li>\n<li>D\u00eener avec musique live inclus au sommet de caf\u00e9<\/li>\n<li>Les temp\u00e9ratures plus fra\u00eeches qui sont communs au top, surtout apr\u00e8s le coucher du soleil<\/li>\n<li>Les conditions m\u00e9t\u00e9orologiques peuvent affecter la visibilit\u00e9 et le calendrier<\/li>\n<li>Les enfants fr\u00e9quentant gratuitement ne disposent pas d'un si\u00e8ge s\u00e9par\u00e9 sur le bus de transfert de<\/li>\n<\/ul>\n<\/div>\n<p>&nbsp;<\/p>\n<hr \/>\n<p>&nbsp;<\/p>\n<div class=\"tour-content-add-information\">\n<h4>Des Informations Suppl\u00e9mentaires<\/h4>\n<ul>\n<li>Les enfants fr\u00e9quentant du libre arbitre de ne pas avoir un si\u00e8ge dans le bus. Si le bus est plein, ils doivent s'asseoir sur un gardien de la tour, ou un autre si\u00e8ge doit \u00eatre achet\u00e9es lors de la r\u00e9servation.<\/li>\n<\/ul>\n<p>&nbsp;<\/p>\n<\/div>\n<hr \/>\n<p>&nbsp;<\/p>\n<div class=\"tour-content-cancell-policy\">\n<p><strong>Ce qu'il faut Apporter<\/strong><\/p>\n<ul style=\"column-count: 2;\">\n<li>Veste l\u00e9g\u00e8re (il peut faire tr\u00e8s froid en haut) \ud83e\udde5<\/li>\n<li>Des chaussures confortables \ud83d\udc5f<\/li>\n<li>Appareil photo ou smartphone \ud83d\udcf1<\/li>\n<\/ul>\n<\/div>","protected":false},"excerpt":{"rendered":"<p>Discover the magic of sunset on the Tahtal\u0131 Sunset Cable Car Tour from Kemer. Your journey begins with a hotel pickup and a drive to the lower cable car station <\/p>","protected":false},"featured_media":14110,"comment_status":"open","ping_status":"closed","template":"","meta":[],"product_brand":[],"product_cat":[15],"product_tag":[],"class_list":{"0":"post-14109","1":"product","2":"type-product","3":"status-publish","4":"has-post-thumbnail","6":"product_cat-non-classe","7":"pa_destination-antalya","9":"first","10":"instock","11":"shipping-taxable","12":"purchasable","13":"product-type-tour_phys"},"_links":{"self":[{"href":"https:\/\/vetatourism.com\/fr\/wp-json\/wp\/v2\/product\/14109","targetHints":{"allow":["GET"]}}],"collection":[{"href":"https:\/\/vetatourism.com\/fr\/wp-json\/wp\/v2\/product"}],"about":[{"href":"https:\/\/vetatourism.com\/fr\/wp-json\/wp\/v2\/types\/product"}],"replies":[{"embeddable":true,"href":"https:\/\/vetatourism.com\/fr\/wp-json\/wp\/v2\/comments?post=14109"}],"wp:featuredmedia":[{"embeddable":true,"href":"https:\/\/vetatourism.com\/fr\/wp-json\/wp\/v2\/media\/14110"}],"wp:attachment":[{"href":"https:\/\/vetatourism.com\/fr\/wp-json\/wp\/v2\/media?parent=14109"}],"wp:term":[{"taxonomy":"product_brand","embeddable":true,"href":"https:\/\/vetatourism.com\/fr\/wp-json\/wp\/v2\/product_brand?post=14109"},{"taxonomy":"product_cat","embeddable":true,"href":"https:\/\/vetatourism.com\/fr\/wp-json\/wp\/v2\/product_cat?post=14109"},{"taxonomy":"product_tag","embeddable":true,"href":"https:\/\/vetatourism.com\/fr\/wp-json\/wp\/v2\/product_tag?post=14109"}],"curies":[{"name":"wp","href":"https:\/\/api.w.org\/{rel}","templated":true}]}}