{"id":14090,"date":"2026-02-01T06:47:51","date_gmt":"2026-02-01T06:47:51","guid":{"rendered":"https:\/\/vetatourism.com\/?post_type=product&#038;p=14090"},"modified":"2026-03-09T05:46:14","modified_gmt":"2026-03-09T05:46:14","slug":"kemer-turkish-bath-hamam-traditional-spa-experience","status":"publish","type":"product","link":"https:\/\/vetatourism.com\/tours\/kemer-turkish-bath-hamam-traditional-spa-experience","title":{"rendered":"Kemer Bain Turc Hammam &amp; Spa Traditionnel De L'Exp\u00e9rience"},"content":{"rendered":"<p>La visite commence par une <strong data-start=\"948\" data-end=\"976\">h\u00f4tel confortable de ramassage<\/strong> \u00e0 partir de n'importe o\u00f9 dans Kemer. Vous serez pris pour un traditionnel turc, sauna, o\u00f9 votre bien-\u00eatre que le voyage commence.<\/p>\n<p>Commencez par passer du temps dans la <strong data-start=\"1120\" data-end=\"1129\">sauna<\/strong> et <strong data-start=\"1134\" data-end=\"1148\">hammam<\/strong>, aide \u00e0 ouvrir les pores de la peau et de la pr\u00e9parer votre corps. Puis, profitez d'un <strong data-start=\"1214\" data-end=\"1248\">\u00c0 10 minutes de gommage (peeling)<\/strong> pour enlever la peau morte, suivie par un <strong data-start=\"1284\" data-end=\"1310\">\u00c0 10 minutes de massage de mousse<\/strong> \u2014 un classique rituel du hammam qui laisse votre peau douce et soyeuse.<\/p>\n<p>Ensuite, un <strong data-start=\"1382\" data-end=\"1395\">masque \u00e0 l'argile<\/strong> est appliqu\u00e9 pour purifier et d\u00e9toxifier votre visage. Apr\u00e8s avoir rinc\u00e9, d\u00e9tendez-vous dans l' <strong data-start=\"1475\" data-end=\"1492\">piscine<\/strong> ou d\u00e9tendez-vous jusqu'\u00e0 ce que votre traitement final \u2014 un <strong data-start=\"1533\" data-end=\"1571\">\u00c0 20 minutes de l'aromath\u00e9rapie huile de massage<\/strong>, vous laissant compl\u00e8tement rafra\u00eechi.<\/p>\n<p>\u00c0 la fin de votre session, profitez d'un accueil chaleureux <strong data-start=\"1649\" data-end=\"1664\">Th\u00e9 turc<\/strong> avant d'\u00eatre transf\u00e9r\u00e9 \u00e0 votre h\u00f4tel.<\/p>\n<p>Si vous \u00eates \u00e0 partir en vacances ou en enroulement vers le bas, cette exp\u00e9rience est le moyen id\u00e9al de soins pour le corps et l'esprit.<\/p>\n<div class=\"tour-content-what-included\"><\/div>\n<hr \/>\n<p>&nbsp;<\/p>\n<div class=\"tour-content-what-included\">\n<h4 id=\"whats-included\">Ce qui est Inclus<\/h4>\n<ul style=\"column-count: 2;\">\n<li>Hammam turc traditionnel de l'exp\u00e9rience avec l'h\u00f4tel de collecte de Kemer<\/li>\n<li>Dur\u00e9e totale est d'environ 2,5 \u00e0 3 heures<\/li>\n<li>Le Sauna et le hammam utilisation est illimit\u00e9 pendant la visite<\/li>\n<li>Comprend l'\u00e9pluchage, de la mousse de massage, masque et massage aromath\u00e9rapie<\/li>\n<li>Adapt\u00e9s pour les hommes et les invit\u00e9s f\u00e9minins; les options disponibles sur demande<\/li>\n<li>Les enfants de moins de 12 ans peuvent participer \u00e0 la surveillance des parents<\/li>\n<\/ul>\n<\/div>\n<p>&nbsp;<\/p>\n<hr \/>\n<p>&nbsp;<\/p>\n<div class=\"tour-content-add-information\">\n<h4>Des Informations Suppl\u00e9mentaires<\/h4>\n<ul>\n<li>Dur\u00e9e: env. De 2,5 \u00e0 3 heures<\/li>\n<li>Il n'y a pas de limite de temps pour le sauna et le hammam<\/li>\n<li>Le m\u00e2le et la femelle les invit\u00e9s sont les bienvenus; les options disponibles sur demande<\/li>\n<li>Les enfants de moins de 12 ans peuvent se joindre \u00e0 la surveillance des parents<\/li>\n<\/ul>\n<p>&nbsp;<\/p>\n<\/div>\n<hr \/>\n<p>&nbsp;<\/p>\n<div class=\"tour-content-cancell-policy\">\n<p><strong>Ce qu'il faut Apporter<\/strong><\/p>\n<ul style=\"column-count: 2;\">\n<li>Serviette de toilette (peuvent \u00e9galement \u00eatre fournis \u00e0 la spa) \ud83e\uddfa<\/li>\n<li>Maillot de bain<img decoding=\"async\" class=\"emoji\" role=\"img\" draggable=\"false\" src=\"https:\/\/s.w.org\/images\/core\/emoji\/17.0.2\/svg\/1fa71.svg\" alt=\"\ud83e\ude71\" \/><\/li>\n<li>Des tongs ou chaussons \ud83e\udd7f<\/li>\n<\/ul>\n<\/div>","protected":false},"excerpt":{"rendered":"<p>La visite commence avec un confortable h\u00f4tel de ramassage \u00e0 partir de n'importe o\u00f9 dans Kemer. Vous serez pris pour un traditionnel turc, sauna, o\u00f9 votre bien-\u00eatre que le voyage commence.<br \/>\nStart by spending time in <\/p>","protected":false},"featured_media":14091,"comment_status":"open","ping_status":"closed","template":"","meta":[],"product_brand":[],"product_cat":[15],"product_tag":[],"class_list":{"0":"post-14090","1":"product","2":"type-product","3":"status-publish","4":"has-post-thumbnail","6":"tour_phys-tours","7":"product_cat-non-classe","8":"pa_destination-kemer","10":"first","11":"instock","12":"shipping-taxable","13":"purchasable","14":"product-type-tour_phys"},"_links":{"self":[{"href":"https:\/\/vetatourism.com\/fr\/wp-json\/wp\/v2\/product\/14090","targetHints":{"allow":["GET"]}}],"collection":[{"href":"https:\/\/vetatourism.com\/fr\/wp-json\/wp\/v2\/product"}],"about":[{"href":"https:\/\/vetatourism.com\/fr\/wp-json\/wp\/v2\/types\/product"}],"replies":[{"embeddable":true,"href":"https:\/\/vetatourism.com\/fr\/wp-json\/wp\/v2\/comments?post=14090"}],"wp:featuredmedia":[{"embeddable":true,"href":"https:\/\/vetatourism.com\/fr\/wp-json\/wp\/v2\/media\/14091"}],"wp:attachment":[{"href":"https:\/\/vetatourism.com\/fr\/wp-json\/wp\/v2\/media?parent=14090"}],"wp:term":[{"taxonomy":"product_brand","embeddable":true,"href":"https:\/\/vetatourism.com\/fr\/wp-json\/wp\/v2\/product_brand?post=14090"},{"taxonomy":"product_cat","embeddable":true,"href":"https:\/\/vetatourism.com\/fr\/wp-json\/wp\/v2\/product_cat?post=14090"},{"taxonomy":"product_tag","embeddable":true,"href":"https:\/\/vetatourism.com\/fr\/wp-json\/wp\/v2\/product_tag?post=14090"}],"curies":[{"name":"wp","href":"https:\/\/api.w.org\/{rel}","templated":true}]}}