{"id":14073,"date":"2026-02-01T06:27:48","date_gmt":"2026-02-01T06:27:48","guid":{"rendered":"https:\/\/vetatourism.com\/?post_type=product&#038;p=14073"},"modified":"2026-03-09T05:46:25","modified_gmt":"2026-03-09T05:46:25","slug":"kemer-quad-safari-tour-thrilling-off-road-adventure","status":"publish","type":"product","link":"https:\/\/vetatourism.com\/tours\/kemer-quad-safari-tour-thrilling-off-road-adventure","title":{"rendered":"Kemer Quad Safari Tour, Palpitante Aventure Hors Route"},"content":{"rendered":"<p>Pr\u00e9parez-vous pour une balade passionnante \u00e0 travers les Montagnes du Taurus avec le <strong>Kemer Quad Safari<\/strong>. Apr\u00e8s le ramassage \u00e0 votre h\u00f4tel, vous vous dirigerez vers le camp de base o\u00f9 un court briefing sur la s\u00e9curit\u00e9 et essai sur route \u00e0 vous pr\u00e9parer pour le voyage. Aucune exp\u00e9rience n'est n\u00e9cessaire, et tout le mat\u00e9riel de s\u00e9curit\u00e9 est fourni.<\/p>\n<p>Enfourchez votre quad et de commencer l'aventure le long des chemins forestiers, sentiers et routes rocailleuses. Sentir le frisson que vous \u00e9clabousser par le biais de boue et de rouler en terrain accident\u00e9. \u00c0 mi-chemin, prendre une courte pause \u00e0 un endroit pittoresque avec de superbes vues sur la montagne\u2014parfait pour les photos et la relaxation.<\/p>\n<p>La seconde moiti\u00e9 de la tourn\u00e9e devient de plus en plus palpitante avec plus raides, les chemins et les virages les plus serr\u00e9s. Apr\u00e8s l'off-road plaisir, vous rafra\u00eechir avec une baignade dans un canyon avant de rentrer \u00e0 la base. Ensuite, vous serez d\u00e9pos\u00e9s \u00e0 votre h\u00f4tel\u2014poussi\u00e9reux, fatigu\u00e9, et plein d'adr\u00e9naline souvenirs.<\/p>\n<p>Ce tour est id\u00e9al pour les amoureux de l'aventure \u00e0 la recherche de d\u00e9couverte de la nature dans une fa\u00e7on amusante et fascinante.<\/p>\n<p>&nbsp;<\/p>\n<hr \/>\n<p>&nbsp;<\/p>\n<div class=\"tour-content-what-included\">\n<h4 id=\"whats-included\">Ce qui est Inclus<\/h4>\n<ul style=\"column-count: 2;\">\n<li>Quad safari tour de l'h\u00f4tel de collecte de Kemer<\/li>\n<li>Pas de permis de conduire ou d'exp\u00e9rience pr\u00e9alable est n\u00e9cessaire<\/li>\n<li>Briefing sur la s\u00e9curit\u00e9 et l'\u00e9quipement de protection sont fournis<\/li>\n<li>Minimum des conducteurs d'\u00e2ge est de 17 ans<\/li>\n<li>Balade a lieu en dehors de la route et le terrain accident\u00e9<\/li>\n<li>Le programme peut changer en fonction de la m\u00e9t\u00e9o et des conditions de pistes<\/li>\n<\/ul>\n<\/div>\n<p>&nbsp;<\/p>\n<hr \/>\n<p>&nbsp;<\/p>\n<div class=\"tour-content-add-information\">\n<h4>Des Informations Suppl\u00e9mentaires<\/h4>\n<ul>\n<li>Aucun permis requis<\/li>\n<li>Adapt\u00e9 pour les d\u00e9butants et les coureurs exp\u00e9riment\u00e9s<\/li>\n<li>Tour comprend un terrain accident\u00e9\u2014bon \u00e9quilibre est recommand\u00e9<\/li>\n<li>Minimum age du pilote: 17<\/li>\n<li>L'\u00e9quipement de s\u00e9curit\u00e9 fourni<\/li>\n<\/ul>\n<p>&nbsp;<\/p>\n<\/div>\n<hr \/>\n<p>&nbsp;<\/p>\n<div class=\"tour-content-cancell-policy\">\n<p><strong>Ce qu'il faut Apporter<\/strong><\/p>\n<ul style=\"column-count: 2;\">\n<li>Des chaussures confortables et des v\u00eatements \ud83d\udc55<\/li>\n<li>De la cr\u00e8me solaire \ud83e\uddf4<\/li>\n<li>Maillots de bain et serviette <img decoding=\"async\" class=\"emoji\" role=\"img\" draggable=\"false\" src=\"https:\/\/s.w.org\/images\/core\/emoji\/17.0.2\/svg\/1fa71.svg\" alt=\"\ud83e\ude71\" \/><\/li>\n<li>De tr\u00e9sorerie pour les extras <img decoding=\"async\" class=\"emoji\" role=\"img\" draggable=\"false\" src=\"https:\/\/s.w.org\/images\/core\/emoji\/17.0.2\/svg\/1f4b3.svg\" alt=\"\ud83d\udcb3\" \/><\/li>\n<\/ul>\n<\/div>","protected":false},"excerpt":{"rendered":"<p>Get ready for an exciting ride through the Taurus Mountains with the Kemer Quad Safari. After pickup from your hotel, you\u2019ll head to the base camp where a short safety <\/p>","protected":false},"featured_media":14074,"comment_status":"open","ping_status":"closed","template":"","meta":[],"product_brand":[],"product_cat":[15],"product_tag":[],"class_list":{"0":"post-14073","1":"product","2":"type-product","3":"status-publish","4":"has-post-thumbnail","6":"tour_phys-tours","7":"product_cat-non-classe","8":"pa_destination-kemer","10":"first","11":"instock","12":"shipping-taxable","13":"purchasable","14":"product-type-tour_phys"},"_links":{"self":[{"href":"https:\/\/vetatourism.com\/fr\/wp-json\/wp\/v2\/product\/14073","targetHints":{"allow":["GET"]}}],"collection":[{"href":"https:\/\/vetatourism.com\/fr\/wp-json\/wp\/v2\/product"}],"about":[{"href":"https:\/\/vetatourism.com\/fr\/wp-json\/wp\/v2\/types\/product"}],"replies":[{"embeddable":true,"href":"https:\/\/vetatourism.com\/fr\/wp-json\/wp\/v2\/comments?post=14073"}],"wp:featuredmedia":[{"embeddable":true,"href":"https:\/\/vetatourism.com\/fr\/wp-json\/wp\/v2\/media\/14074"}],"wp:attachment":[{"href":"https:\/\/vetatourism.com\/fr\/wp-json\/wp\/v2\/media?parent=14073"}],"wp:term":[{"taxonomy":"product_brand","embeddable":true,"href":"https:\/\/vetatourism.com\/fr\/wp-json\/wp\/v2\/product_brand?post=14073"},{"taxonomy":"product_cat","embeddable":true,"href":"https:\/\/vetatourism.com\/fr\/wp-json\/wp\/v2\/product_cat?post=14073"},{"taxonomy":"product_tag","embeddable":true,"href":"https:\/\/vetatourism.com\/fr\/wp-json\/wp\/v2\/product_tag?post=14073"}],"curies":[{"name":"wp","href":"https:\/\/api.w.org\/{rel}","templated":true}]}}