{"id":14064,"date":"2026-02-01T06:10:02","date_gmt":"2026-02-01T06:10:02","guid":{"rendered":"https:\/\/vetatourism.com\/?post_type=product&#038;p=14064"},"modified":"2026-03-09T05:46:31","modified_gmt":"2026-03-09T05:46:31","slug":"olympos-chimere-yanartas-nuit-jeep-safari-de-kemer","status":"publish","type":"product","link":"https:\/\/vetatourism.com\/tours\/olympos-chimera-yanartas-night-jeep-safari-from-kemer","title":{"rendered":"Olympos &amp; Chim\u00e8re (Yanarta\u015f) Nuit Jeep Safari De Kemer"},"content":{"rendered":"<p>\u00c9chapper \u00e0 la chaleur de la journ\u00e9e et de se joindre \u00e0 notre <strong>La Chim\u00e8re De La Nuit Jeep Safari<\/strong> de Kemer\u2014une soir\u00e9e inoubliable excursion combinant la nature, l'histoire et les saveurs locales.<\/p>\n<p>Apr\u00e8s l'h\u00f4tel de ramassage, profitez d'un pittoresque trajet en Jeep \u00e0 travers les villages locaux tels que Kuzdere, \u00c7amyuva, et Tekirova. Votre premier arr\u00eat est le paisible <strong>Plage De \u00c7\u0131ral\u0131<\/strong>, o\u00f9 vous aurez le temps de vous baigner et vous d\u00e9tendre sur la c\u00f4te naturelles.<\/p>\n<p>Ensuite, rendez-vous \u00e0 <strong>La chim\u00e8re de la colline (Yanarta\u015f)<\/strong>\u2014c\u00e9l\u00e8bre pour ses <strong>les flammes \u00e9ternelles<\/strong> naturellement br\u00fbler toute l'ann\u00e9e en raison de gaz souterrain. Apr\u00e8s une courte mont\u00e9e, prendre le temps de faire l'exp\u00e9rience de la magie de feu ph\u00e9nom\u00e8ne, et surtout de superbes apr\u00e8s le coucher du soleil.<\/p>\n<p>Fin de la soir\u00e9e avec un d\u00e9licieux d\u00eener dans un charmant <strong>le restaurant riverside en Ulup\u0131nar<\/strong>. Choisissez du poisson grill\u00e9 ou du poulet, de la salade fra\u00eeche, des entr\u00e9es, et des fruits de saison\u2014tous inclus dans le prix.<\/p>\n<p>Ce tour offre une fa\u00e7on unique de d\u00e9couvrir la beaut\u00e9 cach\u00e9e de la r\u00e9gion et est parfait pour les couples, les familles et les amoureux de la nature.<\/p>\n<div class=\"tour-content-what-included\">\n<h4 id=\"whats-included\"><\/h4>\n<\/div>\n<hr \/>\n<p>&nbsp;<\/p>\n<div class=\"tour-content-what-included\">\n<h4 id=\"whats-included\">Ce qui est Inclus<\/h4>\n<ul style=\"column-count: 2;\">\n<li>Soir\u00e9e Safari en Jeep tour de l'h\u00f4tel de collecte de Kemer<\/li>\n<li>Pittoresque village en voiture et visite de la Plage de \u00c7\u0131ral\u0131<\/li>\n<li>Courte mont\u00e9e \u00e0 pied pour voir les flammes \u00e9ternelles de la Chim\u00e8re (Yanarta\u015f)<\/li>\n<li>D\u00eener au bord de la rivi\u00e8re et restaurant dans Ulup\u0131nar est inclus<\/li>\n<li>Adapt\u00e9 pour les familles, les couples et les amoureux de la nature<\/li>\n<li>Itin\u00e9raire et le calendrier peut varier en fonction de la m\u00e9t\u00e9o et des conditions de la route<\/li>\n<\/ul>\n<\/div>\n<p>&nbsp;<\/p>\n<hr \/>\n<p>&nbsp;<\/p>\n<div class=\"tour-content-add-information\">\n<h4>Des Informations Suppl\u00e9mentaires<\/h4>\n<ul>\n<li>C'est une soir\u00e9e Safari en Jeep tour de l'h\u00f4tel de ramassage et de d\u00e9pose de Kemer<\/li>\n<li>La visite comprend la lumi\u00e8re de conduite hors route et une courte mont\u00e9e \u00e0 pied de la Chim\u00e8re (Yanarta\u015f)<\/li>\n<li>De la baignade \u00e0 la Plage de \u00c7\u0131ral\u0131 est en option et sous r\u00e9serve des conditions m\u00e9t\u00e9orologiques et maritimes<\/li>\n<li>Le d\u00eener est inclus et servi dans un riverside restaurant; choix de repas sont s\u00e9lectionn\u00e9s sur place<\/li>\n<li>L'itin\u00e9raire et le calendrier peut varier en fonction de la m\u00e9t\u00e9o, la circulation, ou les conditions de la route<\/li>\n<li>Pas recommand\u00e9 pour les clients avec de graves probl\u00e8mes de mobilit\u00e9 en raison du terrain accident\u00e9<\/li>\n<\/ul>\n<p>&nbsp;<\/p>\n<hr \/>\n<p>&nbsp;<\/p>\n<div class=\"tour-content-cancell-policy\">\n<p><strong>Ce qu'il faut Apporter<\/strong><\/p>\n<ul style=\"column-count: 2;\">\n<li>Une veste l\u00e9g\u00e8re (soir\u00e9es peuvent \u00eatre fra\u00eeches) \ud83e\udde5<\/li>\n<li>Des chaussures confortables (pour marcher jusqu'\u00e0 la Chim\u00e8re de la colline) \ud83d\udc5f<\/li>\n<li>Maillots de bain et serviette <img decoding=\"async\" class=\"emoji\" role=\"img\" draggable=\"false\" src=\"https:\/\/s.w.org\/images\/core\/emoji\/17.0.2\/svg\/1fa71.svg\" alt=\"\ud83e\ude71\" \/><\/li>\n<li>De l'eau et des \u00e9l\u00e9ments personnels \ud83c\udf92<\/li>\n<\/ul>\n<\/div>\n<\/div>","protected":false},"excerpt":{"rendered":"<p>\u00c9chapper \u00e0 la chaleur de la journ\u00e9e et de se joindre \u00e0 notre Chim\u00e8re Nuit Jeep Safari de Kemer\u2014une soir\u00e9e inoubliable excursion combinant la nature, l'histoire et les saveurs locales.<br \/>\nAfter hotel pickup, enjoy a scenic <\/p>","protected":false},"featured_media":14065,"comment_status":"open","ping_status":"closed","template":"","meta":[],"product_brand":[],"product_cat":[15],"product_tag":[],"class_list":{"0":"post-14064","1":"product","2":"type-product","3":"status-publish","4":"has-post-thumbnail","6":"tour_phys-tours","7":"product_cat-non-classe","8":"pa_destination-kemer","10":"first","11":"instock","12":"shipping-taxable","13":"purchasable","14":"product-type-tour_phys"},"_links":{"self":[{"href":"https:\/\/vetatourism.com\/fr\/wp-json\/wp\/v2\/product\/14064","targetHints":{"allow":["GET"]}}],"collection":[{"href":"https:\/\/vetatourism.com\/fr\/wp-json\/wp\/v2\/product"}],"about":[{"href":"https:\/\/vetatourism.com\/fr\/wp-json\/wp\/v2\/types\/product"}],"replies":[{"embeddable":true,"href":"https:\/\/vetatourism.com\/fr\/wp-json\/wp\/v2\/comments?post=14064"}],"wp:featuredmedia":[{"embeddable":true,"href":"https:\/\/vetatourism.com\/fr\/wp-json\/wp\/v2\/media\/14065"}],"wp:attachment":[{"href":"https:\/\/vetatourism.com\/fr\/wp-json\/wp\/v2\/media?parent=14064"}],"wp:term":[{"taxonomy":"product_brand","embeddable":true,"href":"https:\/\/vetatourism.com\/fr\/wp-json\/wp\/v2\/product_brand?post=14064"},{"taxonomy":"product_cat","embeddable":true,"href":"https:\/\/vetatourism.com\/fr\/wp-json\/wp\/v2\/product_cat?post=14064"},{"taxonomy":"product_tag","embeddable":true,"href":"https:\/\/vetatourism.com\/fr\/wp-json\/wp\/v2\/product_tag?post=14064"}],"curies":[{"name":"wp","href":"https:\/\/api.w.org\/{rel}","templated":true}]}}