{"id":14050,"date":"2026-02-01T06:08:59","date_gmt":"2026-02-01T06:08:59","guid":{"rendered":"https:\/\/vetatourism.com\/?post_type=product&#038;p=14050"},"modified":"2026-03-09T05:46:40","modified_gmt":"2026-03-09T05:46:40","slug":"kemer-jeep-safari-tour-explore-taurus-mountains","status":"publish","type":"product","link":"https:\/\/vetatourism.com\/tours\/kemer-jeep-safari-tour-explore-taurus-mountains","title":{"rendered":"Kemer Safari En Jeep Tour \u2013 Explorer Les Montagnes Du Taurus"},"content":{"rendered":"<p>Pr\u00e9parez-vous pour un voyage inoubliable dans les Montagnes du Taurus avec notre Kemer Safari en Jeep tour! Cette passionnante journ\u00e9e compl\u00e8te, l'exp\u00e9rience commence avec un h\u00f4tel de ramassage le matin et vous prend profond\u00e9ment dans la nature avec beaucoup de plaisir, les paysages, et de l'aventure.<\/p>\n<p>Profiter de la conduite hors route \u00e0 travers un endroit poussi\u00e9reux ou boueux routes de montagne, avec des arr\u00eats pour prendre des photos dans des endroits comme Kesmebogaz Canyon. Le long de la route, visite de:<\/p>\n<p>Un g\u00e9ant de sycomore<\/p>\n<p>Les ruines d'un ch\u00e2teau Byzantin<\/p>\n<p>Un village traditionnel, o\u00f9 vous pouvez rencontrer des habitants et de l'exp\u00e9rience de l'hospitalit\u00e9 turque<\/p>\n<p><strong>La visite est exploit\u00e9 avec 10 places Range Rover jeeps, pilot\u00e9e par des professionnels et des pilotes exp\u00e9riment\u00e9s pour assurer \u00e0 la fois la s\u00e9curit\u00e9 et l'excitation tout au long de la journ\u00e9e<\/strong>.<\/p>\n<p>La Recharge avec un d\u00e9licieux d\u00e9jeuner au bord de la rivi\u00e8re restaurant, puis vous rafra\u00eechir avec une baignade dans une rivi\u00e8re de montagne. La journ\u00e9e se termine avec un autre palpitante hors route trajet du retour \u00e0 votre h\u00f4tel, plein de souvenirs et de beaut\u00e9 naturelle.<\/p>\n<div class=\"tour-content-what-included\">\n<h4 id=\"whats-included\"><\/h4>\n<\/div>\n<hr \/>\n<p>&nbsp;<\/p>\n<div class=\"tour-content-what-included\">\n<h4 id=\"whats-included\">Ce qui est Inclus<\/h4>\n<ul style=\"column-count: 2;\">\n<li>Journ\u00e9e compl\u00e8te de Safari en Jeep tour de l'h\u00f4tel de collecte de Kemer<\/li>\n<li>Aventure hors route \u00e0 travers les Montagnes du Taurus<\/li>\n<li>Visite est exploit\u00e9 avec 10 places Range Rover jeeps<\/li>\n<li>Le d\u00e9jeuner et la baignade sont inclus<\/li>\n<li>Id\u00e9al pour les familles et les amoureux de l'aventure<\/li>\n<li>Le programme peuvent varier selon les conditions m\u00e9t\u00e9orologiques et les conditions de la route<\/li>\n<\/ul>\n<\/div>\n<p>&nbsp;<\/p>\n<hr \/>\n<p>&nbsp;<\/p>\n<div class=\"tour-content-add-information\">\n<h4>Des Informations Suppl\u00e9mentaires<\/h4>\n<ul>\n<li>C'est une journ\u00e9e compl\u00e8te de Safari en Jeep tour de l'h\u00f4tel de ramassage et de d\u00e9pose de Kemer<\/li>\n<li>La visite est men\u00e9e dans 10 places Range Rover jeeps par des professionnels exp\u00e9riment\u00e9s pilotes<\/li>\n<li>L'itin\u00e9raire comprend la conduite hors route sur poussi\u00e9reux et in\u00e9gale des routes de montagne<\/li>\n<li>Baignade dans la rivi\u00e8re de montagne est facultatif et le temps le permettent<\/li>\n<li>L'itin\u00e9raire peut changer en fonction de la m\u00e9t\u00e9o, de la route ou les conditions de s\u00e9curit\u00e9<\/li>\n<li>Pas recommand\u00e9 pour les femmes enceintes invit\u00e9s ou des personnes avec s\u00e9rieux maux de dos ou des probl\u00e8mes de mobilit\u00e9<\/li>\n<\/ul>\n<p>&nbsp;<\/p>\n<hr \/>\n<p>&nbsp;<\/p>\n<div class=\"tour-content-cancell-policy\">\n<p><strong>Ce qu'il faut Apporter<\/strong><\/p>\n<ul style=\"column-count: 2;\">\n<li>Lunettes de soleil &amp; chapeau de soleil <img decoding=\"async\" class=\"emoji\" role=\"img\" draggable=\"false\" src=\"https:\/\/s.w.org\/images\/core\/emoji\/17.0.2\/svg\/1f576.svg\" alt=\"\ud83d\udd76\ufe0f\" \/><\/li>\n<li>Des v\u00eatements confortables et chaussures \ud83d\udc5f<\/li>\n<li>Maillots de bain et serviette <img decoding=\"async\" class=\"emoji\" role=\"img\" draggable=\"false\" src=\"https:\/\/s.w.org\/images\/core\/emoji\/17.0.2\/svg\/1fa71.svg\" alt=\"\ud83e\ude71\" \/><\/li>\n<li>De la cr\u00e8me solaire \ud83e\uddf4<\/li>\n<li>De l'eau et des \u00e9l\u00e9ments personnels \ud83c\udf92<\/li>\n<\/ul>\n<\/div>\n<\/div>","protected":false},"excerpt":{"rendered":"<p>Get ready for an unforgettable journey into the Taurus Mountains with our Kemer Jeep Safari tour! This exciting full-day experience starts with a hotel pickup in the morning and takes <\/p>","protected":false},"featured_media":14051,"comment_status":"open","ping_status":"closed","template":"","meta":[],"product_brand":[],"product_cat":[15],"product_tag":[],"class_list":{"0":"post-14050","1":"product","2":"type-product","3":"status-publish","4":"has-post-thumbnail","6":"tour_phys-tours","7":"product_cat-non-classe","8":"pa_destination-kemer","10":"first","11":"instock","12":"shipping-taxable","13":"purchasable","14":"product-type-tour_phys"},"_links":{"self":[{"href":"https:\/\/vetatourism.com\/fr\/wp-json\/wp\/v2\/product\/14050","targetHints":{"allow":["GET"]}}],"collection":[{"href":"https:\/\/vetatourism.com\/fr\/wp-json\/wp\/v2\/product"}],"about":[{"href":"https:\/\/vetatourism.com\/fr\/wp-json\/wp\/v2\/types\/product"}],"replies":[{"embeddable":true,"href":"https:\/\/vetatourism.com\/fr\/wp-json\/wp\/v2\/comments?post=14050"}],"wp:featuredmedia":[{"embeddable":true,"href":"https:\/\/vetatourism.com\/fr\/wp-json\/wp\/v2\/media\/14051"}],"wp:attachment":[{"href":"https:\/\/vetatourism.com\/fr\/wp-json\/wp\/v2\/media?parent=14050"}],"wp:term":[{"taxonomy":"product_brand","embeddable":true,"href":"https:\/\/vetatourism.com\/fr\/wp-json\/wp\/v2\/product_brand?post=14050"},{"taxonomy":"product_cat","embeddable":true,"href":"https:\/\/vetatourism.com\/fr\/wp-json\/wp\/v2\/product_cat?post=14050"},{"taxonomy":"product_tag","embeddable":true,"href":"https:\/\/vetatourism.com\/fr\/wp-json\/wp\/v2\/product_tag?post=14050"}],"curies":[{"name":"wp","href":"https:\/\/api.w.org\/{rel}","templated":true}]}}