{"id":14041,"date":"2026-02-01T05:52:56","date_gmt":"2026-02-01T05:52:56","guid":{"rendered":"https:\/\/vetatourism.com\/?post_type=product&#038;p=14041"},"modified":"2026-03-09T05:46:52","modified_gmt":"2026-03-09T05:46:52","slug":"kemer-scuba-diving-tour-with-lunch","status":"publish","type":"product","link":"https:\/\/vetatourism.com\/tours\/kemer-scuba-diving-tour-with-lunch","title":{"rendered":"Kemer voyage Plong\u00e9e sous-marine avec D\u00e9jeuner"},"content":{"rendered":"<p>Votre aventure commence avec un <strong>h\u00f4tel de ramassage<\/strong> \u00e0 Antalya, Kemer et transfert \u00e0 la marina, o\u00f9 votre plong\u00e9e en bateau vous attend. \u00c0 bord, votre <strong>certifi\u00e9s instructeurs de plong\u00e9e<\/strong> donnera un briefing d\u00e9taill\u00e9, en mati\u00e8re de s\u00e9curit\u00e9, l'utilisation d'\u00e9quipement, de plong\u00e9e et de techniques.<\/p>\n<p>La premi\u00e8re plong\u00e9e se d\u00e9roulera dans <strong>L'Aquarium De La Baie De<\/strong>, \u00e0 une profondeur d'environ <strong>5 m\u00e8tres<\/strong>, la dur\u00e9e est d'environ <strong>De 20 \u00e0 25 minutes<\/strong>. Apr\u00e8s votre plong\u00e9e, vous d\u00e9tendre sur la terrasse, bain de soleil, nager, ou faites de la plong\u00e9e dans le calme des eaux turquoise.<\/p>\n<p>Profitez d'un <strong>d\u00e9licieux d\u00e9jeuner<\/strong> fra\u00eechement pr\u00e9par\u00e9 et servi \u00e0 bord avant de partir pour la deuxi\u00e8me plong\u00e9e de localisation <strong>Kiri\u015f Bay<\/strong>. Cette plong\u00e9e va un peu plus loin, variant entre <strong>10-15 m\u00e8tres<\/strong>, de nouveau accompagn\u00e9s par des instructeurs professionnels.<\/p>\n<p>Tout au long de la visite, admirez les magnifiques vues sur le littoral et s'impr\u00e9gner de l'atmosph\u00e8re paisible de la Mer M\u00e9diterran\u00e9e. Cette exp\u00e9rience est appropri\u00e9, m\u00eame pour ceux qui ne savent pas nager \u2014 plong\u00e9e sous-marine est fait avec une supervision et d'orientation.<\/p>\n<p>&nbsp;<\/p>\n<hr \/>\n<p>&nbsp;<\/p>\n<div class=\"tour-content-what-included\">\n<h4 id=\"whats-included\">Ce qui est Inclus<\/h4>\n<ul style=\"column-count: 2;\">\n<li>Journ\u00e9e compl\u00e8te de voyage plong\u00e9e sous-marine avec l'h\u00f4tel de ramassage \u00e0 partir de Antalya Kemer<\/li>\n<li>Deux guid\u00e9es de plong\u00e9e avec des instructeurs professionnels inclus<\/li>\n<li>Adapt\u00e9 pour les d\u00e9butants et les plongeurs exp\u00e9riment\u00e9s<\/li>\n<li>Des comp\u00e9tences de natation ne sont pas n\u00e9cessaires<\/li>\n<li>Tout le mat\u00e9riel de plong\u00e9e est fourni et r\u00e9guli\u00e8rement entretenu<\/li>\n<li>Les enfants fr\u00e9quentant gratuitement ne disposent pas d'un si\u00e8ge s\u00e9par\u00e9 sur le bus de transfert de<\/li>\n<\/ul>\n<\/div>\n<p>&nbsp;<\/p>\n<hr \/>\n<p>&nbsp;<\/p>\n<div class=\"tour-content-add-information\">\n<h4>Des Informations Suppl\u00e9mentaires<\/h4>\n<ul>\n<li>Tout l'\u00e9quipement est moderne et r\u00e9guli\u00e8rement entretenu<\/li>\n<li>Adapt\u00e9 pour la premi\u00e8re fois les plongeurs exp\u00e9riment\u00e9s et les amateurs de plong\u00e9e<\/li>\n<li>Des comp\u00e9tences de natation ne sont pas tenus de participer<\/li>\n<li>Les enfants qui fr\u00e9quentent gratuitement ne seront pas avoir un si\u00e8ge dans le bus; si n\u00e9cessaire, une place pay\u00e9e doit \u00eatre r\u00e9serv\u00e9 \u00e0 l'avance<\/li>\n<\/ul>\n<p>&nbsp;<\/p>\n<\/div>\n<hr \/>\n<p>&nbsp;<\/p>\n<div class=\"tour-content-cancell-policy\">\n<p><strong>Ce qu'il faut Apporter<\/strong><\/p>\n<ul style=\"column-count: 2;\">\n<li>Des lunettes de soleil et cr\u00e8me solaire \ud83d\udd76\ufe0f<\/li>\n<li>Maillots de bain et serviette <img decoding=\"async\" class=\"emoji\" role=\"img\" draggable=\"false\" src=\"https:\/\/s.w.org\/images\/core\/emoji\/17.0.2\/svg\/1fa71.svg\" alt=\"\ud83e\ude71\" \/><\/li>\n<li>De l'argent pour les d\u00e9penses personnelles <img decoding=\"async\" class=\"emoji\" role=\"img\" draggable=\"false\" src=\"https:\/\/s.w.org\/images\/core\/emoji\/17.0.2\/svg\/1f4b3.svg\" alt=\"\ud83d\udcb3\" \/><\/li>\n<\/ul>\n<\/div>","protected":false},"excerpt":{"rendered":"<p>Your adventure begins with a hotel pickup in Antalya or Kemer and transfer to the marina, where your diving boat awaits. Onboard, your certified dive instructors will give a detailed <\/p>","protected":false},"featured_media":14042,"comment_status":"open","ping_status":"closed","template":"","meta":[],"product_brand":[],"product_cat":[15],"product_tag":[],"class_list":{"0":"post-14041","1":"product","2":"type-product","3":"status-publish","4":"has-post-thumbnail","6":"tour_phys-tours","7":"product_cat-non-classe","8":"pa_destination-kemer","10":"first","11":"instock","12":"shipping-taxable","13":"purchasable","14":"product-type-tour_phys"},"_links":{"self":[{"href":"https:\/\/vetatourism.com\/fr\/wp-json\/wp\/v2\/product\/14041","targetHints":{"allow":["GET"]}}],"collection":[{"href":"https:\/\/vetatourism.com\/fr\/wp-json\/wp\/v2\/product"}],"about":[{"href":"https:\/\/vetatourism.com\/fr\/wp-json\/wp\/v2\/types\/product"}],"replies":[{"embeddable":true,"href":"https:\/\/vetatourism.com\/fr\/wp-json\/wp\/v2\/comments?post=14041"}],"wp:featuredmedia":[{"embeddable":true,"href":"https:\/\/vetatourism.com\/fr\/wp-json\/wp\/v2\/media\/14042"}],"wp:attachment":[{"href":"https:\/\/vetatourism.com\/fr\/wp-json\/wp\/v2\/media?parent=14041"}],"wp:term":[{"taxonomy":"product_brand","embeddable":true,"href":"https:\/\/vetatourism.com\/fr\/wp-json\/wp\/v2\/product_brand?post=14041"},{"taxonomy":"product_cat","embeddable":true,"href":"https:\/\/vetatourism.com\/fr\/wp-json\/wp\/v2\/product_cat?post=14041"},{"taxonomy":"product_tag","embeddable":true,"href":"https:\/\/vetatourism.com\/fr\/wp-json\/wp\/v2\/product_tag?post=14041"}],"curies":[{"name":"wp","href":"https:\/\/api.w.org\/{rel}","templated":true}]}}