{"id":14040,"date":"2026-02-01T05:44:20","date_gmt":"2026-02-01T05:44:20","guid":{"rendered":"https:\/\/vetatourism.com\/?post_type=product&#038;p=14040"},"modified":"2026-03-09T05:47:00","modified_gmt":"2026-03-09T05:47:00","slug":"tazi-canyon-rafting-combo-tour-from-antalya","status":"publish","type":"product","link":"https:\/\/vetatourism.com\/tours\/tazi-canyon-rafting-combo-tour-from-antalya","title":{"rendered":"Taz\u0131 Canyon, Rafting Combo Tour \u00c0 Partir De Antalya"},"content":{"rendered":"<p class=\"\" data-start=\"1139\" data-end=\"1299\">Votre aventure commence avec une confortable <strong data-start=\"1180\" data-end=\"1196\">h\u00f4tel de ramassage<\/strong> \u00e0 partir de Antalya, suivie par une palpitante <strong data-start=\"1233\" data-end=\"1257\">hors route Jeep Safari<\/strong> balade \u00e0 travers les pittoresques Montagnes du Taurus.<\/p>\n<p class=\"\" data-start=\"1301\" data-end=\"1569\">Vous devez d'abord arriver au bord de la rivi\u00e8re et de la base de <strong data-start=\"1344\" data-end=\"1362\">Canyon De K\u00f6pr\u00fcl\u00fc<\/strong>, o\u00f9 vous aurez la chance de <strong data-start=\"1396\" data-end=\"1433\">se joindre \u00e0 une activit\u00e9 de rafting en option<\/strong> ou vous d\u00e9tendre pr\u00e8s de la rivi\u00e8re. Si vous choisissez de rafting, des instructeurs experts fournira tous les \u00e9quipements n\u00e9cessaires et de la formation. Aucune exp\u00e9rience n'est n\u00e9cessaire!<\/p>\n<p class=\"\" data-start=\"1571\" data-end=\"1999\">Ensuite, montez sur un <strong data-start=\"1588\" data-end=\"1603\">cabrio Jeep<\/strong> (open-top v\u00e9hicule de safari) pour un voyage vers l'embl\u00e9matique <strong data-start=\"1658\" data-end=\"1673\">Taz\u0131 Canyon<\/strong>. Connue pour ses falaises spectaculaires et des vues incroyables, cette merveille de la nature offre une occasion id\u00e9ale de photo. La Jeep s'arr\u00eate au sommet du canyon, o\u00f9 vous pourrez profiter d' <strong data-start=\"1847\" data-end=\"1917\">temps libre pour explorer, se d\u00e9tendre, et profiter du panorama \u00e0 couper le souffle<\/strong>. Veuillez noter que l'entr\u00e9e dans le canyon lui-m\u00eame n'est pas autoris\u00e9e pour des raisons de s\u00e9curit\u00e9.<\/p>\n<p class=\"\" data-start=\"2001\" data-end=\"2219\">Apr\u00e8s la visite de Taz\u0131 Canyon, le tour revient \u00e0 Canyon de K\u00f6pr\u00fcl\u00fc pour l' <strong data-start=\"2072\" data-end=\"2099\">principale exp\u00e9rience de rafting<\/strong> (si s\u00e9lectionn\u00e9). Pagayer \u00e0 travers les rapides, de nager dans les eaux fra\u00eeches, et de profiter des arr\u00eats pour prendre des photos et de la baignade le long du chemin.<\/p>\n<p class=\"\" data-start=\"2221\" data-end=\"2349\">Enfin, profitez d'une <strong data-start=\"2238\" data-end=\"2257\">d\u00e9licieux d\u00e9jeuner<\/strong> par la rivi\u00e8re avant de retourner \u00e0 votre h\u00f4tel repos\u00e9, heureux et plein de souvenirs.<\/p>\n<p>&nbsp;<\/p>\n<hr \/>\n<p>&nbsp;<\/p>\n<div class=\"tour-content-what-included\">\n<h4 id=\"whats-included\">Ce qui est Inclus<\/h4>\n<ul style=\"column-count: 2;\">\n<li>Journ\u00e9e compl\u00e8te de Safari en Jeep et excursion en rafting, \u00e0 l'h\u00f4tel de ramassage \u00e0 partir de Antalya<\/li>\n<li>Pas de natation ou de l'exp\u00e9rience du rafting est n\u00e9cessaire<\/li>\n<li>10-personne de rafting, des bateaux sont inclus; 2-personne kayaks sont disponibles \u00e0 un co\u00fbt suppl\u00e9mentaire<\/li>\n<li>Taz\u0131 Canyon est consid\u00e9r\u00e9 \u00e0 partir du d\u00e9sign\u00e9 point de vue seulement; l'entr\u00e9e n'est pas autoris\u00e9e<\/li>\n<li>Des \u00e9quipements suppl\u00e9mentaires peuvent \u00eatre achet\u00e9s \u00e0 la de la base de rafting<\/li>\n<li>Les enfants fr\u00e9quentant gratuitement ne disposent pas d'un si\u00e8ge s\u00e9par\u00e9 sur le bus de transfert de<\/li>\n<\/ul>\n<\/div>\n<p>&nbsp;<\/p>\n<hr \/>\n<p>&nbsp;<\/p>\n<div class=\"tour-content-add-information\">\n<h4>Des Informations Suppl\u00e9mentaires<\/h4>\n<ul>\n<li>Pas de piscine exp\u00e9rience est n\u00e9cessaire pour le rafting<\/li>\n<li>10-personne radeaux sont inclus dans le prix du voyage<\/li>\n<li>2-personne kayaks sont disponibles moyennant des frais suppl\u00e9mentaires<\/li>\n<li>Vous pouvez acheter les chaussures de l'eau, des lunettes de sangles et imperm\u00e9able de cas de t\u00e9l\u00e9phone \u00e0 la base<\/li>\n<li>Les enfants qui fr\u00e9quentent gratuitement ne seront pas avoir un si\u00e8ge dans le bus; si n\u00e9cessaire, une place pay\u00e9e doit \u00eatre r\u00e9serv\u00e9 \u00e0 l'avance<\/li>\n<\/ul>\n<p>&nbsp;<\/p>\n<\/div>\n<hr \/>\n<p>&nbsp;<\/p>\n<div class=\"tour-content-cancell-policy\">\n<p><strong>Ce qu'il faut Apporter<\/strong><\/p>\n<ul style=\"column-count: 2;\">\n<li>Des v\u00eatements suppl\u00e9mentaires pour le changement apr\u00e8s le rafting \ud83d\udc55<\/li>\n<li>De la cr\u00e8me solaire et des chaussures d'eau \ud83e\uddf4<\/li>\n<li>Maillots de bain et serviette <img decoding=\"async\" class=\"emoji\" role=\"img\" draggable=\"false\" src=\"https:\/\/s.w.org\/images\/core\/emoji\/17.0.2\/svg\/1fa71.svg\" alt=\"\ud83e\ude71\" \/><\/li>\n<li>De tr\u00e9sorerie suppl\u00e9mentaires pour les achats\u00a0 <img decoding=\"async\" class=\"emoji\" role=\"img\" draggable=\"false\" src=\"https:\/\/s.w.org\/images\/core\/emoji\/17.0.2\/svg\/1f4b3.svg\" alt=\"\ud83d\udcb3\" \/><\/li>\n<\/ul>\n<\/div>","protected":false},"excerpt":{"rendered":"<p>Votre aventure commence avec un confortable h\u00f4tel de ramassage \u00e0 partir de Antalya, suivie par une palpitante hors route Jeep Safari \u00e0 travers les pittoresques Montagnes du Taurus.<br \/>\nYou&#8217;ll first arrive at a riverside base <\/p>","protected":false},"featured_media":14031,"comment_status":"open","ping_status":"closed","template":"","meta":[],"product_brand":[],"product_cat":[15],"product_tag":[],"class_list":{"0":"post-14040","1":"product","2":"type-product","3":"status-publish","4":"has-post-thumbnail","6":"tour_phys-tours","7":"product_cat-non-classe","8":"pa_destination-antalya","10":"first","11":"instock","12":"shipping-taxable","13":"purchasable","14":"product-type-tour_phys"},"_links":{"self":[{"href":"https:\/\/vetatourism.com\/fr\/wp-json\/wp\/v2\/product\/14040","targetHints":{"allow":["GET"]}}],"collection":[{"href":"https:\/\/vetatourism.com\/fr\/wp-json\/wp\/v2\/product"}],"about":[{"href":"https:\/\/vetatourism.com\/fr\/wp-json\/wp\/v2\/types\/product"}],"replies":[{"embeddable":true,"href":"https:\/\/vetatourism.com\/fr\/wp-json\/wp\/v2\/comments?post=14040"}],"wp:featuredmedia":[{"embeddable":true,"href":"https:\/\/vetatourism.com\/fr\/wp-json\/wp\/v2\/media\/14031"}],"wp:attachment":[{"href":"https:\/\/vetatourism.com\/fr\/wp-json\/wp\/v2\/media?parent=14040"}],"wp:term":[{"taxonomy":"product_brand","embeddable":true,"href":"https:\/\/vetatourism.com\/fr\/wp-json\/wp\/v2\/product_brand?post=14040"},{"taxonomy":"product_cat","embeddable":true,"href":"https:\/\/vetatourism.com\/fr\/wp-json\/wp\/v2\/product_cat?post=14040"},{"taxonomy":"product_tag","embeddable":true,"href":"https:\/\/vetatourism.com\/fr\/wp-json\/wp\/v2\/product_tag?post=14040"}],"curies":[{"name":"wp","href":"https:\/\/api.w.org\/{rel}","templated":true}]}}