{"id":14029,"date":"2026-02-01T05:33:30","date_gmt":"2026-02-01T05:33:30","guid":{"rendered":"https:\/\/vetatourism.com\/?post_type=product&#038;p=14029"},"modified":"2026-03-09T05:47:13","modified_gmt":"2026-03-09T05:47:13","slug":"antalya-rafting-tour-in-koprulu-canyon","status":"publish","type":"product","link":"https:\/\/vetatourism.com\/tours\/antalya-rafting-tour-in-koprulu-canyon","title":{"rendered":"Antalya Tour de Rafting dans le Canyon de K\u00f6pr\u00fcl\u00fc"},"content":{"rendered":"<p>Pr\u00e9parez-vous pour un <strong>pleine d'adr\u00e9naline aventure en rafting<\/strong> dans le c\u0153ur de <strong>Canyon De K\u00f6pr\u00fcl\u00fc<\/strong>, Patrimoine Mondial de l'UNESCO!<\/p>\n<p>Ce 14 km de rafting route fonctionnalit\u00e9s <strong>10 palpitante rapids<\/strong>, parfait pour les d\u00e9butants et les amateurs d'aventure. Entre les rapides, prendre rafra\u00eechissante nage dans le calme de la rivi\u00e8re piscines, entour\u00e9e de merveilleuses vues sur la montagne et la nature luxuriante.<\/p>\n<p>Votre journ\u00e9e commence par un <strong>h\u00f4tel de ramassage<\/strong> et le transfert vers le camp de base. Apr\u00e8s un court briefing de s\u00e9curit\u00e9, vous pourrez vous \u00e9quiper et de vous joindre \u00e0 un groupe de 10 personnes ou pour un voyage inoubliable \u00e0 la descente de la rivi\u00e8re \u2014 tous guid\u00e9s par des professionnels exp\u00e9riment\u00e9s.<\/p>\n<p>Au cours de la visite, vous pourrez profiter de:<\/p>\n<ul>\n<li>Une pause avec, en option, de boissons et de cr\u00eapes (co\u00fbt suppl\u00e9mentaire)<\/li>\n<li>Une aventure s'arr\u00eater pour faire de la tyrolienne et de la plong\u00e9e (en option, des frais s'appliquent)<\/li>\n<li>Un savoureux d\u00e9jeuner au bord de la rivi\u00e8re<\/li>\n<\/ul>\n<p>Apr\u00e8s le d\u00e9jeuner, continuer \u00e0 le rafting, le point d'arriv\u00e9e. Vous aurez la chance de <strong>surveillez votre tour de vid\u00e9o<\/strong>, prendre des photos et de se d\u00e9tendre alors que nous vous ramener \u00e0 votre h\u00f4tel.<\/p>\n<p>C'est plus qu'un tour c'est une aventure d'une journ\u00e9e compl\u00e8te emball\u00e9 avec <strong>du plaisir, de la nature et de l'excitation<\/strong>!<\/p>\n<div class=\"tour-content-add-information\">\n<div style=\"max-width: 360px; margin: 0;\">\n<div style=\"position: relative; padding-top: 177.77%;\"><iframe style=\"position: absolute; top: 0; left: 0; width: 100%; height: 100%; border: 0;\" src=\"https:\/\/www.youtube.com\/embed\/WSaK6yKRtvM\" allowfullscreen=\"allowfullscreen\"><br \/>\n<\/iframe><\/div>\n<\/div>\n<hr \/>\n<p>&nbsp;<\/p>\n<div class=\"tour-content-what-included\">\n<h4 id=\"whats-included\">Ce qui est Inclus<\/h4>\n<ul style=\"column-count: 2;\">\n<li>Une journ\u00e9e compl\u00e8te de rafting tour de l'h\u00f4tel de ramassage et de d\u00e9pose<\/li>\n<li>\u00c0 14 km de rafting de l'itin\u00e9raire avec guides professionnels<\/li>\n<li>Adapt\u00e9 pour les d\u00e9butants et les amateurs d'aventure<\/li>\n<li>L'\u00e9quipement de s\u00e9curit\u00e9 et d'information sont fournis<\/li>\n<li>Des activit\u00e9s facultatives et les extras sont disponibles \u00e0 un co\u00fbt suppl\u00e9mentaire<\/li>\n<li>Le programme peut changer en fonction de la m\u00e9t\u00e9o et des conditions de la rivi\u00e8re<\/li>\n<\/ul>\n<\/div>\n<p>&nbsp;<\/p>\n<\/div>\n<hr \/>\n<p>&nbsp;<\/p>\n<div class=\"tour-content-add-information\">\n<h4>Des Informations Suppl\u00e9mentaires<\/h4>\n<ul>\n<li>C'est une journ\u00e9e compl\u00e8te de rafting tour de l'h\u00f4tel de ramassage et de d\u00e9pose<\/li>\n<li>Aucune exp\u00e9rience de rafting est n\u00e9cessaire; des guides professionnels de fournir des instructions de s\u00e9curit\u00e9 et de soutien<\/li>\n<li>Rafting, des bateaux peuvent accueillir jusqu'\u00e0 10 participants par groupe<\/li>\n<li>En option activit\u00e9s comme la tyrolienne, plong\u00e9e sous-marine, les boissons, les photos et les vid\u00e9os sont disponibles moyennant des frais suppl\u00e9mentaires<\/li>\n<li>La visite est disponible sous r\u00e9serve de m\u00e9t\u00e9o et conditions de la rivi\u00e8re<\/li>\n<li>Pas recommand\u00e9 pour les femmes enceintes les clients ou les personnes gravement la sant\u00e9 ou des probl\u00e8mes de mobilit\u00e9<\/li>\n<\/ul>\n<p>&nbsp;<\/p>\n<\/div>\n<hr \/>\n<p>&nbsp;<\/p>\n<div class=\"tour-content-cancell-policy\">\n<p><strong>Ce qu'il faut Apporter<\/strong><\/p>\n<ul style=\"column-count: 2;\">\n<li>De la cr\u00e8me solaire \ud83e\uddf4<\/li>\n<li>Les chaussures de l'eau \ud83d\udc5f<\/li>\n<li>Maillot de bain et serviette <img decoding=\"async\" class=\"emoji\" role=\"img\" draggable=\"false\" src=\"https:\/\/s.w.org\/images\/core\/emoji\/17.0.2\/svg\/1fa71.svg\" alt=\"\ud83e\ude71\" \/><\/li>\n<li>Changement de v\u00eatements \ud83d\udc5a<\/li>\n<\/ul>\n<\/div>","protected":false},"excerpt":{"rendered":"<p>Pr\u00e9parez-vous pour une tr\u00e9pidante aventure en rafting dans le c\u0153ur du Canyon de K\u00f6pr\u00fcl\u00fc, Patrimoine Mondial de l'UNESCO!<br \/>\nThis 14 km rafting route features 10 thrilling rapids, perfect for beginners <\/p>","protected":false},"featured_media":14022,"comment_status":"open","ping_status":"closed","template":"","meta":[],"product_brand":[],"product_cat":[15],"product_tag":[],"class_list":{"0":"post-14029","1":"product","2":"type-product","3":"status-publish","4":"has-post-thumbnail","6":"tour_phys-tours","7":"product_cat-non-classe","8":"pa_destination-antalya","10":"first","11":"instock","12":"shipping-taxable","13":"purchasable","14":"product-type-tour_phys"},"_links":{"self":[{"href":"https:\/\/vetatourism.com\/fr\/wp-json\/wp\/v2\/product\/14029","targetHints":{"allow":["GET"]}}],"collection":[{"href":"https:\/\/vetatourism.com\/fr\/wp-json\/wp\/v2\/product"}],"about":[{"href":"https:\/\/vetatourism.com\/fr\/wp-json\/wp\/v2\/types\/product"}],"replies":[{"embeddable":true,"href":"https:\/\/vetatourism.com\/fr\/wp-json\/wp\/v2\/comments?post=14029"}],"wp:featuredmedia":[{"embeddable":true,"href":"https:\/\/vetatourism.com\/fr\/wp-json\/wp\/v2\/media\/14022"}],"wp:attachment":[{"href":"https:\/\/vetatourism.com\/fr\/wp-json\/wp\/v2\/media?parent=14029"}],"wp:term":[{"taxonomy":"product_brand","embeddable":true,"href":"https:\/\/vetatourism.com\/fr\/wp-json\/wp\/v2\/product_brand?post=14029"},{"taxonomy":"product_cat","embeddable":true,"href":"https:\/\/vetatourism.com\/fr\/wp-json\/wp\/v2\/product_cat?post=14029"},{"taxonomy":"product_tag","embeddable":true,"href":"https:\/\/vetatourism.com\/fr\/wp-json\/wp\/v2\/product_tag?post=14029"}],"curies":[{"name":"wp","href":"https:\/\/api.w.org\/{rel}","templated":true}]}}