{"id":14020,"date":"2026-01-31T17:30:56","date_gmt":"2026-01-31T17:30:56","guid":{"rendered":"https:\/\/vetatourism.com\/?post_type=product&#038;p=14020"},"modified":"2026-03-09T05:47:28","modified_gmt":"2026-03-09T05:47:28","slug":"pamukkale-hot-air-balloon-tour-from-antalya","status":"publish","type":"product","link":"https:\/\/vetatourism.com\/tours\/pamukkale-hot-air-balloon-tour-from-antalya","title":{"rendered":"Pamukkale Ballon \u00c0 Air Chaud Tourn\u00e9e \u00c0 Partir De Antalya"},"content":{"rendered":"<p>Commencez votre journ\u00e9e plus t\u00f4t avec un confortable de 3,5 heures climatis\u00e9 en voiture depuis Antalya vers Pamukkale. \u00c0 l'arriv\u00e9e, pr\u00e9parez-vous pour un lever de soleil de vol en montgolfi\u00e8re qui offre des vues a\u00e9riennes spectaculaires du travertin, des terrasses et des ruines antiques.<\/p>\n<p>Monter dans le ciel avec des pilotes exp\u00e9riment\u00e9s comme le soleil se l\u00e8ve, la peinture, le paysage dans les teintes dor\u00e9es. Ce paisible, exaltant de vol est le parfait m\u00e9lange d'aventure et de s\u00e9r\u00e9nit\u00e9.<\/p>\n<p>Apr\u00e8s l'atterrissage, profitez d'un traditionnel champagne c\u00e9l\u00e9bration et re\u00e7u votre certificat de vol.<\/p>\n<p>Faire le plein avec un savoureux petit d\u00e9jeuner, puis d\u00e9couverte de la embl\u00e9matique de Pamukkale des travertins et de la ville antique de Hi\u00e9rapolis. S'\u00e9merveiller de sa bien conserv\u00e9, amphith\u00e9\u00e2tre, des thermes, des tombes, et plus encore. Vous aurez \u00e9galement la possibilit\u00e9 de visiter le Bassin de Cl\u00e9op\u00e2tre (entr\u00e9e non incluse).<\/p>\n<p>Terminer la visite par un d\u00e9jeuner de d\u00e9tente avant de retourner \u00e0 votre h\u00f4tel \u00e0 Antalya.<\/p>\n<p>&nbsp;<\/p>\n<hr \/>\n<p>&nbsp;<\/p>\n<div class=\"tour-content-what-included\">\n<h4 id=\"whats-included\">Ce qui est Inclus<\/h4>\n<ul style=\"column-count: 2;\">\n<li>Lever de soleil ballon \u00e0 air chaud tour de l'h\u00f4tel de ramassage \u00e0 partir de Antalya<\/li>\n<li>Ne convient pas aux enfants de moins de 7 ans ou enceintes invit\u00e9s<\/li>\n<li>Vols en montgolfi\u00e8re sont soumises aux conditions m\u00e9t\u00e9orologiques et peut \u00eatre annul\u00e9e sans remboursement<\/li>\n<li>Le petit-d\u00e9jeuner, le d\u00e9jeuner, le champagne de f\u00eate et de vol de certificat sont inclus<\/li>\n<li>Pamukkale et de Hi\u00e9rapolis visites sont incluses; Cl\u00e9op\u00e2tre de la Piscine de l'entr\u00e9e est facultative<\/li>\n<li>Heure de prise en charge peuvent varier selon le lever du soleil et les conditions m\u00e9t\u00e9orologiques<\/li>\n<\/ul>\n<\/div>\n<p>&nbsp;<\/p>\n<hr \/>\n<p>&nbsp;<\/p>\n<div class=\"tour-content-add-information\">\n<h4>Des Informations Suppl\u00e9mentaires<\/h4>\n<ul>\n<li>Ne convient pas aux enfants de moins de 7 ans ou les femmes enceintes<\/li>\n<li>Vols en montgolfi\u00e8re peuvent \u00eatre annul\u00e9s en raison des conditions m\u00e9t\u00e9orologiques; dans ce cas, le vol, la partie sera rembours\u00e9e<\/li>\n<li>Il y aura de courtes pauses pour le shopping et les toilettes pendant le lecteur<\/li>\n<li>Heure de prise en charge peuvent varier selon le lever du soleil<\/li>\n<li>Les clients qui choisissent de Pamukkale et de Hi\u00e9rapolis entr\u00e9e pourrez profiter de temps libre<\/li>\n<\/ul>\n<p>&nbsp;<\/p>\n<\/div>\n<hr \/>\n<p>&nbsp;<\/p>\n<div class=\"tour-content-cancell-policy\">\n<p><strong>Ce qu'il faut Apporter<\/strong><\/p>\n<ul style=\"column-count: 2;\">\n<li>Lunettes de soleil<img decoding=\"async\" class=\"emoji\" role=\"img\" draggable=\"false\" src=\"https:\/\/s.w.org\/images\/core\/emoji\/17.0.2\/svg\/1f576.svg\" alt=\"\ud83d\udd76\ufe0f\" \/><\/li>\n<li>Chapeau<img decoding=\"async\" class=\"emoji\" role=\"img\" draggable=\"false\" src=\"https:\/\/s.w.org\/images\/core\/emoji\/17.0.2\/svg\/1f9e2.svg\" alt=\"\ud83e\udde2\" \/><\/li>\n<li>Maillot de bain et serviette <img decoding=\"async\" class=\"emoji\" role=\"img\" draggable=\"false\" src=\"https:\/\/s.w.org\/images\/core\/emoji\/17.0.2\/svg\/1fa71.svg\" alt=\"\ud83e\ude71\" \/><\/li>\n<li>Confortable sportswear &amp; sneakers \ud83d\udc5f<\/li>\n<li>De tr\u00e9sorerie pour les d\u00e9penses personnelles <img decoding=\"async\" class=\"emoji\" role=\"img\" draggable=\"false\" src=\"https:\/\/s.w.org\/images\/core\/emoji\/17.0.2\/svg\/1f4b3.svg\" alt=\"\ud83d\udcb3\" \/><\/li>\n<\/ul>\n<\/div>","protected":false},"excerpt":{"rendered":"<p>Start your day early with a comfortable 3.5-hour air-conditioned drive from Antalya to Pamukkale. Upon arrival, get ready for a sunrise hot air balloon flight that offers spectacular aerial views <\/p>","protected":false},"featured_media":14007,"comment_status":"open","ping_status":"closed","template":"","meta":[],"product_brand":[],"product_cat":[15],"product_tag":[],"class_list":{"0":"post-14020","1":"product","2":"type-product","3":"status-publish","4":"has-post-thumbnail","6":"tour_phys-tours","7":"product_cat-non-classe","8":"pa_destination-antalya","10":"first","11":"instock","12":"shipping-taxable","13":"purchasable","14":"product-type-tour_phys"},"_links":{"self":[{"href":"https:\/\/vetatourism.com\/fr\/wp-json\/wp\/v2\/product\/14020","targetHints":{"allow":["GET"]}}],"collection":[{"href":"https:\/\/vetatourism.com\/fr\/wp-json\/wp\/v2\/product"}],"about":[{"href":"https:\/\/vetatourism.com\/fr\/wp-json\/wp\/v2\/types\/product"}],"replies":[{"embeddable":true,"href":"https:\/\/vetatourism.com\/fr\/wp-json\/wp\/v2\/comments?post=14020"}],"wp:featuredmedia":[{"embeddable":true,"href":"https:\/\/vetatourism.com\/fr\/wp-json\/wp\/v2\/media\/14007"}],"wp:attachment":[{"href":"https:\/\/vetatourism.com\/fr\/wp-json\/wp\/v2\/media?parent=14020"}],"wp:term":[{"taxonomy":"product_brand","embeddable":true,"href":"https:\/\/vetatourism.com\/fr\/wp-json\/wp\/v2\/product_brand?post=14020"},{"taxonomy":"product_cat","embeddable":true,"href":"https:\/\/vetatourism.com\/fr\/wp-json\/wp\/v2\/product_cat?post=14020"},{"taxonomy":"product_tag","embeddable":true,"href":"https:\/\/vetatourism.com\/fr\/wp-json\/wp\/v2\/product_tag?post=14020"}],"curies":[{"name":"wp","href":"https:\/\/api.w.org\/{rel}","templated":true}]}}