{"id":13994,"date":"2026-01-31T16:01:07","date_gmt":"2026-01-31T16:01:07","guid":{"rendered":"https:\/\/vetatourism.com\/?post_type=product&#038;p=13994"},"modified":"2026-02-26T08:08:15","modified_gmt":"2026-02-26T08:08:15","slug":"pamukkale-hierapolis-tour-from-kemer","status":"publish","type":"product","link":"https:\/\/vetatourism.com\/tours\/pamukkale-hierapolis-tour-from-kemer","title":{"rendered":"Pamukkale &amp; Hi\u00e9rapolis Tour de Kemer"},"content":{"rendered":"<p>Commencez votre journ\u00e9e avec un confortable transfert de votre h\u00f4tel \u00e0 Antalya. Voyage \u00e0 travers les paysages pittoresques avant d'arriver \u00e0 la c\u00e9l\u00e8bre Pamukkale, aussi connu comme le \u201cCh\u00e2teau de Coton.\u201d<\/p>\n<p>Avant votre visite, profitez d'une pause d\u00e9jeuner pour se ressourcer. Ensuite, admirez le surr\u00e9aliste blanc travertin terrasses form\u00e9es par riche en min\u00e9raux de l'eau thermale qui coule en bas des falaises.<\/p>\n<p>Explorez l'ancienne ville de <strong>Hi\u00e9rapolis<\/strong>fond\u00e9e comme une station thermale dans le 2\u00e8me si\u00e8cle avant jc. Marcher parmi les ruines bien pr\u00e9serv\u00e9es telles que la <strong>Th\u00e9\u00e2tre romain<\/strong>, <strong>Le Temple D'Apollon<\/strong>, <strong>Thermes romains<\/strong>, <strong>fontaines<\/strong>et la <strong>agora<\/strong>. Votre guide professionnel partagera des histoires fascinantes \u00e0 propos de l'histoire du site et de la signification culturelle.<\/p>\n<p>Apr\u00e8s la visite guid\u00e9e, vous aurez du temps libre pour vous d\u00e9tendre ou nager dans les piscines thermales. Pour un suppl\u00e9ment, vous pouvez l'exp\u00e9rience de la c\u00e9l\u00e8bre <strong>Le Bassin de cl\u00e9op\u00e2tre<\/strong>, o\u00f9 la l\u00e9gende dit que la reine elle-m\u00eame une fois baign\u00e9.<\/p>\n<p>&nbsp;<\/p>\n<hr \/>\n<p>&nbsp;<\/p>\n<div class=\"tour-content-what-included\">\n<h4 id=\"whats-included\">Ce qui est Inclus<\/h4>\n<ul style=\"column-count: 2;\">\n<li>Visite guid\u00e9e d'une journ\u00e9e \u00e0 l'h\u00f4tel de ramassage \u00e0 partir de Antalya<\/li>\n<li>Visite de Pamukkale des travertins et de la ville antique de Hi\u00e9rapolis<\/li>\n<li>Le d\u00e9jeuner est inclus avant le programme de visites<\/li>\n<li>Temps libre est pr\u00e9vu pour la d\u00e9tente et la natation<\/li>\n<li>Le Bassin de cl\u00e9op\u00e2tre est facultatif et est disponible moyennant des frais suppl\u00e9mentaires<\/li>\n<li>L'itin\u00e9raire peut varier en fonction de la m\u00e9t\u00e9o et des conditions du site<\/li>\n<\/ul>\n<\/div>\n<p>&nbsp;<\/p>\n<hr \/>\n<p>&nbsp;<\/p>\n<div class=\"tour-content-add-information\">\n<h4>Des Informations Suppl\u00e9mentaires<\/h4>\n<ul>\n<li>C'est une visite guid\u00e9e d'une journ\u00e9e \u00e0 l'h\u00f4tel de ramassage et de d\u00e9p\u00f4t \u00e0 partir de Antalya<\/li>\n<li>Heure de prise en charge varie en fonction de la situation de l'h\u00f4tel et sera confirm\u00e9e apr\u00e8s la r\u00e9servation<\/li>\n<li>La natation dans les piscines thermales est facultatif; Cl\u00e9op\u00e2tre Piscine est disponible pour des frais suppl\u00e9mentaires \u00e0 payer sur place<\/li>\n<li>Les clients sont tenus de retirer les chaussures de marche sur les terrasses de travertin<\/li>\n<li>L'itin\u00e9raire peut changer en raison des conditions m\u00e9t\u00e9orologiques ou de r\u00e8glement du site<\/li>\n<li>Pas recommand\u00e9 pour les clients avec de graves difficult\u00e9s de mobilit\u00e9 en raison de marcher sur des surfaces in\u00e9gales<\/li>\n<\/ul>\n<p>&nbsp;<\/p>\n<hr \/>\n<p>&nbsp;<\/p>\n<div class=\"tour-content-cancell-policy\">\n<p><strong>Ce qu'il faut Apporter<\/strong><\/p>\n<ul style=\"column-count: 2;\">\n<li>Passeport ou carte d'identit\u00e9 \ud83c\udd94<\/li>\n<li>Des chaussures de marche confortables \ud83d\udc5f<\/li>\n<li>Des lunettes de soleil et chapeau de soleil \ud83d\udd76\ufe0f<\/li>\n<li>Maillots de bain et serviette (pour ceux qui souhaitent nager) \ud83e\ude71<\/li>\n<\/ul>\n<\/div>\n<\/div>","protected":false},"excerpt":{"rendered":"<p>Commencez votre journ\u00e9e avec un confortable transfert de votre h\u00f4tel \u00e0 Antalya. Voyage \u00e0 travers les paysages pittoresques avant d'arriver \u00e0 la c\u00e9l\u00e8bre Pamukkale, aussi connu comme le \u201cCh\u00e2teau de Coton.\u201d<br \/>\nBefore your <\/p>","protected":false},"featured_media":13995,"comment_status":"open","ping_status":"closed","template":"","meta":[],"product_brand":[],"product_cat":[],"product_tag":[],"class_list":{"0":"post-13994","1":"product","2":"type-product","3":"status-publish","4":"has-post-thumbnail","6":"tour_phys-tours","7":"pa_destination-kemer","9":"first","10":"instock","11":"shipping-taxable","12":"purchasable","13":"product-type-tour_phys"},"_links":{"self":[{"href":"https:\/\/vetatourism.com\/fr\/wp-json\/wp\/v2\/product\/13994","targetHints":{"allow":["GET"]}}],"collection":[{"href":"https:\/\/vetatourism.com\/fr\/wp-json\/wp\/v2\/product"}],"about":[{"href":"https:\/\/vetatourism.com\/fr\/wp-json\/wp\/v2\/types\/product"}],"replies":[{"embeddable":true,"href":"https:\/\/vetatourism.com\/fr\/wp-json\/wp\/v2\/comments?post=13994"}],"wp:featuredmedia":[{"embeddable":true,"href":"https:\/\/vetatourism.com\/fr\/wp-json\/wp\/v2\/media\/13995"}],"wp:attachment":[{"href":"https:\/\/vetatourism.com\/fr\/wp-json\/wp\/v2\/media?parent=13994"}],"wp:term":[{"taxonomy":"product_brand","embeddable":true,"href":"https:\/\/vetatourism.com\/fr\/wp-json\/wp\/v2\/product_brand?post=13994"},{"taxonomy":"product_cat","embeddable":true,"href":"https:\/\/vetatourism.com\/fr\/wp-json\/wp\/v2\/product_cat?post=13994"},{"taxonomy":"product_tag","embeddable":true,"href":"https:\/\/vetatourism.com\/fr\/wp-json\/wp\/v2\/product_tag?post=13994"}],"curies":[{"name":"wp","href":"https:\/\/api.w.org\/{rel}","templated":true}]}}