{"id":13993,"date":"2026-01-31T15:58:36","date_gmt":"2026-01-31T15:58:36","guid":{"rendered":"https:\/\/vetatourism.com\/?post_type=product&#038;p=13993"},"modified":"2026-03-09T05:47:52","modified_gmt":"2026-03-09T05:47:52","slug":"demre-myra-kekova-visite-dantalya-leglise-saint-nicolas","status":"publish","type":"product","link":"https:\/\/vetatourism.com\/tours\/demre-myra-kekova-tour-from-antalya-st-nicholas-church","title":{"rendered":"Demre Myra, Kekova Visite D'Antalya, &amp; L'\u00c9glise Saint-Nicolas"},"content":{"rendered":"<p>Commencez votre voyage avec un confortable de collecte \u00e0 partir de votre hotel \u00e0 Antalya Kemer. En voiture par la pittoresque routes c\u00f4ti\u00e8res de l'ancienne r\u00e9gion de Lycie.<\/p>\n<p>Votre premier arr\u00eat est <strong>Myra<\/strong>, une ancienne ville Lycienne, o\u00f9 vous pourrez visiter les impressionnantes <strong>tombes taill\u00e9es dans la roche<\/strong> et les restes d'un <strong>Gr\u00e9co-Romaine, th\u00e9\u00e2tre<\/strong>.<\/p>\n<p>Ensuite, rendez-vous \u00e0 <strong>Demre<\/strong> pour visiter le <strong>L'\u00e9glise de Saint-Nicolas<\/strong>construit sur le lieu de s\u00e9pulture de la 4e si\u00e8cle, saint qui a inspir\u00e9 la l\u00e9gende de Santa Claus.<\/p>\n<p>Apr\u00e8s avoir profit\u00e9 d'une <strong>d\u00e9licieux d\u00e9jeuner local<\/strong>, \u00e0 bord d'un <strong>\u00e0 fond de verre yacht<\/strong> au \u00c7aya\u011fz\u0131 Port de croisi\u00e8re et de vers <strong>\u00cele De Kekova<\/strong>. Admirer les ruines myst\u00e9rieuses de l' <strong>ville engloutie<\/strong>, partiellement submerg\u00e9 d'apr\u00e8s une ancienne tremblement de terre.<\/p>\n<p>Voir sous l'eau demeure le yacht de fen\u00eatres en verre, et spot <strong>Simena Ch\u00e2teau<\/strong> sur le sommet de la colline. Avant le retour, d\u00e9tendez-vous <strong>pause baignade<\/strong> dans les belles eaux de la M\u00e9diterran\u00e9e.<\/p>\n<p>Enfin, d\u00e9tendez-vous sur votre trajet de retour \u00e0 votre h\u00f4tel, rempli de souvenirs inoubliables de la Turquie est riche en histoire.<\/p>\n<p>&nbsp;<\/p>\n<hr \/>\n<p>&nbsp;<\/p>\n<div class=\"tour-content-what-included\">\n<h4 id=\"whats-included\">Ce qui est Inclus<\/h4>\n<ul style=\"column-count: 2;\">\n<li>Journ\u00e9e compl\u00e8te de visite culturelle avec l'h\u00f4tel de ramassage \u00e0 partir de Antalya Kemer<\/li>\n<li>Visites \u00e0 Myra Ancienne Ville de Demre, et la r\u00e9gion de Kekova<\/li>\n<li>Bateau \u00e0 fond de verre croisi\u00e8re \u00e0 la vue de la Ville Engloutie de Kekova<\/li>\n<li>Le d\u00e9jeuner et la baignade sont inclus dans le programme<\/li>\n<li>L'itin\u00e9raire peut varier en fonction de la m\u00e9t\u00e9o et des conditions de mer<\/li>\n<\/ul>\n<\/div>\n<p>&nbsp;<\/p>\n<hr \/>\n<p>&nbsp;<\/p>\n<div class=\"tour-content-add-information\">\n<h4>Des Informations Suppl\u00e9mentaires<\/h4>\n<ul>\n<li>C'est une visite guid\u00e9e d'une journ\u00e9e \u00e0 l'h\u00f4tel de ramassage et de d\u00e9pose de Antalya Kemer<\/li>\n<li>Les heures de collecte varient selon la localisation de l'h\u00f4tel et sera confirm\u00e9e apr\u00e8s la r\u00e9servation<\/li>\n<li>Les frais d'entr\u00e9e \u00e0 Myra Ancienne Ville et l'\u00c9glise de Saint-Nicolas peut \u00eatre payable sur place, selon le forfait choisi<\/li>\n<li>Le bateau \u00e0 fond de verre croisi\u00e8re permet la visualisation de la Cit\u00e9 Engloutie sans piscine; piscine est facultatif lors de la pause<\/li>\n<li>L'itin\u00e9raire peut changer en raison des conditions m\u00e9t\u00e9orologiques, les conditions de mer, ou \u00e0 la r\u00e9glementation locale<\/li>\n<li>Pas recommand\u00e9 pour les personnes \u00e0 mobilit\u00e9 r\u00e9duite en raison de la marche aux sites historiques<\/li>\n<\/ul>\n<p>&nbsp;<\/p>\n<hr \/>\n<p>&nbsp;<\/p>\n<div class=\"tour-content-cancell-policy\">\n<p><strong>Ce qu'il faut Apporter<\/strong><\/p>\n<ul style=\"column-count: 2;\">\n<li>Des chaussures de marche confortables \ud83d\udc5f<\/li>\n<li>Des lunettes de soleil et cr\u00e8me solaire \ud83e\uddf4<\/li>\n<li>Maillots de bain et serviette <img decoding=\"async\" class=\"emoji\" role=\"img\" draggable=\"false\" src=\"https:\/\/s.w.org\/images\/core\/emoji\/17.0.2\/svg\/1fa71.svg\" alt=\"\ud83e\ude71\" \/><\/li>\n<li>De tr\u00e9sorerie pour les d\u00e9penses personnelles <img decoding=\"async\" class=\"emoji\" role=\"img\" draggable=\"false\" src=\"https:\/\/s.w.org\/images\/core\/emoji\/17.0.2\/svg\/1f4b3.svg\" alt=\"\ud83d\udcb3\" \/><\/li>\n<\/ul>\n<\/div>\n<\/div>","protected":false},"excerpt":{"rendered":"<p>Commencez votre voyage avec un confortable de collecte \u00e0 partir de votre hotel \u00e0 Antalya Kemer. En voiture par la pittoresque routes c\u00f4ti\u00e8res de l'ancienne r\u00e9gion de Lycie.<br \/>\nYour first stop is Myra, <\/p>","protected":false},"featured_media":13985,"comment_status":"open","ping_status":"closed","template":"","meta":[],"product_brand":[],"product_cat":[15],"product_tag":[],"class_list":{"0":"post-13993","1":"product","2":"type-product","3":"status-publish","4":"has-post-thumbnail","6":"tour_phys-tours","7":"product_cat-non-classe","8":"pa_destination-antalya","10":"first","11":"instock","12":"shipping-taxable","13":"purchasable","14":"product-type-tour_phys"},"_links":{"self":[{"href":"https:\/\/vetatourism.com\/fr\/wp-json\/wp\/v2\/product\/13993","targetHints":{"allow":["GET"]}}],"collection":[{"href":"https:\/\/vetatourism.com\/fr\/wp-json\/wp\/v2\/product"}],"about":[{"href":"https:\/\/vetatourism.com\/fr\/wp-json\/wp\/v2\/types\/product"}],"replies":[{"embeddable":true,"href":"https:\/\/vetatourism.com\/fr\/wp-json\/wp\/v2\/comments?post=13993"}],"wp:featuredmedia":[{"embeddable":true,"href":"https:\/\/vetatourism.com\/fr\/wp-json\/wp\/v2\/media\/13985"}],"wp:attachment":[{"href":"https:\/\/vetatourism.com\/fr\/wp-json\/wp\/v2\/media?parent=13993"}],"wp:term":[{"taxonomy":"product_brand","embeddable":true,"href":"https:\/\/vetatourism.com\/fr\/wp-json\/wp\/v2\/product_brand?post=13993"},{"taxonomy":"product_cat","embeddable":true,"href":"https:\/\/vetatourism.com\/fr\/wp-json\/wp\/v2\/product_cat?post=13993"},{"taxonomy":"product_tag","embeddable":true,"href":"https:\/\/vetatourism.com\/fr\/wp-json\/wp\/v2\/product_tag?post=13993"}],"curies":[{"name":"wp","href":"https:\/\/api.w.org\/{rel}","templated":true}]}}