{"id":13972,"date":"2026-01-30T12:55:53","date_gmt":"2026-01-30T12:55:53","guid":{"rendered":"https:\/\/vetatourism.com\/?post_type=product&#038;p=13972"},"modified":"2026-03-09T05:48:09","modified_gmt":"2026-03-09T05:48:09","slug":"kemer-relax-vip-yacht-tour-small-group","status":"publish","type":"product","link":"https:\/\/vetatourism.com\/tours\/kemer-relax-vip-yacht-tour-small-group","title":{"rendered":"Kemer se D\u00e9tendre VIP Yacht Tour \u2013 en Petit Groupe"},"content":{"rendered":"<p>Lors de la visite de Kemer, Antalya, vous \u00eates accueilli avec un m\u00e9lange vibrant de plages, vie nocturne, et d'une multitude d'activit\u00e9s. Mais parfois, vous avez besoin d'un moment de calme. L' <strong>D\u00e9tendez-vous VIP Tour de Yacht<\/strong> est parfait pour s'\u00e9chapper de l'agitation et du bruit.<\/p>\n<p>Montez \u00e0 bord d'un yacht confortable con\u00e7u pour la paix et de luxe. Sans la musique forte ou chaotique foule, vous pourrez profiter de chaque instant\u2014si vous \u00eates \u00e0 la baignade dans des baies, des bains de soleil sur le pont, ou profiter d'un d\u00e9licieux turc d\u00e9jeuner pr\u00e9par\u00e9 par le chef \u00e0 bord. L'atmosph\u00e8re tranquille, combin\u00e9 avec une musique de fond apaisante, cr\u00e9e le cadre id\u00e9al pour se d\u00e9tendre et se ressourcer.<\/p>\n<p>&nbsp;<\/p>\n<hr \/>\n<p>&nbsp;<\/p>\n<div class=\"tour-content-what-included\">\n<h4 id=\"whats-included\">Ce qui est Inclus<\/h4>\n<ul style=\"column-count: 2;\">\n<li>VIP tour de yacht ax\u00e9 sur la d\u00e9tente et une atmosph\u00e8re calme<\/li>\n<li>Pas de bruit de la musique ou de la partie de style de divertissement \u00e0 bord<\/li>\n<li>D\u00e9jeuner fra\u00eechement pr\u00e9par\u00e9 est servi sur le bateau<\/li>\n<li>Pas accessible en fauteuil roulant<\/li>\n<li>Les enfants doivent s'asseoir sur les genoux (pas de coin salon s\u00e9par\u00e9 pourvu)<\/li>\n<li>Convient pour la plupart des voyageurs, mais pas recommand\u00e9 pour les clients avec des conditions m\u00e9dicales graves<\/li>\n<\/ul>\n<\/div>\n<p>&nbsp;<\/p>\n<hr \/>\n<p>&nbsp;<\/p>\n<div class=\"tour-content-add-information\">\n<h4>Des Informations Suppl\u00e9mentaires<\/h4>\n<ul>\n<li>Cette visite n'est pas accessible en fauteuil roulant<\/li>\n<li>Les enfants doivent s'asseoir sur les genoux (pas de si\u00e8ge s\u00e9par\u00e9 fourni)<\/li>\n<li>Convient pour la plupart des voyageurs, cependant, n'est pas recommand\u00e9e pour les personnes avec des conditions m\u00e9dicales graves<\/li>\n<\/ul>\n<p>&nbsp;<\/p>\n<\/div>\n<hr \/>\n<p>&nbsp;<\/p>\n<div class=\"tour-content-cancell-policy\">\n<p><strong>Ce qu'il faut Apporter<\/strong><\/p>\n<ul style=\"column-count: 2;\">\n<li>Lunettes de soleil<img decoding=\"async\" class=\"emoji\" role=\"img\" draggable=\"false\" src=\"https:\/\/s.w.org\/images\/core\/emoji\/17.0.2\/svg\/1f576.svg\" alt=\"\ud83d\udd76\ufe0f\" \/><\/li>\n<li>Maillot de bain \ud83d\udc59<\/li>\n<li>Serviette \ud83e\uddfc<\/li>\n<li>De la cr\u00e8me solaire \ud83e\uddf4<\/li>\n<li>De l'argent pour les d\u00e9penses personnelles \ud83d\udcb5<\/li>\n<\/ul>\n<\/div>","protected":false},"excerpt":{"rendered":"<p>When visiting Kemer, Antalya, you&#8217;re greeted with a vibrant blend of beaches, nightlife, and endless activities. But sometimes, all you need is a moment of calm. The Relax VIP Yacht <\/p>","protected":false},"featured_media":13973,"comment_status":"open","ping_status":"closed","template":"","meta":[],"product_brand":[],"product_cat":[15],"product_tag":[],"class_list":{"0":"post-13972","1":"product","2":"type-product","3":"status-publish","4":"has-post-thumbnail","6":"tour_phys-tours","7":"product_cat-non-classe","8":"pa_destination-kemer","10":"first","11":"instock","12":"shipping-taxable","13":"purchasable","14":"product-type-tour_phys"},"_links":{"self":[{"href":"https:\/\/vetatourism.com\/fr\/wp-json\/wp\/v2\/product\/13972","targetHints":{"allow":["GET"]}}],"collection":[{"href":"https:\/\/vetatourism.com\/fr\/wp-json\/wp\/v2\/product"}],"about":[{"href":"https:\/\/vetatourism.com\/fr\/wp-json\/wp\/v2\/types\/product"}],"replies":[{"embeddable":true,"href":"https:\/\/vetatourism.com\/fr\/wp-json\/wp\/v2\/comments?post=13972"}],"wp:featuredmedia":[{"embeddable":true,"href":"https:\/\/vetatourism.com\/fr\/wp-json\/wp\/v2\/media\/13973"}],"wp:attachment":[{"href":"https:\/\/vetatourism.com\/fr\/wp-json\/wp\/v2\/media?parent=13972"}],"wp:term":[{"taxonomy":"product_brand","embeddable":true,"href":"https:\/\/vetatourism.com\/fr\/wp-json\/wp\/v2\/product_brand?post=13972"},{"taxonomy":"product_cat","embeddable":true,"href":"https:\/\/vetatourism.com\/fr\/wp-json\/wp\/v2\/product_cat?post=13972"},{"taxonomy":"product_tag","embeddable":true,"href":"https:\/\/vetatourism.com\/fr\/wp-json\/wp\/v2\/product_tag?post=13972"}],"curies":[{"name":"wp","href":"https:\/\/api.w.org\/{rel}","templated":true}]}}