{"id":13939,"date":"2026-01-30T12:24:55","date_gmt":"2026-01-30T12:24:55","guid":{"rendered":"https:\/\/vetatourism.com\/?post_type=product&#038;p=13939"},"modified":"2026-03-09T05:48:20","modified_gmt":"2026-03-09T05:48:20","slug":"kemer-porto-genoese-boat-trip-blue-lagoon","status":"publish","type":"product","link":"https:\/\/vetatourism.com\/tours\/kemer-porto-genoese-boat-trip-blue-lagoon","title":{"rendered":"Kemer Porto G\u00e9nois Voyage En Bateau &amp; Blue Lagoon"},"content":{"rendered":"<p>Votre aventure commence par une pratique de ramassage \u00e0 votre h\u00f4tel \u00e0 centre-ville d'Antalya, Lara, ou Belek (selon option choisie) ou d\u00e9sign\u00e9 de point de rencontre. Profitez d'une balade \u00e0 Adrasan Port, o\u00f9 le bateau vous attend.<\/p>\n<p><strong>Akseki Bay<\/strong><br \/>\nCommencez avec 30 minutes d'arr\u00eat \u00e0 Akseki de la Baie, id\u00e9al pour la baignade et la plong\u00e9e en apn\u00e9e. Le fond de la mer est riche en vie marine, y compris les oursins de mer, ainsi que la plong\u00e9e avec tuba et de regarder votre \u00e9tape de profiter pleinement de ce paradis sous-marin.<\/p>\n<p><strong>Porto Ceneviz Bay<\/strong><br \/>\nEnsuite, naviguez jusqu'\u00e0 la superbe Porto Ceneviz Bay pour un 60 minutes de pause. Nager dans glamour eaux turquoise, s'adonner \u00e0 un plaisir des bains de boue, et profiter d'un d\u00e9licieux d\u00e9jeuner \u00e0 bord tout en \u00e9tant entour\u00e9 par des paysages \u00e0 couper le souffle.<\/p>\n<p><strong>Korsan Bay<\/strong><br \/>\nApr\u00e8s 25 minutes de croisi\u00e8re, arriv\u00e9e \u00e0 Korsan Bay pour 40 minutes de nage et de d\u00e9tente. Cet endroit isol\u00e9 offre des eaux cristallines et une atmosph\u00e8re paisible, id\u00e9al pour se d\u00e9tendre.<\/p>\n<p><strong>Fosforlu Grotte<\/strong><br \/>\nSi les conditions de mer le permettent, d'explorer la charmante Fosforlu Grotte, un joyau cach\u00e9 avec un unique, lumineux ambiance qui ajoute une touche de magie \u00e0 votre journ\u00e9e.<\/p>\n<p>Apr\u00e8s une journ\u00e9e d'aventure et de d\u00e9tente, naviguer de nouveau \u00e0 Adrasan Beach et profiter d'un confortable transfert \u00e0 votre h\u00f4tel ou \u00e0 l'adresse \u00e0 Antalya.<\/p>\n<p>&nbsp;<\/p>\n<hr \/>\n<p>&nbsp;<\/p>\n<div class=\"tour-content-what-included\">\n<h4 id=\"whats-included\">Ce qui est Inclus<\/h4>\n<ul style=\"column-count: 2;\">\n<li>Journ\u00e9e compl\u00e8te de tour de yacht avec ramassage \u00e0 partir de centre-ville d'Antalya, Lara, ou Belek<\/li>\n<li>Plusieurs de natation s'arr\u00eate \u00e0 Akseki, Porto Ceneviz, et Korsan Baies<\/li>\n<li>Le d\u00e9jeuner est servi \u00e0 bord pendant le Porto Ceneviz de la Baie d'arr\u00eater<\/li>\n<li>La plong\u00e9e en apn\u00e9e est facultative, et les clients peuvent apporter leur propre \u00e9quipement<\/li>\n<li>L'itin\u00e9raire et la grotte de visite peut changer selon les conditions de mer<\/li>\n<\/ul>\n<\/div>\n<p>&nbsp;<\/p>\n<hr \/>\n<p>&nbsp;<\/p>\n<div class=\"tour-content-add-information\">\n<h4>Des Informations Suppl\u00e9mentaires<\/h4>\n<ul>\n<li>L'itin\u00e9raire peut changer en raison des conditions de mer, et quelques arr\u00eats peuvent \u00eatre ignor\u00e9es pour la s\u00e9curit\u00e9.<\/li>\n<li>Plong\u00e9e en apn\u00e9e n'est pas une activit\u00e9 d\u00e9di\u00e9e, mais vous \u00eates invit\u00e9s \u00e0 apporter votre propre mat\u00e9riel \u00e0 utiliser lors de nager pauses.<\/li>\n<li>Porter \u00e0 l'aise de maillots de bain, cr\u00e8me solaire, et des chaussures antid\u00e9rapantes pour plus de s\u00e9curit\u00e9.<\/li>\n<li>Apportez une serviette, un chapeau et bouteille d'eau pour plus de confort.<\/li>\n<\/ul>\n<p>&nbsp;<\/p>\n<\/div>\n<hr \/>\n<p>&nbsp;<\/p>\n<div class=\"tour-content-cancell-policy\">\n<p><strong>Ce qu'il faut Apporter<\/strong><\/p>\n<ul style=\"column-count: 2;\">\n<li>Chapeau et lunettes de soleil <img decoding=\"async\" class=\"emoji\" role=\"img\" draggable=\"false\" src=\"https:\/\/s.w.org\/images\/core\/emoji\/17.0.2\/svg\/1f576.svg\" alt=\"\ud83d\udd76\ufe0f\" \/><\/li>\n<li>De la cr\u00e8me solaire \ud83e\uddf4<\/li>\n<li>La Non-d\u00e9rapant chaussures de l'eau \ud83d\udc5f<\/li>\n<li>Maillots de bain et serviette <img decoding=\"async\" class=\"emoji\" role=\"img\" draggable=\"false\" src=\"https:\/\/s.w.org\/images\/core\/emoji\/17.0.2\/svg\/1fa71.svg\" alt=\"\ud83e\ude71\" \/><\/li>\n<li>Appareil-photo imperm\u00e9able de t\u00e9l\u00e9phone ou \ud83d\udcf1<\/li>\n<li>De tr\u00e9sorerie pour les d\u00e9penses personnelles \ud83d\udcb3<\/li>\n<\/ul>\n<\/div>","protected":false},"excerpt":{"rendered":"<p>Your adventure begins with a convenient pickup from your hotel in Antalya city center, Lara, or Belek (depending on your chosen option) or at the designated meeting point. Enjoy a <\/p>","protected":false},"featured_media":13956,"comment_status":"open","ping_status":"closed","template":"","meta":[],"product_brand":[],"product_cat":[15],"product_tag":[],"class_list":{"0":"post-13939","1":"product","2":"type-product","3":"status-publish","4":"has-post-thumbnail","6":"tour_phys-tours","7":"product_cat-non-classe","8":"pa_activity-porto-genoese-bay","9":"pa_destination-kemer","11":"first","12":"instock","13":"shipping-taxable","14":"purchasable","15":"product-type-tour_phys"},"_links":{"self":[{"href":"https:\/\/vetatourism.com\/fr\/wp-json\/wp\/v2\/product\/13939","targetHints":{"allow":["GET"]}}],"collection":[{"href":"https:\/\/vetatourism.com\/fr\/wp-json\/wp\/v2\/product"}],"about":[{"href":"https:\/\/vetatourism.com\/fr\/wp-json\/wp\/v2\/types\/product"}],"replies":[{"embeddable":true,"href":"https:\/\/vetatourism.com\/fr\/wp-json\/wp\/v2\/comments?post=13939"}],"wp:featuredmedia":[{"embeddable":true,"href":"https:\/\/vetatourism.com\/fr\/wp-json\/wp\/v2\/media\/13956"}],"wp:attachment":[{"href":"https:\/\/vetatourism.com\/fr\/wp-json\/wp\/v2\/media?parent=13939"}],"wp:term":[{"taxonomy":"product_brand","embeddable":true,"href":"https:\/\/vetatourism.com\/fr\/wp-json\/wp\/v2\/product_brand?post=13939"},{"taxonomy":"product_cat","embeddable":true,"href":"https:\/\/vetatourism.com\/fr\/wp-json\/wp\/v2\/product_cat?post=13939"},{"taxonomy":"product_tag","embeddable":true,"href":"https:\/\/vetatourism.com\/fr\/wp-json\/wp\/v2\/product_tag?post=13939"}],"curies":[{"name":"wp","href":"https:\/\/api.w.org\/{rel}","templated":true}]}}