{"id":13929,"date":"2026-01-30T10:53:28","date_gmt":"2026-01-30T10:53:28","guid":{"rendered":"https:\/\/vetatourism.com\/?post_type=product&#038;p=13929"},"modified":"2026-03-09T05:48:26","modified_gmt":"2026-03-09T05:48:26","slug":"suluada-island-boat-trip-from-antalya-turkish-maldives","status":"publish","type":"product","link":"https:\/\/vetatourism.com\/tours\/suluada-island-boat-trip-from-antalya-turkish-maldives","title":{"rendered":"Suluada De L'\u00cele En Bateau Depuis Antalya -T\u00fcrkish Maldives"},"content":{"rendered":"<div data-start=\"1005\" data-end=\"1322\">Votre voyage commence par un h\u00f4tel de collecte de Kemer, suivie par une route panoramique \u00e0 <strong data-start=\"1087\" data-end=\"1103\">Adrasan Port<\/strong>, o\u00f9 vous embarquerez \u00e0 bord d'un confortable bateau pour une journ\u00e9e de soleil, la mer, et de s\u00e9r\u00e9nit\u00e9. L'itin\u00e9raire vous emm\u00e8ne le long de la magnifique <strong data-start=\"1220\" data-end=\"1239\">Riviera Turque<\/strong>offrant de magnifiques vues sur les Montagnes du Taurus et intacte des paysages c\u00f4tiers.<\/div>\n<div data-start=\"1324\" data-end=\"1401\">La visite comprend les trois piscine s'arr\u00eate \u00e0 Suluada plus beaux endroits:<\/div>\n<ul>\n<li style=\"text-align: left;\" data-start=\"1405\" data-end=\"1532\">\ud83c\udfd6\ufe0f <strong data-start=\"1409\" data-end=\"1425\">Maldives Bay<\/strong>: C\u00e9l\u00e8bre pour son sable blanc et turquoise cristallines de l'eau \u2014 id\u00e9al pour la baignade et la plong\u00e9e en apn\u00e9e.<\/li>\n<li style=\"text-align: left;\" data-start=\"1535\" data-end=\"1643\">\ud83c\udf3f <strong data-start=\"1538\" data-end=\"1566\">Suluada de Plages Cach\u00e9es<\/strong>: Se d\u00e9tendre sur des plages tranquilles, marcher le long de la c\u00f4te, ou tout simplement bronzer en paix.<\/li>\n<li style=\"text-align: left;\" data-start=\"1646\" data-end=\"1764\">\ud83c\udfde\ufe0f <strong data-start=\"1650\" data-end=\"1678\">L'Amour De La Grotte (A\u015fk Ma\u011faras\u0131)<\/strong>: Un pittoresque formation naturelle o\u00f9 vous pouvez nager, plonger, ou de prendre des photos \u00e9tonnantes.<\/li>\n<\/ul>\n<div data-start=\"1766\" data-end=\"2034\">Autour de midi, fra\u00eechement grill\u00e9 <strong data-start=\"1799\" data-end=\"1812\">D\u00e9jeuner BARBECUE<\/strong> est servi sur le bateau, avec des options telles que le poisson, le poulet ou v\u00e9g\u00e9tarien, plats traditionnels turcs meze. Apr\u00e8s une d\u00e9tente de la pause th\u00e9, le bateau se dirige vers Adrasan, suivi de votre retour, transfert \u00e0 l'h\u00f4tel.<\/div>\n<p>&nbsp;<\/p>\n<hr \/>\n<p>&nbsp;<\/p>\n<div class=\"tour-content-what-included\">\n<h4 id=\"whats-included\">Ce qui est Inclus<\/h4>\n<ul style=\"column-count: 2;\">\n<li>Journ\u00e9e compl\u00e8te de tour de yacht de l'h\u00f4tel de ramassage et de d\u00e9pose de Kemer<\/li>\n<li>Route panoramique \u00e0 Adrasan Port relaxant de bateau de croisi\u00e8re<\/li>\n<li>Les trois piscine s'arr\u00eate \u00e0 Suluada plus belles baies et plages<\/li>\n<li>BARBECUE \u00e0 midi et pause th\u00e9 servi \u00e0 bord pendant le tour<\/li>\n<li>Le calme et la nature-exp\u00e9rience concentr\u00e9, id\u00e9al pour la baignade et la d\u00e9tente<\/li>\n<li>Itin\u00e9raire et la natation s'arr\u00eate peut changer en fonction de la mer et des conditions m\u00e9t\u00e9orologiques<\/li>\n<li>Adapt\u00e9 pour les familles, les couples et les voyageurs en solo<\/li>\n<\/ul>\n<\/div>\n<p>&nbsp;<\/p>\n<hr \/>\n<p>&nbsp;<\/p>\n<div class=\"tour-content-add-information\">\n<h4>Des Informations Suppl\u00e9mentaires<\/h4>\n<ul>\n<li>C'est une journ\u00e9e compl\u00e8te de tour de yacht y compris l'h\u00f4tel de ramassage et de d\u00e9pose de Kemer<\/li>\n<li>Heure de prise en charge d\u00e9pend de la situation de l'h\u00f4tel et sera confirm\u00e9e apr\u00e8s la r\u00e9servation<\/li>\n<li>La tourn\u00e9e de conditions m\u00e9t\u00e9orologiques et de l'\u00e9tat de la mer; l'itin\u00e9raire et la natation s'arr\u00eate peut varier<\/li>\n<li>Baignade et plong\u00e9e en apn\u00e9e sont en option \u00e0 tous les arr\u00eats<\/li>\n<li>Repas v\u00e9g\u00e9tarien options sont disponibles sur demande<\/li>\n<li>Adapt\u00e9 pour les familles, les couples et les voyageurs en solo<\/li>\n<\/ul>\n<p>&nbsp;<\/p>\n<hr \/>\n<p>&nbsp;<\/p>\n<div class=\"tour-content-cancell-policy\">\n<p><strong>Ce qu'il faut Apporter<\/strong><\/p>\n<ul style=\"column-count: 2;\">\n<li>Chapeau et lunettes de soleil <img decoding=\"async\" class=\"emoji\" role=\"img\" draggable=\"false\" src=\"https:\/\/s.w.org\/images\/core\/emoji\/17.0.2\/svg\/1f576.svg\" alt=\"\ud83d\udd76\ufe0f\" \/><\/li>\n<li>De la cr\u00e8me solaire \ud83e\uddf4<\/li>\n<li>Maillots de bain et serviette <img decoding=\"async\" class=\"emoji\" role=\"img\" draggable=\"false\" src=\"https:\/\/s.w.org\/images\/core\/emoji\/17.0.2\/svg\/1fa71.svg\" alt=\"\ud83e\ude71\" \/><\/li>\n<li>Appareil-photo imperm\u00e9able de t\u00e9l\u00e9phone ou \ud83d\udcf1<\/li>\n<\/ul>\n<\/div>\n<\/div>","protected":false},"excerpt":{"rendered":"<p>Your journey begins with a hotel pickup from Kemer, followed by a scenic drive to Adrasan Port, where you\u2019ll board a comfortable yacht for a day of sun, sea, and <\/p>","protected":false},"featured_media":13922,"comment_status":"open","ping_status":"closed","template":"","meta":[],"product_brand":[],"product_cat":[15],"product_tag":[],"class_list":{"0":"post-13929","1":"product","2":"type-product","3":"status-publish","4":"has-post-thumbnail","6":"tour_phys-tours","7":"product_cat-non-classe","8":"pa_destination-antalya","10":"first","11":"instock","12":"shipping-taxable","13":"purchasable","14":"product-type-tour_phys"},"_links":{"self":[{"href":"https:\/\/vetatourism.com\/fr\/wp-json\/wp\/v2\/product\/13929","targetHints":{"allow":["GET"]}}],"collection":[{"href":"https:\/\/vetatourism.com\/fr\/wp-json\/wp\/v2\/product"}],"about":[{"href":"https:\/\/vetatourism.com\/fr\/wp-json\/wp\/v2\/types\/product"}],"replies":[{"embeddable":true,"href":"https:\/\/vetatourism.com\/fr\/wp-json\/wp\/v2\/comments?post=13929"}],"wp:featuredmedia":[{"embeddable":true,"href":"https:\/\/vetatourism.com\/fr\/wp-json\/wp\/v2\/media\/13922"}],"wp:attachment":[{"href":"https:\/\/vetatourism.com\/fr\/wp-json\/wp\/v2\/media?parent=13929"}],"wp:term":[{"taxonomy":"product_brand","embeddable":true,"href":"https:\/\/vetatourism.com\/fr\/wp-json\/wp\/v2\/product_brand?post=13929"},{"taxonomy":"product_cat","embeddable":true,"href":"https:\/\/vetatourism.com\/fr\/wp-json\/wp\/v2\/product_cat?post=13929"},{"taxonomy":"product_tag","embeddable":true,"href":"https:\/\/vetatourism.com\/fr\/wp-json\/wp\/v2\/product_tag?post=13929"}],"curies":[{"name":"wp","href":"https:\/\/api.w.org\/{rel}","templated":true}]}}