{"id":13920,"date":"2026-01-30T10:52:08","date_gmt":"2026-01-30T10:52:08","guid":{"rendered":"https:\/\/vetatourism.com\/?post_type=product&#038;p=13920"},"modified":"2026-04-25T19:15:47","modified_gmt":"2026-04-25T19:15:47","slug":"kemer-suluada-island-boat-trip-turkish-maldives","status":"publish","type":"product","link":"https:\/\/vetatourism.com\/tours\/kemer-suluada-island-boat-trip-turkish-maldives","title":{"rendered":"Kemer: Suluada \u00cele, Excursion En Bateau -T\u00fcrkish Maldives"},"content":{"rendered":"<p>Votre voyage commence par un h\u00f4tel de collecte de Kemer, suivie par une route panoramique \u00e0 <strong data-start=\"1087\" data-end=\"1103\">Adrasan Port<\/strong>, o\u00f9 vous embarquerez \u00e0 bord d'un confortable bateau pour une journ\u00e9e de soleil, la mer, et de s\u00e9r\u00e9nit\u00e9. L'itin\u00e9raire vous emm\u00e8ne le long de la magnifique <strong data-start=\"1220\" data-end=\"1239\">Riviera Turque<\/strong>offrant de magnifiques vues sur les Montagnes du Taurus et intacte des paysages c\u00f4tiers.<\/p>\n<p>La visite comprend les trois piscine s'arr\u00eate \u00e0 Suluada plus beaux endroits:<\/p>\n<ul data-start=\"1403\" data-end=\"1764\">\n<li class=\"\" data-start=\"1403\" data-end=\"1532\"><strong data-start=\"1409\" data-end=\"1425\">Maldives Bay<\/strong>: C\u00e9l\u00e8bre pour son sable blanc et turquoise cristallines de l'eau \u2014 id\u00e9al pour la baignade et la plong\u00e9e en apn\u00e9e.<\/li>\n<li class=\"\" data-start=\"1533\" data-end=\"1643\"><strong data-start=\"1538\" data-end=\"1566\">Suluada de Plages Cach\u00e9es<\/strong>: Se d\u00e9tendre sur des plages tranquilles, marcher le long de la c\u00f4te, ou tout simplement bronzer en paix.<\/li>\n<li class=\"\" data-start=\"1644\" data-end=\"1764\">\ud83c\udfde\ufe0f <strong data-start=\"1650\" data-end=\"1678\">L'Amour De La Grotte<\/strong>: Un pittoresque formation naturelle o\u00f9 vous pouvez nager, plonger, ou de prendre des photos \u00e9tonnantes.<\/li>\n<\/ul>\n<p>Autour de midi, fra\u00eechement grill\u00e9 <strong data-start=\"1799\" data-end=\"1812\">D\u00e9jeuner BARBECUE<\/strong> est servi sur le bateau, avec des options telles que le poisson, le poulet ou v\u00e9g\u00e9tarien, plats traditionnels turcs meze. Apr\u00e8s une d\u00e9tente de la pause th\u00e9, le bateau se dirige vers Adrasan, suivi de votre retour, transfert \u00e0 l'h\u00f4tel.<\/p>\n<div style=\"max-width: 360px; margin: 0;\">\n<div style=\"position: relative; padding-top: 177.77%;\"><iframe style=\"position: absolute; top: 0; left: 0; width: 100%; height: 100%; border: 0;\" src=\"https:\/\/www.youtube.com\/embed\/rHGGJue7ZZ0\" allowfullscreen=\"allowfullscreen\"><br \/>\n<\/iframe><\/div>\n<\/div>\n<p>&nbsp;<\/p>\n<hr \/>\n<p>&nbsp;<\/p>\n<div class=\"tour-content-what-included\">\n<h4 id=\"whats-included\">Ce qui est Inclus<\/h4>\n<ul style=\"column-count: 2;\">\n<li>Ramassage des h\u00f4tels \u00e0 C\u00f4t\u00e9 &amp; environs<\/li>\n<li>Route panoramique \u00e0 travers les Montagnes du Taurus<\/li>\n<li>Plusieurs la natation et la plong\u00e9e en apn\u00e9e s'arr\u00eate \u00e0 Suluada les plus c\u00e9l\u00e8bres baies<\/li>\n<li>Fra\u00eechement pr\u00e9par\u00e9 un d\u00e9jeuner BARBECUE servi \u00e0 bord avec pause th\u00e9 inclus<\/li>\n<li>Ambiance calme et reposante, id\u00e9ale pour les amoureux de la nature et des couples<\/li>\n<li>Itin\u00e9raire et la natation s'arr\u00eate peut varier en fonction de la mer et des conditions m\u00e9t\u00e9orologiques<\/li>\n<li>Adapt\u00e9 pour les familles, les couples et les voyageurs en solo<\/li>\n<\/ul>\n<\/div>\n<p>&nbsp;<\/p>\n<hr \/>\n<p>&nbsp;<\/p>\n<div class=\"tour-content-add-information\">\n<h4>Des Informations Suppl\u00e9mentaires<\/h4>\n<ul>\n<li>Dur\u00e9e de la visite est d'environ une journ\u00e9e compl\u00e8te, y compris les transferts \u00e0 l'h\u00f4tel<\/li>\n<li>Heure de prise en charge varie en fonction de la situation de l'h\u00f4tel et sera confirm\u00e9e apr\u00e8s la r\u00e9servation<\/li>\n<li>La tourn\u00e9e de la m\u00e9t\u00e9o le permet, des routes et de la natation s'arr\u00eate peut changer en raison des conditions de mer<\/li>\n<li>Pas recommand\u00e9 pour les clients ayant de graves probl\u00e8mes de mobilit\u00e9<\/li>\n<li>Repas v\u00e9g\u00e9tarien options sont disponibles sur demande<\/li>\n<li>La plong\u00e9e en apn\u00e9e est facultatif; \u00e9quipements peuvent \u00eatre disponibles en fonction du bateau<\/li>\n<\/ul>\n<p>&nbsp;<\/p>\n<hr \/>\n<p>&nbsp;<\/p>\n<div class=\"tour-content-cancell-policy\">\n<p><strong>Ce qu'il faut Apporter<\/strong><\/p>\n<ul style=\"column-count: 2;\">\n<li>Chapeau et lunettes de soleil <img decoding=\"async\" class=\"emoji\" role=\"img\" draggable=\"false\" src=\"https:\/\/s.w.org\/images\/core\/emoji\/17.0.2\/svg\/1f576.svg\" alt=\"\ud83d\udd76\ufe0f\" \/><\/li>\n<li>De la cr\u00e8me solaire \ud83e\uddf4<\/li>\n<li>Maillots de bain et serviette <img decoding=\"async\" class=\"emoji\" role=\"img\" draggable=\"false\" src=\"https:\/\/s.w.org\/images\/core\/emoji\/17.0.2\/svg\/1fa71.svg\" alt=\"\ud83e\ude71\" \/><\/li>\n<li>Appareil-photo imperm\u00e9able de t\u00e9l\u00e9phone ou \ud83d\udcf1<\/li>\n<\/ul>\n<\/div>\n<\/div>","protected":false},"excerpt":{"rendered":"<p>Your journey begins with a hotel pickup from Kemer, followed by a scenic drive to Adrasan Port, where you\u2019ll board a comfortable yacht for a day of sun, sea, and <\/p>","protected":false},"featured_media":13922,"comment_status":"open","ping_status":"closed","template":"","meta":[],"product_brand":[],"product_cat":[],"product_tag":[202],"class_list":{"0":"post-13920","1":"product","2":"type-product","3":"status-publish","4":"has-post-thumbnail","6":"tour_phys-tours","7":"product_tag--best-sellers","8":"pa_destination-kemer","10":"first","11":"instock","12":"shipping-taxable","13":"purchasable","14":"product-type-tour_phys"},"_links":{"self":[{"href":"https:\/\/vetatourism.com\/fr\/wp-json\/wp\/v2\/product\/13920","targetHints":{"allow":["GET"]}}],"collection":[{"href":"https:\/\/vetatourism.com\/fr\/wp-json\/wp\/v2\/product"}],"about":[{"href":"https:\/\/vetatourism.com\/fr\/wp-json\/wp\/v2\/types\/product"}],"replies":[{"embeddable":true,"href":"https:\/\/vetatourism.com\/fr\/wp-json\/wp\/v2\/comments?post=13920"}],"wp:featuredmedia":[{"embeddable":true,"href":"https:\/\/vetatourism.com\/fr\/wp-json\/wp\/v2\/media\/13922"}],"wp:attachment":[{"href":"https:\/\/vetatourism.com\/fr\/wp-json\/wp\/v2\/media?parent=13920"}],"wp:term":[{"taxonomy":"product_brand","embeddable":true,"href":"https:\/\/vetatourism.com\/fr\/wp-json\/wp\/v2\/product_brand?post=13920"},{"taxonomy":"product_cat","embeddable":true,"href":"https:\/\/vetatourism.com\/fr\/wp-json\/wp\/v2\/product_cat?post=13920"},{"taxonomy":"product_tag","embeddable":true,"href":"https:\/\/vetatourism.com\/fr\/wp-json\/wp\/v2\/product_tag?post=13920"}],"curies":[{"name":"wp","href":"https:\/\/api.w.org\/{rel}","templated":true}]}}