{"id":13919,"date":"2026-01-30T10:24:23","date_gmt":"2026-01-30T10:24:23","guid":{"rendered":"https:\/\/vetatourism.com\/?post_type=product&#038;p=13919"},"modified":"2026-04-19T17:20:55","modified_gmt":"2026-04-19T17:20:55","slug":"land-of-legends-night-show-from-kemer","status":"publish","type":"product","link":"https:\/\/vetatourism.com\/tours\/land-of-legends-night-show-from-kemer","title":{"rendered":"Terre de L\u00e9gendes Spectacle de Nuit de Kemer"},"content":{"rendered":"<p data-start=\"1494\" data-end=\"1807\">Votre soir\u00e9e commence avec une surface lisse et confortable transfert de Kemer \u00e0 La Terre de L\u00e9gendes Parc \u00e0 Th\u00e8me \u2014 la r\u00e9gion la plus c\u00e9l\u00e8bre du complexe de divertissement. Que le spectacle commence, immergez-vous dans une fascinante combinaison de la musique, des effets de lumi\u00e8re, les lasers, et la synchronisation des fontaines qui illuminent le ciel de la nuit.<\/p>\n<p data-start=\"1809\" data-end=\"2071\">Le clou de l'\u00e9v\u00e9nement est le d\u00e9fil\u00e9 de bateaux, o\u00f9 joliment d\u00e9cor\u00e9es bateaux glissent par l'interm\u00e9diaire du canal accompagn\u00e9s par les artistes interpr\u00e8tes ou ex\u00e9cutants, des lumi\u00e8res et une musique d'ambiance. La magie de la nuit procession le plaisir des visiteurs de tous les \u00e2ges et cr\u00e9e des souvenirs inoubliables.<\/p>\n<p data-start=\"2073\" data-end=\"2357\">Apr\u00e8s le spectacle, vous aurez du temps libre pour profiter de la dynamique du shopping boulevard rempli avec plus de 180 boutiques, de caf\u00e9s, de restaurants et de magasins doux. Si vous pr\u00e9f\u00e9rez prendre des photos, de la navigation dans les magasins, ou de profiter de l'ambiance anim\u00e9e, le boulevard offre quelque chose pour tout le monde.<\/p>\n<p data-start=\"2359\" data-end=\"2494\">\u00c0 la fin de la nuit, vous d\u00e9tendre lors de votre transfert aller-retour et retour \u00e0 l'h\u00f4tel avec une t\u00eate pleine d'impressions inoubliables.<\/p>\n<hr \/>\n<p>&nbsp;<\/p>\n<div class=\"tour-content-what-included\">\n<h4 id=\"whats-included\">Ce qui est Inclus<\/h4>\n<ul style=\"column-count: 2;\">\n<li>Ramassage des h\u00f4tels \u00e0 Kemer<\/li>\n<li>Arriv\u00e9e \u00e0 La Terre de L\u00e9gendes<\/li>\n<li>Profitez de la fontaine, de la lumi\u00e8re et de laser de la performance<\/li>\n<li>Regarder le d\u00e9fil\u00e9 de bateaux illumin\u00e9s<\/li>\n<li>Temps libre sur le boulevard commer\u00e7ant (approx. 1 \u00e0 2 heures)<\/li>\n<li>Transfert retour \u00e0 votre h\u00f4tel<\/li>\n<\/ul>\n<p>&nbsp;<\/p>\n<\/div>\n<hr \/>\n<p>&nbsp;<\/p>\n<div class=\"tour-content-add-information\">\n<h4>Des Informations Suppl\u00e9mentaires<\/h4>\n<ul>\n<li>Dur\u00e9e: env. 3-4 heures<\/li>\n<li>Adapt\u00e9 pour les personnes \u00e0 mobilit\u00e9 de base<\/li>\n<li>Minimum d'activit\u00e9 physique requise<\/li>\n<li>\u00catre pr\u00eat \u00e0 l'entr\u00e9e principale de l'h\u00f4tel \u00e0 10 minutes avant la prise en charge<\/li>\n<li>Chauffeur attend un maximum de 5 minutes<\/li>\n<li>Les enfants de moins de 6 ans voyagent gratuitement ne recevez pas un bus s\u00e9par\u00e9 si\u00e8ge: un si\u00e8ge suppl\u00e9mentaire peut \u00eatre r\u00e9serv\u00e9 si n\u00e9cessaire<\/li>\n<\/ul>\n<p>&nbsp;<\/p>\n<\/div>\n<hr \/>\n<p>&nbsp;<\/p>\n<div class=\"tour-content-cancell-policy\">\n<p><strong>Ce qu'il faut Apporter<\/strong><\/p>\n<ul style=\"column-count: 2;\">\n<li>Des chaussures de marche confortables \ud83d\udc5f<\/li>\n<li>M\u00e9t\u00e9o-v\u00eatements appropri\u00e9s \ud83d\udc5a<\/li>\n<li>Smartphone ou un appareil photo pour les photos \ud83d\udcf1<\/li>\n<li>De l'argent pour des achats personnels <img decoding=\"async\" class=\"emoji\" role=\"img\" draggable=\"false\" src=\"https:\/\/s.w.org\/images\/core\/emoji\/17.0.2\/svg\/1f4b3.svg\" alt=\"\ud83d\udcb3\" \/><\/li>\n<\/ul>\n<\/div>","protected":false},"excerpt":{"rendered":"<p>Profitez de Terre de L\u00e9gendes Spectacle de Nuit de Kemer avec des lasers, de la fontaine de spectacles, d\u00e9fil\u00e9 de bateaux et de shopping. Une soir\u00e9e magique avec \u00e0 l'aise transferts \u00e0 l'h\u00f4tel.<\/p>","protected":false},"featured_media":13909,"comment_status":"open","ping_status":"closed","template":"","meta":[],"product_brand":[],"product_cat":[],"product_tag":[200],"class_list":{"0":"post-13919","1":"product","2":"type-product","3":"status-publish","4":"has-post-thumbnail","6":"tour_phys-tours","7":"product_tag-best-sellers","8":"pa_destination-kemer","10":"first","11":"instock","12":"shipping-taxable","13":"purchasable","14":"product-type-tour_phys"},"_links":{"self":[{"href":"https:\/\/vetatourism.com\/fr\/wp-json\/wp\/v2\/product\/13919","targetHints":{"allow":["GET"]}}],"collection":[{"href":"https:\/\/vetatourism.com\/fr\/wp-json\/wp\/v2\/product"}],"about":[{"href":"https:\/\/vetatourism.com\/fr\/wp-json\/wp\/v2\/types\/product"}],"replies":[{"embeddable":true,"href":"https:\/\/vetatourism.com\/fr\/wp-json\/wp\/v2\/comments?post=13919"}],"wp:featuredmedia":[{"embeddable":true,"href":"https:\/\/vetatourism.com\/fr\/wp-json\/wp\/v2\/media\/13909"}],"wp:attachment":[{"href":"https:\/\/vetatourism.com\/fr\/wp-json\/wp\/v2\/media?parent=13919"}],"wp:term":[{"taxonomy":"product_brand","embeddable":true,"href":"https:\/\/vetatourism.com\/fr\/wp-json\/wp\/v2\/product_brand?post=13919"},{"taxonomy":"product_cat","embeddable":true,"href":"https:\/\/vetatourism.com\/fr\/wp-json\/wp\/v2\/product_cat?post=13919"},{"taxonomy":"product_tag","embeddable":true,"href":"https:\/\/vetatourism.com\/fr\/wp-json\/wp\/v2\/product_tag?post=13919"}],"curies":[{"name":"wp","href":"https:\/\/api.w.org\/{rel}","templated":true}]}}