{"id":13918,"date":"2026-01-30T10:20:35","date_gmt":"2026-01-30T10:20:35","guid":{"rendered":"https:\/\/vetatourism.com\/?post_type=product&#038;p=13918"},"modified":"2026-03-09T05:48:44","modified_gmt":"2026-03-09T05:48:44","slug":"land-of-legends-night-show-from-antalya","status":"publish","type":"product","link":"https:\/\/vetatourism.com\/tours\/land-of-legends-night-show-from-antalya","title":{"rendered":"Terre de L\u00e9gendes Spectacle de Nuit \u00e0 partir de Antalya"},"content":{"rendered":"<p data-start=\"1520\" data-end=\"1847\">Votre soir\u00e9e commence par un transfert en douceur \u00e0 partir de Antalya, Lara ou Kundu \u00e0 La Terre de L\u00e9gendes Parc \u00e0 Th\u00e8me \u2014 la r\u00e9gion la plus impressionnante de destination de divertissement. A la nuit tomb\u00e9e, profitez d'un spectacle enchanteur alliant laser puissant, projections, coordonn\u00e9 fontaine des spectacles et de la musique entra\u00eenante qui \u00e9claire l'ensemble de la zone.<\/p>\n<p data-start=\"1849\" data-end=\"2110\">Le clou de la soir\u00e9e est l' <strong data-start=\"1883\" data-end=\"1898\">d\u00e9fil\u00e9 de bateaux<\/strong>o\u00f9 d\u00e9cor\u00e9es dans des couleurs vives bateaux glissent par l'interm\u00e9diaire du canal accompagn\u00e9s par les artistes interpr\u00e8tes ou ex\u00e9cutants, des personnages et sur le th\u00e8me de la musique. La magie de la procession qui ravit \u00e0 la fois les adultes et les enfants, la cr\u00e9ation d'inoubliables souvenirs de vacances.<\/p>\n<p data-start=\"2112\" data-end=\"2362\">Apr\u00e8s le spectacle, profitez de temps libre pour explorer la tr\u00e8s anim\u00e9 boulevard du shopping avec plus de 180 boutiques, de restaurants et d'un dessert boutiques. Si vous voulez prendre des photos, de la boutique, ou tout simplement d\u00e9tendez-vous dans le quartier anim\u00e9 de la nuit de l'atmosph\u00e8re, il ya beaucoup \u00e0 appr\u00e9cier.<\/p>\n<p data-start=\"2364\" data-end=\"2481\">\u00c0 la fin de votre visite, retour \u00e0 votre h\u00f4tel dans le confort avec des impressions durables de cette soir\u00e9e \u00e9v\u00e9nement.<\/p>\n<hr \/>\n<p>&nbsp;<\/p>\n<div class=\"tour-content-what-included\">\n<h4 id=\"whats-included\">Ce qui est Inclus<\/h4>\n<ul style=\"column-count: 2;\">\n<li>Ramassage \u00e0 partir de h\u00f4tels \u00e0 Antalya (Lara et Kundu<\/li>\n<li>Arriv\u00e9e \u00e0 La Terre de L\u00e9gendes Parc \u00e0 Th\u00e8me<\/li>\n<li>Profitez de la fontaine, de la lumi\u00e8re et laser performances<\/li>\n<li>Regarder le d\u00e9fil\u00e9 de bateaux illumin\u00e9s<\/li>\n<li>Temps libre sur le boulevard commer\u00e7ant (approx. 1 \u00e0 2 heures)<\/li>\n<li>Transfert retour \u00e0 votre h\u00f4tel<\/li>\n<\/ul>\n<p>&nbsp;<\/p>\n<\/div>\n<hr \/>\n<p>&nbsp;<\/p>\n<div class=\"tour-content-add-information\">\n<h4>Des Informations Suppl\u00e9mentaires<\/h4>\n<ul>\n<li>Dur\u00e9e: env. 3-4 heures<\/li>\n<li>Adapt\u00e9 pour les personnes \u00e0 mobilit\u00e9 de base<\/li>\n<li>Minime effort physique requis<\/li>\n<li>\u00catre pr\u00eat \u00e0 l'entr\u00e9e principale de l'h\u00f4tel \u00e0 10 minutes avant la prise en charge<\/li>\n<li>Chauffeur attend un maximum de 5 minutes<\/li>\n<li>Les enfants de moins de 6 ans voyagent gratuitement ne recevez pas un bus s\u00e9par\u00e9 si\u00e8ge: un si\u00e8ge suppl\u00e9mentaire peut \u00eatre r\u00e9serv\u00e9 si n\u00e9cessaire<\/li>\n<\/ul>\n<p>&nbsp;<\/p>\n<\/div>\n<hr \/>\n<p>&nbsp;<\/p>\n<div class=\"tour-content-cancell-policy\">\n<p><strong>Ce qu'il faut Apporter<\/strong><\/p>\n<ul style=\"column-count: 2;\">\n<li>Des chaussures de marche confortables \ud83d\udc5f<\/li>\n<li>M\u00e9t\u00e9o-v\u00eatements appropri\u00e9s \ud83d\udc5a<\/li>\n<li>Smartphone ou un appareil photo pour les photos \ud83d\udcf1<\/li>\n<li>De l'argent pour des achats personnels <img decoding=\"async\" class=\"emoji\" role=\"img\" draggable=\"false\" src=\"https:\/\/s.w.org\/images\/core\/emoji\/17.0.2\/svg\/1f4b3.svg\" alt=\"\ud83d\udcb3\" \/><\/li>\n<\/ul>\n<\/div>","protected":false},"excerpt":{"rendered":"<p>L'exp\u00e9rience de Terre de L\u00e9gendes Spectacle de Nuit \u00e0 partir de Antalya avec des lasers, de la fontaine de spectacles, d\u00e9fil\u00e9 de bateaux et de shopping. Comprend le transfert de l'h\u00f4tel.<\/p>","protected":false},"featured_media":13909,"comment_status":"open","ping_status":"closed","template":"","meta":[],"product_brand":[],"product_cat":[15],"product_tag":[],"class_list":{"0":"post-13918","1":"product","2":"type-product","3":"status-publish","4":"has-post-thumbnail","6":"tour_phys-tours","7":"product_cat-non-classe","8":"pa_destination-antalya","10":"first","11":"instock","12":"sale","13":"shipping-taxable","14":"purchasable","15":"product-type-tour_phys"},"_links":{"self":[{"href":"https:\/\/vetatourism.com\/fr\/wp-json\/wp\/v2\/product\/13918","targetHints":{"allow":["GET"]}}],"collection":[{"href":"https:\/\/vetatourism.com\/fr\/wp-json\/wp\/v2\/product"}],"about":[{"href":"https:\/\/vetatourism.com\/fr\/wp-json\/wp\/v2\/types\/product"}],"replies":[{"embeddable":true,"href":"https:\/\/vetatourism.com\/fr\/wp-json\/wp\/v2\/comments?post=13918"}],"wp:featuredmedia":[{"embeddable":true,"href":"https:\/\/vetatourism.com\/fr\/wp-json\/wp\/v2\/media\/13909"}],"wp:attachment":[{"href":"https:\/\/vetatourism.com\/fr\/wp-json\/wp\/v2\/media?parent=13918"}],"wp:term":[{"taxonomy":"product_brand","embeddable":true,"href":"https:\/\/vetatourism.com\/fr\/wp-json\/wp\/v2\/product_brand?post=13918"},{"taxonomy":"product_cat","embeddable":true,"href":"https:\/\/vetatourism.com\/fr\/wp-json\/wp\/v2\/product_cat?post=13918"},{"taxonomy":"product_tag","embeddable":true,"href":"https:\/\/vetatourism.com\/fr\/wp-json\/wp\/v2\/product_tag?post=13918"}],"curies":[{"name":"wp","href":"https:\/\/api.w.org\/{rel}","templated":true}]}}