{"id":13917,"date":"2026-01-30T10:16:39","date_gmt":"2026-01-30T10:16:39","guid":{"rendered":"https:\/\/vetatourism.com\/?post_type=product&#038;p=13917"},"modified":"2026-03-09T05:48:52","modified_gmt":"2026-03-09T05:48:52","slug":"terre-de-legendes-spectacle-de-nuit-de-belek","status":"publish","type":"product","link":"https:\/\/vetatourism.com\/tours\/land-of-legends-night-show-from-belek","title":{"rendered":"Spectacle nocturne de la Terre des l\u00e9gendes \u00e0 Belek"},"content":{"rendered":"<p data-start=\"1420\" data-end=\"1693\">Votre soir\u00e9e commence par un transfert confortable de Belek, Kadriye ou Bogazkent vers le parc \u00e0 th\u00e8me Land of Legends. \u00c0 la tomb\u00e9e de la nuit, profitez d'un spectacle de classe mondiale combinant musique, projections laser, fontaines illumin\u00e9es et effets sp\u00e9ciaux qui cr\u00e9ent une ambiance magique.<\/p>\n<p data-start=\"1695\" data-end=\"1930\">L'un des moments les plus impressionnants est la <strong data-start=\"1737\" data-end=\"1752\">d\u00e9fil\u00e9 de bateaux<\/strong>, Les bateaux magnifiquement d\u00e9cor\u00e9s flottent le long du canal, accompagn\u00e9s de th\u00e8mes musicaux, d'artistes et de lumi\u00e8res vives. C'est un moment inoubliable pour les adultes comme pour les enfants.<\/p>\n<p data-start=\"1932\" data-end=\"2119\">Apr\u00e8s le spectacle, vous aurez le temps d'explorer le boulevard commer\u00e7ant anim\u00e9 qui compte plus de 180 boutiques, caf\u00e9s et restaurants. Prenez des photos, faites du shopping ou profitez simplement de l'ambiance festive de la soir\u00e9e.<\/p>\n<p data-start=\"2121\" data-end=\"2250\">\u00c0 la fin du programme, d\u00e9tendez-vous lors du transfert de retour \u00e0 votre h\u00f4tel avec des impressions inoubliables de cette nuit spectaculaire.<\/p>\n<p>&nbsp;<\/p>\n<hr \/>\n<p>&nbsp;<\/p>\n<div class=\"tour-content-what-included\">\n<h4 id=\"whats-included\">Ce qui est Inclus<\/h4>\n<ul style=\"column-count: 2;\">\n<li>Prise en charge depuis les h\u00f4tels de Belek, Kadriye et Bogazkent<\/li>\n<li>Arriv\u00e9e \u00e0 La Terre de L\u00e9gendes Parc \u00e0 Th\u00e8me<\/li>\n<li>Spectacles de laser et de fontaines<\/li>\n<li>Regarder le d\u00e9fil\u00e9 de bateaux illumin\u00e9s<\/li>\n<li>Temps libre sur le boulevard commer\u00e7ant (1-2 heures)<\/li>\n<li>Transfert retour \u00e0 votre h\u00f4tel<\/li>\n<\/ul>\n<p>&nbsp;<\/p>\n<\/div>\n<hr \/>\n<p>&nbsp;<\/p>\n<div class=\"tour-content-add-information\">\n<h4>Des Informations Suppl\u00e9mentaires<\/h4>\n<ul>\n<li>Dur\u00e9e: env. 3-4 heures<\/li>\n<li>Adapt\u00e9 pour les personnes \u00e0 mobilit\u00e9 de base<\/li>\n<li>Minime effort physique requis<\/li>\n<li>\u00catre pr\u00eat \u00e0 l'entr\u00e9e principale de l'h\u00f4tel \u00e0 10 minutes avant la prise en charge<\/li>\n<li>Chauffeur attend un maximum de 5 minutes<\/li>\n<li>Les enfants de moins de 6 ans voyagent gratuitement ne recevez pas un bus s\u00e9par\u00e9 si\u00e8ge: un si\u00e8ge suppl\u00e9mentaire peut \u00eatre r\u00e9serv\u00e9 si n\u00e9cessaire<\/li>\n<\/ul>\n<p>&nbsp;<\/p>\n<\/div>\n<hr \/>\n<p>&nbsp;<\/p>\n<div class=\"tour-content-cancell-policy\">\n<p><strong>Ce qu'il faut Apporter<\/strong><\/p>\n<ul style=\"column-count: 2;\">\n<li>Des chaussures de marche confortables \ud83d\udc5f<\/li>\n<li>M\u00e9t\u00e9o-v\u00eatements appropri\u00e9s \ud83d\udc5a<\/li>\n<li>Smartphone ou un appareil photo pour les photos \ud83d\udcf1<\/li>\n<li>De l'argent pour des achats personnels <img decoding=\"async\" class=\"emoji\" role=\"img\" draggable=\"false\" src=\"https:\/\/s.w.org\/images\/core\/emoji\/17.0.2\/svg\/1f4b3.svg\" alt=\"\ud83d\udcb3\" \/><\/li>\n<\/ul>\n<\/div>","protected":false},"excerpt":{"rendered":"<p>R\u00e9servez le spectacle nocturne \"Land of Legends\" depuis Belek ! Profitez de spectacles de fontaines \u00e0 couper le souffle, d'affichages laser vibrants, de la parade de bateaux embl\u00e9matique et d'un boulevard commer\u00e7ant anim\u00e9. Une excursion nocturne m\u00e9morable avec transferts \u00e0 l'h\u00f4tel inclus.<\/p>","protected":false},"featured_media":13909,"comment_status":"open","ping_status":"closed","template":"","meta":[],"product_brand":[],"product_cat":[15],"product_tag":[],"class_list":{"0":"post-13917","1":"product","2":"type-product","3":"status-publish","4":"has-post-thumbnail","6":"tour_phys-tours","7":"product_cat-non-classe","8":"pa_destination-belek","10":"first","11":"instock","12":"sale","13":"shipping-taxable","14":"purchasable","15":"product-type-tour_phys"},"_links":{"self":[{"href":"https:\/\/vetatourism.com\/fr\/wp-json\/wp\/v2\/product\/13917","targetHints":{"allow":["GET"]}}],"collection":[{"href":"https:\/\/vetatourism.com\/fr\/wp-json\/wp\/v2\/product"}],"about":[{"href":"https:\/\/vetatourism.com\/fr\/wp-json\/wp\/v2\/types\/product"}],"replies":[{"embeddable":true,"href":"https:\/\/vetatourism.com\/fr\/wp-json\/wp\/v2\/comments?post=13917"}],"wp:featuredmedia":[{"embeddable":true,"href":"https:\/\/vetatourism.com\/fr\/wp-json\/wp\/v2\/media\/13909"}],"wp:attachment":[{"href":"https:\/\/vetatourism.com\/fr\/wp-json\/wp\/v2\/media?parent=13917"}],"wp:term":[{"taxonomy":"product_brand","embeddable":true,"href":"https:\/\/vetatourism.com\/fr\/wp-json\/wp\/v2\/product_brand?post=13917"},{"taxonomy":"product_cat","embeddable":true,"href":"https:\/\/vetatourism.com\/fr\/wp-json\/wp\/v2\/product_cat?post=13917"},{"taxonomy":"product_tag","embeddable":true,"href":"https:\/\/vetatourism.com\/fr\/wp-json\/wp\/v2\/product_tag?post=13917"}],"curies":[{"name":"wp","href":"https:\/\/api.w.org\/{rel}","templated":true}]}}