{"id":13907,"date":"2026-01-30T10:04:12","date_gmt":"2026-01-30T10:04:12","guid":{"rendered":"https:\/\/vetatourism.com\/?post_type=product&#038;p=13907"},"modified":"2026-03-09T05:49:04","modified_gmt":"2026-03-09T05:49:04","slug":"la-terre-de-legendes-parc-a-theme-de-la-tour-de-kemer-parc-aquatique","status":"publish","type":"product","link":"https:\/\/vetatourism.com\/tours\/the-land-of-legends-theme-park-tour-from-kemer-waterpark","title":{"rendered":"La Terre de L\u00e9gendes Parc \u00e0 Th\u00e8me de la Tour de Kemer \u2013 parc Aquatique"},"content":{"rendered":"<p>Commencez votre aventure avec une pratique de transfert de Kemer et \u00e0 proximit\u00e9 des r\u00e9gions de La Terre de L\u00e9gendes Parc \u00e0 Th\u00e8me \u00e0 Belek. Sentir la ru\u00e9e sur les 62 m\u00e8tres de l'Hyper Coaster ou des \u00e9claboussures vers le bas \u00e0 partir de 43 m\u00e8tres de Typhon Coaster. Explorez plus de 40 passionnant glissades d'eau, profiter des piscines ou tout simplement se d\u00e9tendre au soleil.<\/p>\n<p>Les familles adoreront Nickelodeon Terre, \u00e0 la maison pour des personnages comme Bob l'\u00c9ponge et de la Patte de Patrouille. Avec son m\u00e9lange de divertissement, des espaces th\u00e9matiques et adapt\u00e9es \u00e0 l'enfant attractions, le parc offre quelque chose pour tous les visiteurs de tous les \u00e2ges.<\/p>\n<p>Tout au long de la journ\u00e9e, profiter de l'eau des aventures, des man\u00e8ges, des animations et des moments inoubliables. Apr\u00e8s votre merveilleuse visite, d\u00e9tendez-vous sur votre transfert retour \u00e0 l'h\u00f4tel avec des souvenirs qui dureront toute une vie.<\/p>\n<hr \/>\n<p>&nbsp;<\/p>\n<div class=\"tour-content-what-included\">\n<h4 id=\"whats-included\">Ce qui est Inclus<\/h4>\n<ul style=\"column-count: 2;\">\n<li>Ramassage des h\u00f4tels \u00e0 Kemer et des environs<\/li>\n<li>Arriv\u00e9e \u00e0 La Terre de L\u00e9gendes \u00e0 Belek<\/li>\n<li>Temps libre pour les attractions, parc aquatique activit\u00e9s et Nickelodeon Terre (approx. 5-6 heures)<\/li>\n<li>Transfert retour \u00e0 votre h\u00f4tel<\/li>\n<\/ul>\n<\/div>\n<p>&nbsp;<\/p>\n<hr \/>\n<p>&nbsp;<\/p>\n<div class=\"tour-content-add-information\">\n<h4>Des Informations Suppl\u00e9mentaires<\/h4>\n<ul>\n<li>Dur\u00e9e: env. De 7 \u00e0 8 heures (journ\u00e9e compl\u00e8te)<\/li>\n<li>Adapt\u00e9 pour les personnes \u00e0 mobilit\u00e9 de base<\/li>\n<li>Une activit\u00e9 physique mod\u00e9r\u00e9e n\u00e9cessaire<\/li>\n<li>Coupon \u00e0 \u00e9changer \u00e0 la billetterie<\/li>\n<li>Parc d'heures de fonctionnement peut varier selon la saison<\/li>\n<\/ul>\n<p>&nbsp;<\/p>\n<\/div>\n<hr \/>\n<p>&nbsp;<\/p>\n<div class=\"tour-content-cancell-policy\">\n<p><strong>Ce qu'il faut Apporter<\/strong><\/p>\n<ul style=\"column-count: 2;\">\n<li>Maillot de bain et serviette \ud83d\udc59<\/li>\n<li>Les chaussures de l'eau \ud83d\udc5f<\/li>\n<li>De tr\u00e9sorerie pour les d\u00e9penses personnelles \ud83d\udcb5<\/li>\n<\/ul>\n<\/div>","protected":false},"excerpt":{"rendered":"<p>Profitez de La Terre de L\u00e9gendes parc \u00e0 th\u00e8me de la tour de Kemer! La turquie le plus grand parc aquatique propose palpitante diapositives, Nickelodeon Terre, de piscines et de plaisir en famille \u2014 tout compris transferts \u00e0 l'h\u00f4tel.<\/p>","protected":false},"featured_media":13898,"comment_status":"open","ping_status":"closed","template":"","meta":[],"product_brand":[],"product_cat":[15],"product_tag":[],"class_list":{"0":"post-13907","1":"product","2":"type-product","3":"status-publish","4":"has-post-thumbnail","6":"tour_phys-tours","7":"product_cat-non-classe","8":"pa_destination-kemer","10":"first","11":"instock","12":"sale","13":"shipping-taxable","14":"purchasable","15":"product-type-tour_phys"},"_links":{"self":[{"href":"https:\/\/vetatourism.com\/fr\/wp-json\/wp\/v2\/product\/13907","targetHints":{"allow":["GET"]}}],"collection":[{"href":"https:\/\/vetatourism.com\/fr\/wp-json\/wp\/v2\/product"}],"about":[{"href":"https:\/\/vetatourism.com\/fr\/wp-json\/wp\/v2\/types\/product"}],"replies":[{"embeddable":true,"href":"https:\/\/vetatourism.com\/fr\/wp-json\/wp\/v2\/comments?post=13907"}],"wp:featuredmedia":[{"embeddable":true,"href":"https:\/\/vetatourism.com\/fr\/wp-json\/wp\/v2\/media\/13898"}],"wp:attachment":[{"href":"https:\/\/vetatourism.com\/fr\/wp-json\/wp\/v2\/media?parent=13907"}],"wp:term":[{"taxonomy":"product_brand","embeddable":true,"href":"https:\/\/vetatourism.com\/fr\/wp-json\/wp\/v2\/product_brand?post=13907"},{"taxonomy":"product_cat","embeddable":true,"href":"https:\/\/vetatourism.com\/fr\/wp-json\/wp\/v2\/product_cat?post=13907"},{"taxonomy":"product_tag","embeddable":true,"href":"https:\/\/vetatourism.com\/fr\/wp-json\/wp\/v2\/product_tag?post=13907"}],"curies":[{"name":"wp","href":"https:\/\/api.w.org\/{rel}","templated":true}]}}