{"id":13905,"date":"2026-01-30T10:00:33","date_gmt":"2026-01-30T10:00:33","guid":{"rendered":"https:\/\/vetatourism.com\/?post_type=product&#038;p=13905"},"modified":"2026-03-09T05:49:09","modified_gmt":"2026-03-09T05:49:09","slug":"the-land-of-legends-theme-park-tour-antalya-waterpark","status":"publish","type":"product","link":"https:\/\/vetatourism.com\/tours\/the-land-of-legends-theme-park-tour-antalya-waterpark","title":{"rendered":"La Terre de L\u00e9gendes Parc \u00e0 Th\u00e8me de la Visite d'Antalya \u2013 parc Aquatique"},"content":{"rendered":"<p data-start=\"1401\" data-end=\"1722\">Commencez votre aventure avec un confortable de transfert \u00e0 partir de Antalya, Lara ou Kundu \u00e0 La Terre de L\u00e9gendes Parc \u00e0 Th\u00e8me \u00e0 Belek. Vivez l'adr\u00e9naline que vous vous jetez sur le 62 m\u00e8tres de l'Hyper Coaster ou des projections d'eau en bas de la dramatique Typhon Coaster de 43 m\u00e8tres. Avec plus de 40 diapositives, vous trouverez l'excitation pour tous les niveaux de l'aventure.<\/p>\n<p data-start=\"1724\" data-end=\"1978\">Les familles appr\u00e9cieront le monde color\u00e9 de <strong data-start=\"1766\" data-end=\"1786\">Nickelodeon Terre<\/strong>, maison de personnages populaires comme Bob l'\u00c9ponge et de la Patte de Patrouille. Si vous \u00eates \u00e0 la recherche pour les activit\u00e9s \u00e0 haute \u00e9nergie ou de l'enfant-amicale des attractions, le parc offre quelque chose pour tout le monde.<\/p>\n<p data-start=\"1980\" data-end=\"2162\">Passez votre journ\u00e9e \u00e0 la d\u00e9couverte des piscines, des toboggans, des zones \u00e0 th\u00e8mes et dynamique du parc d'animations. Apr\u00e8s des heures de plaisir, de vous d\u00e9tendre lors de votre retour, transfert retour \u00e0 l'h\u00f4tel avec des souvenirs inoubliables.<\/p>\n<p>&nbsp;<\/p>\n<hr \/>\n<p>&nbsp;<\/p>\n<div class=\"tour-content-what-included\">\n<h4 id=\"whats-included\">Ce qui est Inclus<\/h4>\n<ul style=\"column-count: 2;\">\n<li>Ramassage \u00e0 partir de h\u00f4tels \u00e0 Antalya (Lara et Kundu<\/li>\n<li>Arriv\u00e9e \u00e0 La Terre de L\u00e9gendes \u00e0 Belek<\/li>\n<li>Temps libre pour les attractions, parc aquatique activit\u00e9s et Nickelodeon Terre (approx. 5-6 heures)<\/li>\n<li>Transfert retour \u00e0 l'h\u00f4tel<\/li>\n<\/ul>\n<\/div>\n<p>&nbsp;<\/p>\n<hr \/>\n<p>&nbsp;<\/p>\n<div class=\"tour-content-add-information\">\n<h4>Des Informations Suppl\u00e9mentaires<\/h4>\n<ul>\n<li>Dur\u00e9e: env. De 7 \u00e0 8 heures (journ\u00e9e compl\u00e8te)<\/li>\n<li>Adapt\u00e9 pour les personnes \u00e0 mobilit\u00e9 de base<\/li>\n<li>Une activit\u00e9 physique mod\u00e9r\u00e9e n\u00e9cessaire<\/li>\n<li>Coupon \u00e0 \u00e9changer \u00e0 la billetterie<\/li>\n<li>Parc d'heures de fonctionnement peut varier selon la saison<\/li>\n<\/ul>\n<p>&nbsp;<\/p>\n<\/div>\n<hr \/>\n<p>&nbsp;<\/p>\n<div class=\"tour-content-cancell-policy\">\n<p><strong>Ce qu'il faut Apporter<\/strong><\/p>\n<ul style=\"column-count: 2;\">\n<li>Maillot de bain et serviette \ud83d\udc59<\/li>\n<li>Les chaussures de l'eau \ud83d\udc5f<\/li>\n<li>De tr\u00e9sorerie pour les d\u00e9penses personnelles \ud83d\udcb5<\/li>\n<\/ul>\n<\/div>","protected":false},"excerpt":{"rendered":"<p>Profitez de La Terre de L\u00e9gendes parc \u00e0 th\u00e8me tourn\u00e9e \u00e0 partir de Antalya! La turquie le plus grand parc aquatique propose palpitante diapositives, Nickelodeon Terre, des piscines et plein de plaisir en famille \u2014 tout compris transferts \u00e0 l'h\u00f4tel.<\/p>","protected":false},"featured_media":13898,"comment_status":"open","ping_status":"closed","template":"","meta":[],"product_brand":[],"product_cat":[15],"product_tag":[],"class_list":{"0":"post-13905","1":"product","2":"type-product","3":"status-publish","4":"has-post-thumbnail","6":"tour_phys-tours","7":"product_cat-non-classe","8":"pa_destination-antalya","10":"first","11":"instock","12":"sale","13":"shipping-taxable","14":"purchasable","15":"product-type-tour_phys"},"_links":{"self":[{"href":"https:\/\/vetatourism.com\/fr\/wp-json\/wp\/v2\/product\/13905","targetHints":{"allow":["GET"]}}],"collection":[{"href":"https:\/\/vetatourism.com\/fr\/wp-json\/wp\/v2\/product"}],"about":[{"href":"https:\/\/vetatourism.com\/fr\/wp-json\/wp\/v2\/types\/product"}],"replies":[{"embeddable":true,"href":"https:\/\/vetatourism.com\/fr\/wp-json\/wp\/v2\/comments?post=13905"}],"wp:featuredmedia":[{"embeddable":true,"href":"https:\/\/vetatourism.com\/fr\/wp-json\/wp\/v2\/media\/13898"}],"wp:attachment":[{"href":"https:\/\/vetatourism.com\/fr\/wp-json\/wp\/v2\/media?parent=13905"}],"wp:term":[{"taxonomy":"product_brand","embeddable":true,"href":"https:\/\/vetatourism.com\/fr\/wp-json\/wp\/v2\/product_brand?post=13905"},{"taxonomy":"product_cat","embeddable":true,"href":"https:\/\/vetatourism.com\/fr\/wp-json\/wp\/v2\/product_cat?post=13905"},{"taxonomy":"product_tag","embeddable":true,"href":"https:\/\/vetatourism.com\/fr\/wp-json\/wp\/v2\/product_tag?post=13905"}],"curies":[{"name":"wp","href":"https:\/\/api.w.org\/{rel}","templated":true}]}}