{"id":13904,"date":"2026-01-30T09:54:21","date_gmt":"2026-01-30T09:54:21","guid":{"rendered":"https:\/\/vetatourism.com\/?post_type=product&#038;p=13904"},"modified":"2026-03-09T05:49:16","modified_gmt":"2026-03-09T05:49:16","slug":"the-land-of-legends-theme-park-tour-from-belek-waterpark","status":"publish","type":"product","link":"https:\/\/vetatourism.com\/tours\/the-land-of-legends-theme-park-tour-from-belek-waterpark","title":{"rendered":"Visite du parc \u00e0 th\u00e8me \"Le pays des l\u00e9gendes\" au d\u00e9part de Belek - Parc aquatique"},"content":{"rendered":"<p data-start=\"1356\" data-end=\"1705\">Commencez votre journ\u00e9e par un transfert en douceur depuis Belek, Kadriye ou Bogazkent vers le parc \u00e0 th\u00e8me Land of Legends \u00e0 Belek. Sautez directement dans l'aventure avec l'Hyper Coaster de 62 m\u00e8tres de haut ou profitez de la chute vertigineuse du Typhoon Coaster de 43 m\u00e8tres. Avec plus de 40 toboggans, tous les visiteurs, des enfants aux amateurs d'adr\u00e9naline, trouveront une attraction qui leur plaira.<\/p>\n<p data-start=\"1707\" data-end=\"1949\">Les familles peuvent explorer <strong data-start=\"1728\" data-end=\"1748\">Nickelodeon Terre<\/strong>, o\u00f9 des personnages bien-aim\u00e9s comme Bob l'\u00e9ponge et la Patrouille des papas cr\u00e9ent des souvenirs inoubliables. Que vous soyez \u00e0 la recherche d'attractions \u00e9nergiques ou de moments de d\u00e9tente \u00e0 la piscine, le parc offre quelque chose pour tout le monde.<\/p>\n<p data-start=\"1951\" data-end=\"2130\">Passez votre journ\u00e9e \u00e0 explorer les piscines g\u00e9antes, les toboggans \u00e0 th\u00e8me, les zones d'activit\u00e9s et les spectacles d'animation. Apr\u00e8s des heures d'excitation et d'amusement en famille, profitez d'un transfert confortable vers votre h\u00f4tel.<\/p>\n<p>&nbsp;<\/p>\n<hr \/>\n<p>&nbsp;<\/p>\n<div class=\"tour-content-what-included\">\n<h4 id=\"whats-included\">Ce qui est Inclus<\/h4>\n<ul style=\"column-count: 2;\">\n<li>Prise en charge depuis les h\u00f4tels de Belek, Kadriye et Bogazkent<\/li>\n<li>Arriv\u00e9e \u00e0 La Terre de L\u00e9gendes \u00e0 Belek<\/li>\n<li>Temps libre pour les attractions, le parc aquatique et Nickelodeon Land (environ 5-6 heures)<\/li>\n<li>Transfert retour \u00e0 votre h\u00f4tel<\/li>\n<\/ul>\n<\/div>\n<p>&nbsp;<\/p>\n<hr \/>\n<p>&nbsp;<\/p>\n<div class=\"tour-content-add-information\">\n<h4>Des Informations Suppl\u00e9mentaires<\/h4>\n<ul>\n<li>Dur\u00e9e: env. De 7 \u00e0 8 heures (journ\u00e9e compl\u00e8te)<\/li>\n<li>Adapt\u00e9 pour les personnes \u00e0 mobilit\u00e9 de base<\/li>\n<li>Une activit\u00e9 physique mod\u00e9r\u00e9e n\u00e9cessaire<\/li>\n<li>Coupon \u00e0 \u00e9changer \u00e0 la billetterie<\/li>\n<li>Parc d'heures de fonctionnement peut varier selon la saison<\/li>\n<\/ul>\n<p>&nbsp;<\/p>\n<\/div>\n<hr \/>\n<p>&nbsp;<\/p>\n<div class=\"tour-content-cancell-policy\">\n<p><strong>Ce qu'il faut Apporter<\/strong><\/p>\n<ul style=\"column-count: 2;\">\n<li>Maillot de bain et serviette \ud83d\udc59<\/li>\n<li>Les chaussures de l'eau \ud83d\udc5f<\/li>\n<li>De tr\u00e9sorerie pour les d\u00e9penses personnelles \ud83d\udcb5<\/li>\n<\/ul>\n<\/div>","protected":false},"excerpt":{"rendered":"<p>Profitez de la visite du parc \u00e0 th\u00e8me The Land of Legends au d\u00e9part de Belek ! Le plus grand parc aquatique de Turquie propose des toboggans extr\u00eames, Nickelodeon Land, des piscines et des divertissements pour toute la famille - avec transferts \u00e0 l'h\u00f4tel inclus.<\/p>","protected":false},"featured_media":13898,"comment_status":"open","ping_status":"closed","template":"","meta":[],"product_brand":[],"product_cat":[15],"product_tag":[],"class_list":{"0":"post-13904","1":"product","2":"type-product","3":"status-publish","4":"has-post-thumbnail","6":"tour_phys-tours","7":"product_cat-non-classe","8":"pa_destination-belek","10":"first","11":"instock","12":"sale","13":"shipping-taxable","14":"purchasable","15":"product-type-tour_phys"},"_links":{"self":[{"href":"https:\/\/vetatourism.com\/fr\/wp-json\/wp\/v2\/product\/13904","targetHints":{"allow":["GET"]}}],"collection":[{"href":"https:\/\/vetatourism.com\/fr\/wp-json\/wp\/v2\/product"}],"about":[{"href":"https:\/\/vetatourism.com\/fr\/wp-json\/wp\/v2\/types\/product"}],"replies":[{"embeddable":true,"href":"https:\/\/vetatourism.com\/fr\/wp-json\/wp\/v2\/comments?post=13904"}],"wp:featuredmedia":[{"embeddable":true,"href":"https:\/\/vetatourism.com\/fr\/wp-json\/wp\/v2\/media\/13898"}],"wp:attachment":[{"href":"https:\/\/vetatourism.com\/fr\/wp-json\/wp\/v2\/media?parent=13904"}],"wp:term":[{"taxonomy":"product_brand","embeddable":true,"href":"https:\/\/vetatourism.com\/fr\/wp-json\/wp\/v2\/product_brand?post=13904"},{"taxonomy":"product_cat","embeddable":true,"href":"https:\/\/vetatourism.com\/fr\/wp-json\/wp\/v2\/product_cat?post=13904"},{"taxonomy":"product_tag","embeddable":true,"href":"https:\/\/vetatourism.com\/fr\/wp-json\/wp\/v2\/product_tag?post=13904"}],"curies":[{"name":"wp","href":"https:\/\/api.w.org\/{rel}","templated":true}]}}