{"id":13897,"date":"2026-01-30T09:53:59","date_gmt":"2026-01-30T09:53:59","guid":{"rendered":"https:\/\/vetatourism.com\/?post_type=product&#038;p=13897"},"modified":"2026-03-09T05:49:22","modified_gmt":"2026-03-09T05:49:22","slug":"la-terre-de-legendes-parc-a-theme-tour-du-cote-du-parc-aquatique","status":"publish","type":"product","link":"https:\/\/vetatourism.com\/tours\/the-land-of-legends-theme-park-tour-from-side-waterpark","title":{"rendered":"La Terre de L\u00e9gendes Parc \u00e0 Th\u00e8me de la Tourn\u00e9e d'un C\u00f4t\u00e9 d'un parc Aquatique"},"content":{"rendered":"<p data-start=\"1365\" data-end=\"1657\">Commencez votre journ\u00e9e avec un confortable de transfert d'un C\u00f4t\u00e9 et les r\u00e9gions proches de La Terre de L\u00e9gendes Parc \u00e0 Th\u00e8me \u00e0 Belek. Ressentez l'excitation de la 62 m\u00e8tres de l'Hyper Coaster ou la chute spectaculaire de l'43 m\u00e8tres de Typhon Coaster. Avec plus de 40 diapositives, le parc aquatique offre un plaisir sans fin pour tous les \u00e2ges.<\/p>\n<p data-start=\"1659\" data-end=\"1905\">Les familles adoreront <strong data-start=\"1678\" data-end=\"1698\">Nickelodeon Terre<\/strong>, maison de personnages populaires comme Bob l'\u00c9ponge et de la Patte de Patrouille. De passionnantes promenades de d\u00e9tente pr\u00e8s de la piscine, le parc offre un parfait m\u00e9lange d'excitation et de confort pour les visiteurs de chaque groupe d'\u00e2ge.<\/p>\n<p data-start=\"1907\" data-end=\"2061\">Apr\u00e8s avoir profit\u00e9 des attractions, des piscines, des zones \u00e0 th\u00e8me et parc d'animations, de vous d\u00e9tendre lors de votre retour, transfert retour \u00e0 votre h\u00f4tel avec des souvenirs inoubliables.<\/p>\n<p>&nbsp;<\/p>\n<div style=\"max-width: 360px; margin: 0;\">\n<div style=\"position: relative; padding-top: 177.77%;\"><iframe style=\"position: absolute; top: 0; left: 0; width: 100%; height: 100%; border: 0;\" src=\"https:\/\/www.youtube.com\/embed\/St3lKbdWbVE\" allowfullscreen=\"allowfullscreen\"><br \/>\n<\/iframe><\/div>\n<\/div>\n<hr \/>\n<p>&nbsp;<\/p>\n<div class=\"tour-content-what-included\">\n<h4 id=\"whats-included\">Ce qui est Inclus<\/h4>\n<ul style=\"column-count: 2;\">\n<li>Ramassage des h\u00f4tels \u00e0 C\u00f4t\u00e9, Kumk\u00f6y, Evrenseki, \u00c7olakl\u0131 &amp; Manavgat<\/li>\n<li>Arriv\u00e9e \u00e0 La Terre de L\u00e9gendes \u00e0 Belek<\/li>\n<li>Temps libre pour des promenades, des piscines, des toboggans et Nickelodeon Terre (approx. 5-6 heures)<\/li>\n<li>Transfert retour \u00e0 l'h\u00f4tel<\/li>\n<\/ul>\n<\/div>\n<p>&nbsp;<\/p>\n<hr \/>\n<p>&nbsp;<\/p>\n<div class=\"tour-content-add-information\">\n<h4>Des Informations Suppl\u00e9mentaires<\/h4>\n<ul>\n<li>Dur\u00e9e: env. De 7 \u00e0 8 heures (journ\u00e9e compl\u00e8te)<\/li>\n<li>Adapt\u00e9 pour les personnes \u00e0 mobilit\u00e9 de base<\/li>\n<li>Une activit\u00e9 physique mod\u00e9r\u00e9e n\u00e9cessaire<\/li>\n<li>Coupon \u00e0 \u00e9changer \u00e0 la billetterie<\/li>\n<li>Parc d'heures de fonctionnement peut varier selon la saison<\/li>\n<\/ul>\n<p>&nbsp;<\/p>\n<\/div>\n<hr \/>\n<p>&nbsp;<\/p>\n<div class=\"tour-content-cancell-policy\">\n<p><strong>Ce qu'il faut Apporter<\/strong><\/p>\n<ul style=\"column-count: 2;\">\n<li>Maillot de bain et serviette \ud83d\udc59<\/li>\n<li>Les chaussures de l'eau \ud83d\udc5f<\/li>\n<li>De tr\u00e9sorerie pour les d\u00e9penses personnelles \ud83d\udcb5<\/li>\n<\/ul>\n<\/div>","protected":false},"excerpt":{"rendered":"<p>Profitez de La Terre de L\u00e9gendes parc \u00e0 th\u00e8me de la tour de C\u00f4t\u00e9! La turquie le plus grand parc aquatique caract\u00e9ristiques palpitante diapositives, Nickelodeon Terre, des piscines et plein de plaisir en famille \u2014 avec les transferts \u00e0 l'h\u00f4tel inclus.<\/p>","protected":false},"featured_media":13898,"comment_status":"open","ping_status":"closed","template":"","meta":[],"product_brand":[],"product_cat":[15],"product_tag":[],"class_list":{"0":"post-13897","1":"product","2":"type-product","3":"status-publish","4":"has-post-thumbnail","6":"tour_phys-tours","7":"product_cat-non-classe","8":"pa_destination-side","10":"first","11":"instock","12":"sale","13":"shipping-taxable","14":"purchasable","15":"product-type-tour_phys"},"_links":{"self":[{"href":"https:\/\/vetatourism.com\/fr\/wp-json\/wp\/v2\/product\/13897","targetHints":{"allow":["GET"]}}],"collection":[{"href":"https:\/\/vetatourism.com\/fr\/wp-json\/wp\/v2\/product"}],"about":[{"href":"https:\/\/vetatourism.com\/fr\/wp-json\/wp\/v2\/types\/product"}],"replies":[{"embeddable":true,"href":"https:\/\/vetatourism.com\/fr\/wp-json\/wp\/v2\/comments?post=13897"}],"wp:featuredmedia":[{"embeddable":true,"href":"https:\/\/vetatourism.com\/fr\/wp-json\/wp\/v2\/media\/13898"}],"wp:attachment":[{"href":"https:\/\/vetatourism.com\/fr\/wp-json\/wp\/v2\/media?parent=13897"}],"wp:term":[{"taxonomy":"product_brand","embeddable":true,"href":"https:\/\/vetatourism.com\/fr\/wp-json\/wp\/v2\/product_brand?post=13897"},{"taxonomy":"product_cat","embeddable":true,"href":"https:\/\/vetatourism.com\/fr\/wp-json\/wp\/v2\/product_cat?post=13897"},{"taxonomy":"product_tag","embeddable":true,"href":"https:\/\/vetatourism.com\/fr\/wp-json\/wp\/v2\/product_tag?post=13897"}],"curies":[{"name":"wp","href":"https:\/\/api.w.org\/{rel}","templated":true}]}}