{"id":13896,"date":"2026-01-30T09:40:03","date_gmt":"2026-01-30T09:40:03","guid":{"rendered":"https:\/\/vetatourism.com\/?post_type=product&#038;p=13896"},"modified":"2026-04-09T08:52:49","modified_gmt":"2026-04-09T08:52:49","slug":"belek-turkish-bath-hamam-traditional-spa-experience","status":"publish","type":"product","link":"https:\/\/vetatourism.com\/tours\/belek-turkish-bath-hamam-traditional-spa-experience","title":{"rendered":"Belek Bain Turc Hammam &amp; Spa Traditionnel De L'Exp\u00e9rience"},"content":{"rendered":"<p>Votre exp\u00e9rience commence par une prise en charge confortable depuis votre h\u00f4tel \u00e0 Belek ou dans les environs. \u00c0 votre arriv\u00e9e au bain turc traditionnel, vous commencerez votre voyage de bien-\u00eatre dans le sauna et le hammam, ce qui aidera votre corps \u00e0 se d\u00e9tendre et vos pores \u00e0 s'ouvrir naturellement.<\/p>\n<p>Ensuite, vous profitez d'un gommage du corps pour \u00e9liminer les peaux mortes, suivi d'un massage classique \u00e0 la mousse qui laisse votre peau douce et rafra\u00eechie. Un masque \u00e0 l'argile est ensuite appliqu\u00e9 pour nettoyer et d\u00e9toxifier votre visage.<\/p>\n<p>Apr\u00e8s un moment de d\u00e9tente ou une baignade dans la piscine, votre exp\u00e9rience se poursuit avec un massage \u00e0 l'huile aromath\u00e9rapeutique de 20 minutes con\u00e7u pour rel\u00e2cher les tensions et r\u00e9tablir l'\u00e9quilibre. Terminez votre visite par une tasse de th\u00e9 turc bien chaud avant de rentrer \u00e0 votre h\u00f4tel en pleine forme.<\/p>\n<p>&nbsp;<\/p>\n<hr \/>\n<p>&nbsp;<\/p>\n<div class=\"tour-content-what-included\">\n<h4 id=\"whats-included\">Ce qui est Inclus<\/h4>\n<ul style=\"column-count: 2;\">\n<li>Prise en charge depuis les h\u00f4tels de Belek, Kadriye et Bo\u011fazkent<\/li>\n<li>Arriv\u00e9e au bain turc<\/li>\n<li>S\u00e9ance de sauna et de hammam<\/li>\n<li>Gommage du corps et massage \u00e0 la mousse<\/li>\n<li>Masque \u00e0 l'argile et piscine<\/li>\n<li>Massage \u00e0 l'huile d'aromath\u00e9rapie<\/li>\n<li>Transfert retour \u00e0 l'h\u00f4tel<\/li>\n<\/ul>\n<\/div>\n<p>&nbsp;<\/p>\n<hr \/>\n<p>&nbsp;<\/p>\n<div class=\"tour-content-add-information\">\n<h4>Des Informations Suppl\u00e9mentaires<\/h4>\n<ul>\n<li>Dur\u00e9e : environ 2,5-3 heures<\/li>\n<li>Pas de limite de temps pour le sauna et le hammam<\/li>\n<li>Convient aux hommes et aux femmes<\/li>\n<li>Options priv\u00e9es disponibles sur demande<\/li>\n<li>Les enfants de moins de 12 ans peuvent participer \u00e0 la surveillance des parents<\/li>\n<\/ul>\n<\/div>\n<p>&nbsp;<\/p>\n<hr \/>\n<p>&nbsp;<\/p>\n<div class=\"tour-content-cancell-policy\">\n<p><strong>Ce qu'il faut Apporter<\/strong><\/p>\n<ul style=\"column-count: 2;\">\n<li>Maillot de bain \ud83d\udc59<\/li>\n<li>Serviette (peut \u00eatre fournie au spa) \ud83e\uddd6\u200d\u2640\ufe0f<\/li>\n<li>Chaussons ou tongs\ud83e\ude74<\/li>\n<\/ul>\n<\/div>","protected":false},"excerpt":{"rendered":"<p>D\u00e9tendez-vous dans un bain turc traditionnel \u00e0 Belek avec sauna, gommage, massage \u00e0 la mousse et aromath\u00e9rapie. Transfert \u00e0 l'h\u00f4tel inclus. Rafra\u00eechissez votre corps et votre esprit.<\/p>","protected":false},"featured_media":13865,"comment_status":"open","ping_status":"closed","template":"","meta":[],"product_brand":[],"product_cat":[],"product_tag":[],"class_list":{"0":"post-13896","1":"product","2":"type-product","3":"status-publish","4":"has-post-thumbnail","6":"tour_phys-tours","7":"pa_destination-belek","9":"first","10":"instock","11":"shipping-taxable","12":"purchasable","13":"product-type-tour_phys"},"_links":{"self":[{"href":"https:\/\/vetatourism.com\/fr\/wp-json\/wp\/v2\/product\/13896","targetHints":{"allow":["GET"]}}],"collection":[{"href":"https:\/\/vetatourism.com\/fr\/wp-json\/wp\/v2\/product"}],"about":[{"href":"https:\/\/vetatourism.com\/fr\/wp-json\/wp\/v2\/types\/product"}],"replies":[{"embeddable":true,"href":"https:\/\/vetatourism.com\/fr\/wp-json\/wp\/v2\/comments?post=13896"}],"wp:featuredmedia":[{"embeddable":true,"href":"https:\/\/vetatourism.com\/fr\/wp-json\/wp\/v2\/media\/13865"}],"wp:attachment":[{"href":"https:\/\/vetatourism.com\/fr\/wp-json\/wp\/v2\/media?parent=13896"}],"wp:term":[{"taxonomy":"product_brand","embeddable":true,"href":"https:\/\/vetatourism.com\/fr\/wp-json\/wp\/v2\/product_brand?post=13896"},{"taxonomy":"product_cat","embeddable":true,"href":"https:\/\/vetatourism.com\/fr\/wp-json\/wp\/v2\/product_cat?post=13896"},{"taxonomy":"product_tag","embeddable":true,"href":"https:\/\/vetatourism.com\/fr\/wp-json\/wp\/v2\/product_tag?post=13896"}],"curies":[{"name":"wp","href":"https:\/\/api.w.org\/{rel}","templated":true}]}}