{"id":13863,"date":"2026-01-30T08:09:01","date_gmt":"2026-01-30T08:09:01","guid":{"rendered":"https:\/\/vetatourism.com\/?post_type=product&#038;p=13863"},"modified":"2026-04-09T08:54:07","modified_gmt":"2026-04-09T08:54:07","slug":"side-turkish-bath-hamam-traditional-spa-experience","status":"publish","type":"product","link":"https:\/\/vetatourism.com\/tours\/side-turkish-bath-hamam-traditional-spa-experience","title":{"rendered":"Bain turc lat\u00e9ral, Hamam et Spa traditionnel"},"content":{"rendered":"<p data-start=\"4269\" data-end=\"4473\">Votre journ\u00e9e de d\u00e9tente commence par une prise en charge \u00e0 votre h\u00f4tel \u00e0 Side ou dans les environs. \u00c0 votre arriv\u00e9e au bain turc, vous commencerez votre exp\u00e9rience dans le sauna et le hammam afin de pr\u00e9parer votre corps au traitement.<\/p>\n<p data-start=\"4475\" data-end=\"4659\">Profitez d'un gommage complet du corps pour exfolier votre peau, suivi d'un riche massage \u00e0 la mousse - l'une des traditions les plus appr\u00e9ci\u00e9es du hammam. Un masque \u00e0 l'argile est ensuite appliqu\u00e9 pour nettoyer et rafra\u00eechir votre visage.<\/p>\n<p data-start=\"4661\" data-end=\"4859\">Apr\u00e8s la d\u00e9tente ou la baignade, compl\u00e9tez votre visite par un massage \u00e0 l'huile aromath\u00e9rapeutique de 20 minutes qui vous d\u00e9tendra compl\u00e8tement. Avant de rentrer \u00e0 l'h\u00f4tel, d\u00e9gustez une tasse de th\u00e9 turc traditionnel.<\/p>\n<p>&nbsp;<\/p>\n<hr \/>\n<p>&nbsp;<\/p>\n<div class=\"tour-content-what-included\">\n<h4 id=\"whats-included\">Ce qui est Inclus<\/h4>\n<ul style=\"column-count: 2;\">\n<li>Prise en charge \u00e0 partir des h\u00f4tels de Side et des environs<\/li>\n<li>Arriv\u00e9e au bain turc<\/li>\n<li>S\u00e9ance de sauna et de hammam<\/li>\n<li>Gommage du corps et massage \u00e0 la mousse<\/li>\n<li>Masque \u00e0 l'argile et piscine<\/li>\n<li>Massage \u00e0 l'huile d'aromath\u00e9rapie<\/li>\n<li>Transfert retour \u00e0 l'h\u00f4tel<\/li>\n<\/ul>\n<\/div>\n<p>&nbsp;<\/p>\n<hr \/>\n<p>&nbsp;<\/p>\n<div class=\"tour-content-add-information\">\n<h4>Des Informations Suppl\u00e9mentaires<\/h4>\n<ul>\n<li>Dur\u00e9e : environ 2,5-3 heures<\/li>\n<li>Pas de limite de temps pour le sauna et le hammam<\/li>\n<li>Convient aux hommes et aux femmes<\/li>\n<li>Options priv\u00e9es disponibles sur demande<\/li>\n<li>Les enfants de moins de 12 ans peuvent participer \u00e0 la surveillance des parents<\/li>\n<\/ul>\n<p>&nbsp;<\/p>\n<\/div>\n<hr \/>\n<p>&nbsp;<\/p>\n<div class=\"tour-content-cancell-policy\">\n<p><strong>Ce qu'il faut Apporter<\/strong><\/p>\n<ul style=\"column-count: 2;\">\n<li>Maillot de bain \ud83d\udc59<\/li>\n<li>Serviette (peut \u00eatre fournie au spa) \ud83e\uddd6\u200d\u2640\ufe0f<\/li>\n<li>Chaussons ou tongs\ud83e\ude74<\/li>\n<\/ul>\n<\/div>","protected":false},"excerpt":{"rendered":"<p>Profitez d'un bain turc traditionnel \u00e0 Side avec sauna, gommage, massage \u00e0 la mousse et aromath\u00e9rapie. Une exp\u00e9rience spa relaxante avec transfert \u00e0 l'h\u00f4tel.<\/p>","protected":false},"featured_media":13865,"comment_status":"open","ping_status":"closed","template":"","meta":[],"product_brand":[],"product_cat":[],"product_tag":[],"class_list":{"0":"post-13863","1":"product","2":"type-product","3":"status-publish","4":"has-post-thumbnail","6":"tour_phys-tours","7":"pa_destination-side","9":"first","10":"instock","11":"shipping-taxable","12":"purchasable","13":"product-type-tour_phys"},"_links":{"self":[{"href":"https:\/\/vetatourism.com\/fr\/wp-json\/wp\/v2\/product\/13863","targetHints":{"allow":["GET"]}}],"collection":[{"href":"https:\/\/vetatourism.com\/fr\/wp-json\/wp\/v2\/product"}],"about":[{"href":"https:\/\/vetatourism.com\/fr\/wp-json\/wp\/v2\/types\/product"}],"replies":[{"embeddable":true,"href":"https:\/\/vetatourism.com\/fr\/wp-json\/wp\/v2\/comments?post=13863"}],"wp:featuredmedia":[{"embeddable":true,"href":"https:\/\/vetatourism.com\/fr\/wp-json\/wp\/v2\/media\/13865"}],"wp:attachment":[{"href":"https:\/\/vetatourism.com\/fr\/wp-json\/wp\/v2\/media?parent=13863"}],"wp:term":[{"taxonomy":"product_brand","embeddable":true,"href":"https:\/\/vetatourism.com\/fr\/wp-json\/wp\/v2\/product_brand?post=13863"},{"taxonomy":"product_cat","embeddable":true,"href":"https:\/\/vetatourism.com\/fr\/wp-json\/wp\/v2\/product_cat?post=13863"},{"taxonomy":"product_tag","embeddable":true,"href":"https:\/\/vetatourism.com\/fr\/wp-json\/wp\/v2\/product_tag?post=13863"}],"curies":[{"name":"wp","href":"https:\/\/api.w.org\/{rel}","templated":true}]}}