{"id":13862,"date":"2026-01-30T08:02:56","date_gmt":"2026-01-30T08:02:56","guid":{"rendered":"https:\/\/vetatourism.com\/?post_type=product&#038;p=13862"},"modified":"2026-04-09T08:57:57","modified_gmt":"2026-04-09T08:57:57","slug":"olympos-teleferik-cable-car-to-tahtali-mountain-from-belek-2365m","status":"publish","type":"product","link":"https:\/\/vetatourism.com\/tours\/olympos-teleferik-cable-car-to-tahtali-mountain-from-belek-2365m","title":{"rendered":"Olympos Teleferik t\u00e9l\u00e9ph\u00e9rique pour Tahtal\u0131 Montagne De Belek (2365m)"},"content":{"rendered":"<p data-start=\"4422\" data-end=\"4614\">Votre journ\u00e9e commence avec un pick-up \u00e0 votre h\u00f4tel \u00e0 C\u00f4t\u00e9 ou des environs. D\u00e9tendez-vous au cours d'une route panoramique \u00e0 travers le Beyda\u011flar\u0131 Parc National avant d'atteindre l'Olympe t\u00e9l\u00e9ph\u00e9rique de la station de base.<\/p>\n<p data-start=\"4616\" data-end=\"4834\">Profitez d'une ascension r\u00e9guli\u00e8re dans un cadre moderne c\u00e2ble cabine de voiture, de l'escalade \u00e0 2,365 m\u00e8tres environ 10-12 minutes. Comme vous vous levez, d'admirer des vues \u00e0 couper le souffle de for\u00eats, de montagnes et le littoral M\u00e9diterran\u00e9en qui s'\u00e9tend plus loin.<\/p>\n<p data-start=\"4836\" data-end=\"5057\">Au sommet, profitez d'une heure de temps libre pour explorer les plates-formes d'observation, de prendre des photos, visiter les boutiques de souvenirs ou simplement vous d\u00e9tendre et profiter de l'air frais de la montagne. Par la suite, descendre en t\u00e9l\u00e9ph\u00e9rique et retour \u00e0 votre h\u00f4tel.<\/p>\n<p>&nbsp;<\/p>\n<hr \/>\n<p>&nbsp;<\/p>\n<div class=\"tour-content-what-included\">\n<h4 id=\"whats-included\">Ce qui est Inclus<\/h4>\n<ul style=\"column-count: 2;\">\n<li>Ramassage des h\u00f4tels \u00e0 C\u00f4t\u00e9 &amp; environs<\/li>\n<li>Route panoramique \u00e0 travers Beyda\u011flar\u0131 Parc National<\/li>\n<li>Arriv\u00e9e \u00e0 Olympos station de t\u00e9l\u00e9ph\u00e9rique<\/li>\n<li>Trajet en t\u00e9l\u00e9ph\u00e9rique \u00e0 Tahtal\u0131 sommet de la Montagne<\/li>\n<li>Temps libre au sommet (approx. 1 heure)<\/li>\n<li>Transfert retour \u00e0 l'h\u00f4tel<\/li>\n<\/ul>\n<\/div>\n<p>&nbsp;<\/p>\n<hr \/>\n<p>&nbsp;<\/p>\n<div class=\"tour-content-add-information\">\n<h4>Des Informations Suppl\u00e9mentaires<\/h4>\n<ul>\n<li>Dur\u00e9e de la visite: env. 4-5 heures<\/li>\n<li>Trajet en t\u00e9l\u00e9ph\u00e9rique dur\u00e9e: 10 \u00e0 12 minutes<\/li>\n<li>Les temp\u00e9ratures plus fra\u00eeches au sommet<\/li>\n<li>Gratuit les enfants ne re\u00e7oivent pas un bus s\u00e9par\u00e9 du si\u00e8ge si le bus est plein<\/li>\n<\/ul>\n<p>&nbsp;<\/p>\n<\/div>\n<hr \/>\n<p>&nbsp;<\/p>\n<div class=\"tour-content-cancell-policy\">\n<p><strong>Ce qu'il faut Apporter<\/strong><\/p>\n<ul style=\"column-count: 2;\">\n<li>Des chaussures confortables\ud83d\udc5f<\/li>\n<li>Lunettes de soleil\ud83d\udd76\ufe0f<\/li>\n<li>Veste l\u00e9g\u00e8re ou un pull\ud83e\udde5<\/li>\n<li>Appareil photo ou smartphone \ud83d\udcf1<\/li>\n<\/ul>\n<\/div>","protected":false},"excerpt":{"rendered":"<p>Monter les Olympos t\u00e9l\u00e9ph\u00e9rique de Belek \u00e0 Tahtal\u0131 Montagne \u00e0 2365m. Profitez de la vue panoramique, l'air frais et transferts \u00e0 l'h\u00f4tel inclus.<\/p>","protected":false},"featured_media":13854,"comment_status":"open","ping_status":"closed","template":"","meta":[],"product_brand":[],"product_cat":[],"product_tag":[],"class_list":{"0":"post-13862","1":"product","2":"type-product","3":"status-publish","4":"has-post-thumbnail","6":"tour_phys-tours","7":"pa_destination-belek","9":"first","10":"instock","11":"shipping-taxable","12":"purchasable","13":"product-type-tour_phys"},"_links":{"self":[{"href":"https:\/\/vetatourism.com\/fr\/wp-json\/wp\/v2\/product\/13862","targetHints":{"allow":["GET"]}}],"collection":[{"href":"https:\/\/vetatourism.com\/fr\/wp-json\/wp\/v2\/product"}],"about":[{"href":"https:\/\/vetatourism.com\/fr\/wp-json\/wp\/v2\/types\/product"}],"replies":[{"embeddable":true,"href":"https:\/\/vetatourism.com\/fr\/wp-json\/wp\/v2\/comments?post=13862"}],"wp:featuredmedia":[{"embeddable":true,"href":"https:\/\/vetatourism.com\/fr\/wp-json\/wp\/v2\/media\/13854"}],"wp:attachment":[{"href":"https:\/\/vetatourism.com\/fr\/wp-json\/wp\/v2\/media?parent=13862"}],"wp:term":[{"taxonomy":"product_brand","embeddable":true,"href":"https:\/\/vetatourism.com\/fr\/wp-json\/wp\/v2\/product_brand?post=13862"},{"taxonomy":"product_cat","embeddable":true,"href":"https:\/\/vetatourism.com\/fr\/wp-json\/wp\/v2\/product_cat?post=13862"},{"taxonomy":"product_tag","embeddable":true,"href":"https:\/\/vetatourism.com\/fr\/wp-json\/wp\/v2\/product_tag?post=13862"}],"curies":[{"name":"wp","href":"https:\/\/api.w.org\/{rel}","templated":true}]}}