{"id":13852,"date":"2026-01-30T07:49:10","date_gmt":"2026-01-30T07:49:10","guid":{"rendered":"https:\/\/vetatourism.com\/?post_type=product&#038;p=13852"},"modified":"2026-04-08T11:04:40","modified_gmt":"2026-04-08T11:04:40","slug":"belek-quad-safari-tour-thrilling-off-road-adventure","status":"publish","type":"product","link":"https:\/\/vetatourism.com\/tours\/belek-quad-safari-tour-thrilling-off-road-adventure","title":{"rendered":"Belek Quad Safari Tour, Palpitante Aventure Hors Route"},"content":{"rendered":"<p data-start=\"1387\" data-end=\"1631\">Votre aventure commence avec un pick-up \u00e0 votre h\u00f4tel \u00e0 Belek ou \u00e0 proximit\u00e9 de zones. \u00c0 l'arriv\u00e9e \u00e0 l'quad safari camp de base, des instructeurs professionnels de fournir un briefing de s\u00e9curit\u00e9 et de test court de route pour que tout le monde se sent confiant avant la course.<\/p>\n<p data-start=\"1633\" data-end=\"1842\">Une fois pr\u00eat, commencez votre quad safari \u00e0 travers les sentiers de la for\u00eat, les chemins de terre et de rochers de la montagne. Profitez du plaisir de l'\u00e9quitation \u00e0 travers sections boueuses et les sentiers in\u00e9gaux, tout en \u00e9tant entour\u00e9 par de superbes paysages naturels.<\/p>\n<p data-start=\"1844\" data-end=\"2162\">\u00c0 mi-chemin \u00e0 travers la visite, arr\u00eatez-vous \u00e0 un point de vue panoramique pour se reposer, prendre des photos et profiter de la vue sur la montagne. La deuxi\u00e8me partie du safari devient plus int\u00e9ressant avec plus raides, les chemins et les plus nettes se transforme. Apr\u00e8s la balade, vous rafra\u00eechir avec une baignade rafra\u00eechissante dans un canyon avant de retourner au camp de base, puis retour \u00e0 votre h\u00f4tel.<\/p>\n<p>&nbsp;<\/p>\n<hr \/>\n<p>&nbsp;<\/p>\n<div class=\"tour-content-what-included\">\n<h4 id=\"whats-included\">Ce qui est Inclus<\/h4>\n<ul style=\"column-count: 2;\">\n<li>Ramassage des h\u00f4tels \u00e0 Belek &amp; environs<\/li>\n<li>Arriv\u00e9e au quad safari camp de base<\/li>\n<li>Briefing de s\u00e9curit\u00e9 et de test drive<\/li>\n<li>Quad safari \u00e0 travers les sentiers de montagne<\/li>\n<li>Photo pause au point de vue panoramique<\/li>\n<li>Canyon nager pause<\/li>\n<li>Transfert retour \u00e0 l'h\u00f4tel<\/li>\n<\/ul>\n<\/div>\n<p>&nbsp;<\/p>\n<hr \/>\n<p>&nbsp;<\/p>\n<div class=\"tour-content-add-information\">\n<h4>Des Informations Suppl\u00e9mentaires<\/h4>\n<ul>\n<li>Aucun permis requis<\/li>\n<li>Adapt\u00e9 pour les d\u00e9butants et les coureurs exp\u00e9riment\u00e9s<\/li>\n<li>Minimum age du pilote: 17<\/li>\n<li>Terrain accident\u00e9 \u2014 bon \u00e9quilibre recommand\u00e9<\/li>\n<li>Le mat\u00e9riel de s\u00e9curit\u00e9 est fourni<\/li>\n<\/ul>\n<p>&nbsp;<\/p>\n<\/div>\n<hr \/>\n<p>&nbsp;<\/p>\n<div class=\"tour-content-cancell-policy\">\n<p><strong>Ce qu'il faut Apporter<\/strong><\/p>\n<ul style=\"column-count: 2;\">\n<li>Des v\u00eatements confortables et des chaussures de\ud83d\udc55<\/li>\n<li>De la cr\u00e8me solaire\ud83e\uddf4<\/li>\n<li>Maillots de bain et serviette <img decoding=\"async\" class=\"emoji\" role=\"img\" draggable=\"false\" src=\"https:\/\/s.w.org\/images\/core\/emoji\/17.0.2\/svg\/1fa71.svg\" alt=\"\ud83e\ude71\" \/><\/li>\n<li>De tr\u00e9sorerie pour les d\u00e9penses personnelles <img decoding=\"async\" class=\"emoji\" role=\"img\" draggable=\"false\" src=\"https:\/\/s.w.org\/images\/core\/emoji\/17.0.2\/svg\/1f4b3.svg\" alt=\"\ud83d\udcb3\" \/><\/li>\n<\/ul>\n<\/div>","protected":false},"excerpt":{"rendered":"<p>Rejoindre une palpitante quad safari de Belek dans les Montagnes du Taurus. Rouler les sentiers hors route, profitez de canyon de la natation et de transferts \u00e0 l'h\u00f4tel inclus.<\/p>","protected":false},"featured_media":13845,"comment_status":"open","ping_status":"closed","template":"","meta":[],"product_brand":[],"product_cat":[],"product_tag":[],"class_list":{"0":"post-13852","1":"product","2":"type-product","3":"status-publish","4":"has-post-thumbnail","6":"tour_phys-tours","7":"pa_destination-belek","9":"first","10":"instock","11":"sale","12":"shipping-taxable","13":"purchasable","14":"product-type-tour_phys"},"_links":{"self":[{"href":"https:\/\/vetatourism.com\/fr\/wp-json\/wp\/v2\/product\/13852","targetHints":{"allow":["GET"]}}],"collection":[{"href":"https:\/\/vetatourism.com\/fr\/wp-json\/wp\/v2\/product"}],"about":[{"href":"https:\/\/vetatourism.com\/fr\/wp-json\/wp\/v2\/types\/product"}],"replies":[{"embeddable":true,"href":"https:\/\/vetatourism.com\/fr\/wp-json\/wp\/v2\/comments?post=13852"}],"wp:featuredmedia":[{"embeddable":true,"href":"https:\/\/vetatourism.com\/fr\/wp-json\/wp\/v2\/media\/13845"}],"wp:attachment":[{"href":"https:\/\/vetatourism.com\/fr\/wp-json\/wp\/v2\/media?parent=13852"}],"wp:term":[{"taxonomy":"product_brand","embeddable":true,"href":"https:\/\/vetatourism.com\/fr\/wp-json\/wp\/v2\/product_brand?post=13852"},{"taxonomy":"product_cat","embeddable":true,"href":"https:\/\/vetatourism.com\/fr\/wp-json\/wp\/v2\/product_cat?post=13852"},{"taxonomy":"product_tag","embeddable":true,"href":"https:\/\/vetatourism.com\/fr\/wp-json\/wp\/v2\/product_tag?post=13852"}],"curies":[{"name":"wp","href":"https:\/\/api.w.org\/{rel}","templated":true}]}}