{"id":13843,"date":"2026-01-30T07:01:54","date_gmt":"2026-01-30T07:01:54","guid":{"rendered":"https:\/\/vetatourism.com\/?post_type=product&#038;p=13843"},"modified":"2026-03-09T05:49:52","modified_gmt":"2026-03-09T05:49:52","slug":"belek-jeep-safari-tour-explore-taurus-mountains","status":"publish","type":"product","link":"https:\/\/vetatourism.com\/tours\/belek-jeep-safari-tour-explore-taurus-mountains","title":{"rendered":"Belek Safari En Jeep Tour \u2013 Explorer Les Montagnes Du Taurus"},"content":{"rendered":"<div data-start=\"1373\" data-end=\"1664\">\n<div data-start=\"1373\" data-end=\"1664\">\n<div data-start=\"1351\" data-end=\"1616\">Votre aventure commence par une prise en charge \u00e0 votre h\u00f4tel \u00e0 Belek. Apr\u00e8s avoir rencontr\u00e9 vos sympathiques chauffeurs, vous partirez en jeep 4\u00d74 \u00e0 toit ouvert en direction des montagnes du Taurus. Profitez de l'air frais des montagnes, de paysages \u00e9poustouflants et de pistes tout-terrain passionnantes \u00e0 travers les for\u00eats et les terrains accident\u00e9s.<\/div>\n<div data-start=\"1618\" data-end=\"1817\">Le long de la route, vous visiterez un village local pour d\u00e9couvrir la vie rurale traditionnelle et vous arr\u00eaterez \u00e0 des points de vue pittoresques pour prendre des photos. \u00c0 la mi-journ\u00e9e, vous d\u00e9gusterez un savoureux d\u00e9jeuner barbecue dans un restaurant de campagne entour\u00e9 par la nature.<\/div>\n<div data-start=\"1819\" data-end=\"2112\">Apr\u00e8s le d\u00e9jeuner, rafra\u00eechissez-vous en nageant dans une rivi\u00e8re de montagne naturelle ou d\u00e9tendez-vous au bord de l'eau. Sur le chemin du retour, participez \u00e0 une bataille d'eau optionnelle entre les jeeps - un moment fort de l'excursion, amusant et m\u00e9morable. Enfin, retournez \u00e0 votre h\u00f4tel avec des souvenirs inoubliables d'aventure et de nature.<\/div>\n<\/div>\n<\/div>\n<p>&nbsp;<\/p>\n<hr \/>\n<p>&nbsp;<\/p>\n<div class=\"tour-content-what-included\">\n<h4 id=\"whats-included\">Ce qui est Inclus<\/h4>\n<ul style=\"column-count: 2;\">\n<li>Prise en charge \u00e0 partir des h\u00f4tels de Belek<\/li>\n<li>Off-road drive dans les Montagnes du Taurus<\/li>\n<li>Visite d'un village de montagne traditionnel<\/li>\n<li>Photo panoramique s'arr\u00eate<\/li>\n<li>D\u00e9jeuner BARBECUE dans la nature<\/li>\n<li>Pause baignade dans une rivi\u00e8re de montagne<\/li>\n<li>En option bataille d'eau<\/li>\n<li>Transfert retour \u00e0 l'h\u00f4tel<\/li>\n<\/ul>\n<\/div>\n<p>&nbsp;<\/p>\n<hr \/>\n<p>&nbsp;<\/p>\n<div class=\"tour-content-add-information\">\n<h4>Des Informations Suppl\u00e9mentaires<\/h4>\n<ul>\n<li>Dur\u00e9e: env. 6-7 heures<\/li>\n<li>Visite r\u00e9alis\u00e9e en open-top safari en jeep<\/li>\n<li>Id\u00e9al pour les familles et les amoureux de l'aventure<\/li>\n<li>Une activit\u00e9 physique mod\u00e9r\u00e9e<\/li>\n<li>\u00catre pr\u00eat \u00e0 l'entr\u00e9e principale de l'h\u00f4tel \u00e0 10 minutes avant la prise en charge<\/li>\n<\/ul>\n<p>&nbsp;<\/p>\n<\/div>\n<hr \/>\n<p>&nbsp;<\/p>\n<div class=\"tour-content-cancell-policy\">\n<p><strong>Ce qu'il faut Apporter<\/strong><\/p>\n<ul style=\"column-count: 2;\">\n<li>Des v\u00eatements confortables et des chaussures de\ud83d\udc55<\/li>\n<li>De la cr\u00e8me solaire \ud83e\uddf4<\/li>\n<li>Maillots de bain et serviette <img decoding=\"async\" class=\"emoji\" role=\"img\" draggable=\"false\" src=\"https:\/\/s.w.org\/images\/core\/emoji\/17.0.2\/svg\/1fa71.svg\" alt=\"\ud83e\ude71\" \/><\/li>\n<li>De tr\u00e9sorerie pour les boissons et les d\u00e9penses personnelles <img decoding=\"async\" class=\"emoji\" role=\"img\" draggable=\"false\" src=\"https:\/\/s.w.org\/images\/core\/emoji\/17.0.2\/svg\/1f4b3.svg\" alt=\"\ud83d\udcb3\" \/><\/li>\n<\/ul>\n<\/div>","protected":false},"excerpt":{"rendered":"<p>Join a Jeep Safari from Belek in the Taurus Mountains. Drive 4&#215;4 jeeps, visit villages, swim in rivers, enjoy BBQ lunch and hotel transfers.<\/p>","protected":false},"featured_media":13834,"comment_status":"open","ping_status":"closed","template":"","meta":[],"product_brand":[],"product_cat":[15],"product_tag":[],"class_list":{"0":"post-13843","1":"product","2":"type-product","3":"status-publish","4":"has-post-thumbnail","6":"tour_phys-tours","7":"product_cat-non-classe","8":"pa_destination-belek","10":"first","11":"instock","12":"sale","13":"shipping-taxable","14":"purchasable","15":"product-type-tour_phys"},"_links":{"self":[{"href":"https:\/\/vetatourism.com\/fr\/wp-json\/wp\/v2\/product\/13843","targetHints":{"allow":["GET"]}}],"collection":[{"href":"https:\/\/vetatourism.com\/fr\/wp-json\/wp\/v2\/product"}],"about":[{"href":"https:\/\/vetatourism.com\/fr\/wp-json\/wp\/v2\/types\/product"}],"replies":[{"embeddable":true,"href":"https:\/\/vetatourism.com\/fr\/wp-json\/wp\/v2\/comments?post=13843"}],"wp:featuredmedia":[{"embeddable":true,"href":"https:\/\/vetatourism.com\/fr\/wp-json\/wp\/v2\/media\/13834"}],"wp:attachment":[{"href":"https:\/\/vetatourism.com\/fr\/wp-json\/wp\/v2\/media?parent=13843"}],"wp:term":[{"taxonomy":"product_brand","embeddable":true,"href":"https:\/\/vetatourism.com\/fr\/wp-json\/wp\/v2\/product_brand?post=13843"},{"taxonomy":"product_cat","embeddable":true,"href":"https:\/\/vetatourism.com\/fr\/wp-json\/wp\/v2\/product_cat?post=13843"},{"taxonomy":"product_tag","embeddable":true,"href":"https:\/\/vetatourism.com\/fr\/wp-json\/wp\/v2\/product_tag?post=13843"}],"curies":[{"name":"wp","href":"https:\/\/api.w.org\/{rel}","templated":true}]}}