{"id":13832,"date":"2026-01-30T06:48:17","date_gmt":"2026-01-30T06:48:17","guid":{"rendered":"https:\/\/vetatourism.com\/?post_type=product&#038;p=13832"},"modified":"2026-03-09T05:50:03","modified_gmt":"2026-03-09T05:50:03","slug":"kemer-sea-fishing-tour-breakfast-lunch-included","status":"publish","type":"product","link":"https:\/\/vetatourism.com\/tours\/kemer-sea-fishing-tour-breakfast-lunch-included","title":{"rendered":"Kemer Excursion De P\u00eache En Mer \u2013 Petit-D\u00e9jeuner Et D\u00e9jeuner Inclus"},"content":{"rendered":"<div data-start=\"2005\" data-end=\"2145\">\n<div data-start=\"1321\" data-end=\"1559\">Votre journ\u00e9e commence avec un confortable de collecte \u00e0 partir de votre hotel \u00e0 Kemer ou \u00e0 proximit\u00e9 de zones, suivi par un transfert \u00e0 la marina. Conseil enti\u00e8rement \u00e9quip\u00e9e, bateau de p\u00eache, et profiter d'un d\u00e9licieux petit d\u00e9jeuner croisi\u00e8re \u00e0 travers le calme de la Mer M\u00e9diterran\u00e9e.<\/div>\n<div data-start=\"1561\" data-end=\"1815\">Si vous \u00eates nouveau \u00e0 la p\u00eache ou avoir de l'exp\u00e9rience, la sympathique \u00e9quipe fournit tout l'\u00e9quipement n\u00e9cessaire et les instructions pour vous aider \u00e0 profiter de l'activit\u00e9. Comme les ancres de bateau en premier lieux de p\u00eache, tentez votre chance pendant le trempage dans la paisible atmosph\u00e8re de la mer.<\/div>\n<div data-start=\"1817\" data-end=\"2119\">Au cours de la visite, arr\u00eatez-vous \u00e0 baies isol\u00e9es pour l'actualisation des baignades dans des eaux turquoise. Pour le d\u00e9jeuner, profitez d'un repas fra\u00eechement pr\u00e9par\u00e9 \u00e0 bord, y compris vos prises de la journ\u00e9e si vous le souhaitez. Apr\u00e8s une exp\u00e9rience relaxante et agr\u00e9able \u00e0 la mer, retour \u00e0 la marina et transfert \u00e0 votre h\u00f4tel avec de merveilleux souvenirs.<\/div>\n<\/div>\n<div data-start=\"2005\" data-end=\"2145\"><\/div>\n<hr \/>\n<p>&nbsp;<\/p>\n<div class=\"tour-content-what-included\">\n<h4 id=\"whats-included\">Ce qui est Inclus<\/h4>\n<ul style=\"column-count: 2;\">\n<li>Ramassage des h\u00f4tels \u00e0 Kemer et des environs<\/li>\n<li>Arriv\u00e9e \u00e0 Kemer marina et d'embarquement<\/li>\n<li>Petit d\u00e9jeuner \u00e0 bord<\/li>\n<li>La p\u00eache avec l'\u00e9quipement et l'instruction<\/li>\n<li>La natation s'arr\u00eate dans les baies pittoresques<\/li>\n<li>D\u00e9jeuner \u00e0 bord (frais de prise en option)<\/li>\n<li>Retour \u00e0 la marina et de l'h\u00f4tel<\/li>\n<\/ul>\n<p>&nbsp;<\/p>\n<\/div>\n<hr \/>\n<p>&nbsp;<\/p>\n<div class=\"tour-content-add-information\">\n<h4>Des Informations Suppl\u00e9mentaires<\/h4>\n<ul>\n<li>Dur\u00e9e: env. 4 \u00e0 6 heures (demi-journ\u00e9e)<\/li>\n<li>De faible \u00e0 mod\u00e9r\u00e9e de l'activit\u00e9 physique<\/li>\n<li>Les enfants de moins de 5 ans voyagent gratuitement (pas de si\u00e8ge)<\/li>\n<li>Possibilit\u00e9 de repas v\u00e9g\u00e9tariens sur demande<\/li>\n<li>Tour est tributaire des conditions m\u00e9t\u00e9orologiques<\/li>\n<\/ul>\n<p>&nbsp;<\/p>\n<\/div>\n<hr \/>\n<p>&nbsp;<\/p>\n<div class=\"tour-content-cancell-policy\">\n<p><strong>Ce qu'il faut Apporter<\/strong><\/p>\n<ul style=\"column-count: 2;\">\n<li>Des v\u00eatements confortables\ud83d\udc55<\/li>\n<li>Cr\u00e8me solaire et chapeau \ud83e\uddf4<\/li>\n<li>Maillots de bain et serviette <img decoding=\"async\" class=\"emoji\" role=\"img\" draggable=\"false\" src=\"https:\/\/s.w.org\/images\/core\/emoji\/17.0.2\/svg\/1fa71.svg\" alt=\"\ud83e\ude71\" \/><\/li>\n<li>Appareil photo ou smartphone \ud83d\udcf1<\/li>\n<li>De tr\u00e9sorerie pour les d\u00e9penses personnelles <img decoding=\"async\" class=\"emoji\" role=\"img\" draggable=\"false\" src=\"https:\/\/s.w.org\/images\/core\/emoji\/17.0.2\/svg\/1f4b3.svg\" alt=\"\ud83d\udcb3\" \/><\/li>\n<\/ul>\n<\/div>","protected":false},"excerpt":{"rendered":"<p>Profitez d'une excursion de p\u00eache en mer de Kemer avec petit-d\u00e9jeuner, le d\u00e9jeuner, piscine arr\u00eats et des engins de p\u00eache. D\u00e9tendez-vous sur la M\u00e9diterran\u00e9e, avec transfert de l'h\u00f4tel inclus.<\/p>","protected":false},"featured_media":13821,"comment_status":"open","ping_status":"closed","template":"","meta":[],"product_brand":[],"product_cat":[15],"product_tag":[],"class_list":{"0":"post-13832","1":"product","2":"type-product","3":"status-publish","4":"has-post-thumbnail","6":"tour_phys-tours","7":"product_cat-non-classe","8":"pa_destination-kemer","10":"first","11":"instock","12":"sale","13":"shipping-taxable","14":"purchasable","15":"product-type-tour_phys"},"_links":{"self":[{"href":"https:\/\/vetatourism.com\/fr\/wp-json\/wp\/v2\/product\/13832","targetHints":{"allow":["GET"]}}],"collection":[{"href":"https:\/\/vetatourism.com\/fr\/wp-json\/wp\/v2\/product"}],"about":[{"href":"https:\/\/vetatourism.com\/fr\/wp-json\/wp\/v2\/types\/product"}],"replies":[{"embeddable":true,"href":"https:\/\/vetatourism.com\/fr\/wp-json\/wp\/v2\/comments?post=13832"}],"wp:featuredmedia":[{"embeddable":true,"href":"https:\/\/vetatourism.com\/fr\/wp-json\/wp\/v2\/media\/13821"}],"wp:attachment":[{"href":"https:\/\/vetatourism.com\/fr\/wp-json\/wp\/v2\/media?parent=13832"}],"wp:term":[{"taxonomy":"product_brand","embeddable":true,"href":"https:\/\/vetatourism.com\/fr\/wp-json\/wp\/v2\/product_brand?post=13832"},{"taxonomy":"product_cat","embeddable":true,"href":"https:\/\/vetatourism.com\/fr\/wp-json\/wp\/v2\/product_cat?post=13832"},{"taxonomy":"product_tag","embeddable":true,"href":"https:\/\/vetatourism.com\/fr\/wp-json\/wp\/v2\/product_tag?post=13832"}],"curies":[{"name":"wp","href":"https:\/\/api.w.org\/{rel}","templated":true}]}}