{"id":13831,"date":"2026-01-30T06:41:40","date_gmt":"2026-01-30T06:41:40","guid":{"rendered":"https:\/\/vetatourism.com\/?post_type=product&#038;p=13831"},"modified":"2026-02-27T06:11:13","modified_gmt":"2026-02-27T06:11:13","slug":"antalya-sea-fishing-tour-all-inclusive","status":"publish","type":"product","link":"https:\/\/vetatourism.com\/tours\/antalya-sea-fishing-tour-all-inclusive","title":{"rendered":"Antalya, Mer, P\u00eache \u00c0 La Tour \u2013 All Inclusive"},"content":{"rendered":"<div data-start=\"2005\" data-end=\"2145\">\n<p data-start=\"1326\" data-end=\"1545\">Votre journ\u00e9e commence avec un confortable de collecte \u00e0 partir de votre hotel \u00e0 Antalya, suivi par un transfert \u00e0 la marina. Apr\u00e8s une courte de la s\u00e9curit\u00e9 et de la p\u00eache de l'information de votre sympathique capitaine, mettre \u00e0 la voile dans la Mer M\u00e9diterran\u00e9e.<\/p>\n<p data-start=\"1547\" data-end=\"1794\">Poisson au profond de la mer des taches d'atteindre des profondeurs allant jusqu'\u00e0 60 m\u00e8tres \u00e0 l'aide d'\u00e9quipements modernes et de syst\u00e8mes sonar. Si vous \u00eates un d\u00e9butant ou exp\u00e9riment\u00e9 dans le p\u00eacheur \u00e0 la ligne, votre guide vous aidera tout au long de l'exp\u00e9rience, en assurant un plaisir et un moment de d\u00e9tente sur l'eau.<\/p>\n<p data-start=\"1796\" data-end=\"2081\">Une fois que la p\u00eache \u00e0 la fin de la session, vous pourrez d\u00e9guster des poissons fra\u00eechement p\u00each\u00e9s grill\u00e9s \u00e0 bord et a servi comme un savoureux d\u00e9jeuner en croisi\u00e8re le long de la magnifique c\u00f4te. Apr\u00e8s un certain temps pour se d\u00e9tendre et profiter de la brise de mer, retour au port et transfert \u00e0 votre h\u00f4tel avec des souvenirs inoubliables.<\/p>\n<\/div>\n<div data-start=\"2005\" data-end=\"2145\"><\/div>\n<hr \/>\n<p>&nbsp;<\/p>\n<div class=\"tour-content-what-included\">\n<h4 id=\"whats-included\">Ce qui est Inclus<\/h4>\n<ul style=\"column-count: 2;\">\n<li>Ramassage \u00e0 partir de Antalya h\u00f4tels (autour de 07:30)<\/li>\n<li>Briefing d'accueil \u00e0 la marina<\/li>\n<li>3 \u00e0 4 heures de p\u00eache en haute mer<\/li>\n<li>Barbecue et profiter de votre poisson pour le d\u00e9jeuner<\/li>\n<li>De retour de croisi\u00e8re de port<\/li>\n<li>H\u00f4tel de chute<\/li>\n<\/ul>\n<\/div>\n<hr \/>\n<p>&nbsp;<\/p>\n<div class=\"tour-content-add-information\">\n<h4>Des Informations Suppl\u00e9mentaires<\/h4>\n<ul>\n<li>Dur\u00e9e: env. 4 \u00e0 6 heures (demi-journ\u00e9e)<\/li>\n<li>De faible \u00e0 mod\u00e9r\u00e9e de l'activit\u00e9 physique<\/li>\n<li>Les enfants de moins de 5 ans voyagent gratuitement (pas de si\u00e8ge)<\/li>\n<li>Possibilit\u00e9 de repas v\u00e9g\u00e9tariens sur demande<\/li>\n<li>Tour est tributaire des conditions m\u00e9t\u00e9orologiques<\/li>\n<\/ul>\n<p>&nbsp;<\/p>\n<\/div>\n<hr \/>\n<p>&nbsp;<\/p>\n<div class=\"tour-content-cancell-policy\">\n<p><strong>Ce qu'il faut Apporter<\/strong><\/p>\n<ul style=\"column-count: 2;\">\n<li>Des v\u00eatements confortables\ud83d\udc55<\/li>\n<li>Cr\u00e8me solaire et chapeau \ud83e\uddf4<\/li>\n<li>Maillots de bain et serviette <img decoding=\"async\" class=\"emoji\" role=\"img\" draggable=\"false\" src=\"https:\/\/s.w.org\/images\/core\/emoji\/17.0.2\/svg\/1fa71.svg\" alt=\"\ud83e\ude71\" \/><\/li>\n<li>Appareil photo ou smartphone \ud83d\udcf1<\/li>\n<li>De tr\u00e9sorerie pour les d\u00e9penses personnelles <img decoding=\"async\" class=\"emoji\" role=\"img\" draggable=\"false\" src=\"https:\/\/s.w.org\/images\/core\/emoji\/17.0.2\/svg\/1f4b3.svg\" alt=\"\ud83d\udcb3\" \/><\/li>\n<\/ul>\n<\/div>","protected":false},"excerpt":{"rendered":"<p>Rejoindre une p\u00eache en mer profonde tour \u00e0 partir de Antalya. De les attraper et de faire vos grillades de poissons, profitez d'un petit d\u00e9jeuner et d\u00e9jeuner \u00e0 bord avec les transferts \u00e0 l'h\u00f4tel inclus.<\/p>","protected":false},"featured_media":13821,"comment_status":"open","ping_status":"closed","template":"","meta":[],"product_brand":[],"product_cat":[],"product_tag":[],"class_list":{"0":"post-13831","1":"product","2":"type-product","3":"status-publish","4":"has-post-thumbnail","6":"tour_phys-tours","7":"pa_destination-antalya","9":"first","10":"instock","11":"sale","12":"shipping-taxable","13":"purchasable","14":"product-type-tour_phys"},"_links":{"self":[{"href":"https:\/\/vetatourism.com\/fr\/wp-json\/wp\/v2\/product\/13831","targetHints":{"allow":["GET"]}}],"collection":[{"href":"https:\/\/vetatourism.com\/fr\/wp-json\/wp\/v2\/product"}],"about":[{"href":"https:\/\/vetatourism.com\/fr\/wp-json\/wp\/v2\/types\/product"}],"replies":[{"embeddable":true,"href":"https:\/\/vetatourism.com\/fr\/wp-json\/wp\/v2\/comments?post=13831"}],"wp:featuredmedia":[{"embeddable":true,"href":"https:\/\/vetatourism.com\/fr\/wp-json\/wp\/v2\/media\/13821"}],"wp:attachment":[{"href":"https:\/\/vetatourism.com\/fr\/wp-json\/wp\/v2\/media?parent=13831"}],"wp:term":[{"taxonomy":"product_brand","embeddable":true,"href":"https:\/\/vetatourism.com\/fr\/wp-json\/wp\/v2\/product_brand?post=13831"},{"taxonomy":"product_cat","embeddable":true,"href":"https:\/\/vetatourism.com\/fr\/wp-json\/wp\/v2\/product_cat?post=13831"},{"taxonomy":"product_tag","embeddable":true,"href":"https:\/\/vetatourism.com\/fr\/wp-json\/wp\/v2\/product_tag?post=13831"}],"curies":[{"name":"wp","href":"https:\/\/api.w.org\/{rel}","templated":true}]}}