{"id":13830,"date":"2026-01-30T06:36:21","date_gmt":"2026-01-30T06:36:21","guid":{"rendered":"https:\/\/vetatourism.com\/?post_type=product&#038;p=13830"},"modified":"2026-03-09T05:50:13","modified_gmt":"2026-03-09T05:50:13","slug":"belek-sea-fishing-tour-all-inclusive","status":"publish","type":"product","link":"https:\/\/vetatourism.com\/tours\/belek-sea-fishing-tour-all-inclusive","title":{"rendered":"Belek P\u00eache En Mer Tour \u2013 All Inclusive"},"content":{"rendered":"<div data-start=\"1397\" data-end=\"1583\">Votre journ\u00e9e commence avec un pick-up \u00e0 votre h\u00f4tel \u00e0 Belek, suivi par un transfert \u00e0 la marina. R\u00e9pondre \u00e0 votre aimable capitaine et de l'\u00e9quipage, puis la t\u00eate \u00e0 la mer \u00e0 bord d'un bateau de p\u00eache traditionnel.<\/div>\n<div data-start=\"1585\" data-end=\"1849\">Le capitaine exp\u00e9riment\u00e9 vous guidera vers les meilleurs spots de p\u00eache, o\u00f9 vous pourrez p\u00eacher \u00e0 des profondeurs allant de 30 \u00e0 60 m\u00e8tres \u00e0 l'aide d'un \u00e9quipement de haute qualit\u00e9. Si vous \u00eates nouveau \u00e0 la p\u00eache ou \u00e0 un p\u00eacheur chevronn\u00e9, l'\u00e9quipage sera d'assurer une exp\u00e9rience r\u00e9ussie et agr\u00e9able.<\/div>\n<div data-start=\"1851\" data-end=\"2003\">\u00c0 la mer, profitez d'un savoureux petit-d\u00e9jeuner et le d\u00e9jeuner servi \u00e0 bord. Vous aurez \u00e9galement la possibilit\u00e9 de nager et se d\u00e9tendre dans les magnifiques eaux de la M\u00e9diterran\u00e9e.<\/div>\n<div data-start=\"2005\" data-end=\"2145\">Apr\u00e8s une matin\u00e9e de p\u00eache, de retour \u00e0 la marina et retour \u00e0 votre h\u00f4tel avec des souvenirs inoubliables et la satisfaction de vos prises.<\/div>\n<div data-start=\"2005\" data-end=\"2145\"><\/div>\n<hr \/>\n<p>&nbsp;<\/p>\n<div class=\"tour-content-what-included\">\n<h4 id=\"whats-included\">Ce qui est Inclus<\/h4>\n<ul style=\"column-count: 2;\">\n<li>06:45 AM \u2013 Ramassage \u00e0 partir de Belek h\u00f4tels<\/li>\n<li>R\u00e9pondre \u00e0 votre capitaine et de l'\u00e9quipage \u00e0 la marina<\/li>\n<li>De la t\u00eate aux meilleurs spots de p\u00eache pour la p\u00eache en haute mer<\/li>\n<li>Le petit-d\u00e9jeuner et le d\u00e9jeuner servi \u00e0 bord<\/li>\n<li>Option piscine et des moments de d\u00e9tente<\/li>\n<li>Retour vers le port et l'h\u00f4tel de drop-off \u00e0 midi<\/li>\n<\/ul>\n<\/div>\n<hr \/>\n<p>&nbsp;<\/p>\n<div class=\"tour-content-add-information\">\n<h4>Des Informations Suppl\u00e9mentaires<\/h4>\n<ul>\n<li>Dur\u00e9e: env. 5-5.5 heures<\/li>\n<li>Chaque matin, les d\u00e9parts<\/li>\n<li>Pas d'exp\u00e9rience requise<\/li>\n<li>Excursion en petit groupe pour une exp\u00e9rience confortable<\/li>\n<\/ul>\n<p>&nbsp;<\/p>\n<\/div>\n<hr \/>\n<p>&nbsp;<\/p>\n<div class=\"tour-content-cancell-policy\">\n<p><strong>Ce qu'il faut Apporter<\/strong><\/p>\n<ul style=\"column-count: 2;\">\n<li>Des v\u00eatements confortables\ud83d\udc55<\/li>\n<li>De la cr\u00e8me solaire \ud83e\uddf4<\/li>\n<li>Maillots de bain et serviette <img decoding=\"async\" class=\"emoji\" role=\"img\" draggable=\"false\" src=\"https:\/\/s.w.org\/images\/core\/emoji\/17.0.2\/svg\/1fa71.svg\" alt=\"\ud83e\ude71\" \/><\/li>\n<li>Appareil photo ou smartphone \ud83d\udcf1<\/li>\n<li>De tr\u00e9sorerie pour les d\u00e9penses personnelles <img decoding=\"async\" class=\"emoji\" role=\"img\" draggable=\"false\" src=\"https:\/\/s.w.org\/images\/core\/emoji\/17.0.2\/svg\/1f4b3.svg\" alt=\"\ud83d\udcb3\" \/><\/li>\n<\/ul>\n<\/div>","protected":false},"excerpt":{"rendered":"<p>Rejoindre une p\u00eache en haute mer \u00e0 tour de Belek. Profitez de la p\u00eache, nager dans la M\u00e9diterran\u00e9e, et de savourer le petit-d\u00e9jeuner et d\u00e9jeuner \u00e0 bord avec les transferts \u00e0 l'h\u00f4tel inclus.<\/p>","protected":false},"featured_media":13821,"comment_status":"open","ping_status":"closed","template":"","meta":[],"product_brand":[],"product_cat":[15],"product_tag":[],"class_list":{"0":"post-13830","1":"product","2":"type-product","3":"status-publish","4":"has-post-thumbnail","6":"tour_phys-tours","7":"product_cat-non-classe","8":"pa_destination-belek","10":"first","11":"instock","12":"sale","13":"shipping-taxable","14":"purchasable","15":"product-type-tour_phys"},"_links":{"self":[{"href":"https:\/\/vetatourism.com\/fr\/wp-json\/wp\/v2\/product\/13830","targetHints":{"allow":["GET"]}}],"collection":[{"href":"https:\/\/vetatourism.com\/fr\/wp-json\/wp\/v2\/product"}],"about":[{"href":"https:\/\/vetatourism.com\/fr\/wp-json\/wp\/v2\/types\/product"}],"replies":[{"embeddable":true,"href":"https:\/\/vetatourism.com\/fr\/wp-json\/wp\/v2\/comments?post=13830"}],"wp:featuredmedia":[{"embeddable":true,"href":"https:\/\/vetatourism.com\/fr\/wp-json\/wp\/v2\/media\/13821"}],"wp:attachment":[{"href":"https:\/\/vetatourism.com\/fr\/wp-json\/wp\/v2\/media?parent=13830"}],"wp:term":[{"taxonomy":"product_brand","embeddable":true,"href":"https:\/\/vetatourism.com\/fr\/wp-json\/wp\/v2\/product_brand?post=13830"},{"taxonomy":"product_cat","embeddable":true,"href":"https:\/\/vetatourism.com\/fr\/wp-json\/wp\/v2\/product_cat?post=13830"},{"taxonomy":"product_tag","embeddable":true,"href":"https:\/\/vetatourism.com\/fr\/wp-json\/wp\/v2\/product_tag?post=13830"}],"curies":[{"name":"wp","href":"https:\/\/api.w.org\/{rel}","templated":true}]}}