{"id":13819,"date":"2026-01-30T06:25:12","date_gmt":"2026-01-30T06:25:12","guid":{"rendered":"https:\/\/vetatourism.com\/?post_type=product&#038;p=13819"},"modified":"2026-04-09T08:54:58","modified_gmt":"2026-04-09T08:54:58","slug":"tazi-canyon-rafting-jeep-safari-tour-from-belek","status":"publish","type":"product","link":"https:\/\/vetatourism.com\/tours\/tazi-canyon-rafting-jeep-safari-tour-from-belek","title":{"rendered":"Taz\u0131 Canyon, Rafting et Safari en Jeep Tour de Belek"},"content":{"rendered":"<div data-start=\"1547\" data-end=\"1795\">Votre aventure commence avec un confortable de ramassage \u00e0 votre h\u00f4tel \u00e0 Belek ou \u00e0 proximit\u00e9 de zones, suivi par un passionnant Safari en Jeep balade \u00e0 travers les Montagnes du Taurus. Profitez de hors-route des pistes, des paysages de montagne et les paysages magnifiques le long du chemin.<\/div>\n<div data-start=\"1797\" data-end=\"2064\">La tour atteint d'abord un riverside de base dans le Canyon de K\u00f6pr\u00fcl\u00fc. Ici, vous pouvez choisir de rejoindre une option de l'exp\u00e9rience du rafting ou vous d\u00e9tendre pr\u00e8s de la rivi\u00e8re. Si vous participez, des instructeurs exp\u00e9riment\u00e9s fournir l'\u00e9quipement de s\u00e9curit\u00e9 et de formation de base \u2014 aucune exp\u00e9rience pr\u00e9alable n'est requise.<\/div>\n<div data-start=\"2066\" data-end=\"2390\">Ensuite, le voyage en open-top safari en jeep \u00e0 <strong data-start=\"2106\" data-end=\"2121\">Taz\u0131 Canyon<\/strong>, l'une des plus naturels les plus impressionnants points de vue dans la r\u00e9gion. Connu comme le Nid de l'Aigle, cette spectaculaire canyon offre des vues panoramiques \u00e9poustouflantes. Profitez du temps libre au point de vue pour les photos et la relaxation. Pour des raisons de s\u00e9curit\u00e9, l'entr\u00e9e \u00e0 l'int\u00e9rieur du canyon n'est pas autoris\u00e9.<\/div>\n<div data-start=\"2392\" data-end=\"2667\">Par la suite, retour au Canyon de K\u00f6pr\u00fcl\u00fc pour les principaux rafting route si cette option est s\u00e9lectionn\u00e9e. Pagayer \u00e0 travers rafra\u00eechissante rapides, profiter de la baignade de pauses et d'admirer la nature environnante. La journ\u00e9e se termine par un d\u00e9licieux d\u00eener sur la rivi\u00e8re avant de retourner \u00e0 votre h\u00f4tel plein de souvenirs inoubliables.<\/div>\n<p>&nbsp;<\/p>\n<hr \/>\n<p>&nbsp;<\/p>\n<div class=\"tour-content-what-included\">\n<h4 id=\"whats-included\">Ce qui est Inclus<\/h4>\n<ul style=\"column-count: 2;\">\n<li>Ramassage des h\u00f4tels \u00e0 Belek &amp; environs<\/li>\n<li>Safari en Jeep \u00e0 travers les Montagnes du Taurus<\/li>\n<li>Arriv\u00e9e au Canyon de K\u00f6pr\u00fcl\u00fc riverside base<\/li>\n<li>Facultatif du rafting ou du temps libre par la rivi\u00e8re<\/li>\n<li>Tour en Jeep \u00e0 Taz\u0131 Canyon point de vue<\/li>\n<li>Temps libre pour les photos et les visites<\/li>\n<li>L'exp\u00e9rience du Rafting dans le Canyon de K\u00f6pr\u00fcl\u00fc (si s\u00e9lectionn\u00e9)<\/li>\n<li>D\u00eener sur la rivi\u00e8re<\/li>\n<li>Transfert retour \u00e0 l'h\u00f4tel<\/li>\n<\/ul>\n<\/div>\n<p>&nbsp;<\/p>\n<hr \/>\n<p>&nbsp;<\/p>\n<div class=\"tour-content-add-information\">\n<h4>Des Informations Suppl\u00e9mentaires<\/h4>\n<ul>\n<li>Excursion d'une journ\u00e9e compl\u00e8te<\/li>\n<li>Aucune exp\u00e9rience de rafting n\u00e9cessaire<\/li>\n<li>Adapt\u00e9 pour l'aventure et les amoureux de la nature<\/li>\n<li>Canyon de l'acc\u00e8s est limit\u00e9 aux points de vue seulement<\/li>\n<li>Programme de la tourn\u00e9e peut varier selon les conditions m\u00e9t\u00e9orologiques<\/li>\n<\/ul>\n<p>&nbsp;<\/p>\n<\/div>\n<hr \/>\n<p>&nbsp;<\/p>\n<div class=\"tour-content-cancell-policy\">\n<p><strong>Ce qu'il faut Apporter<\/strong><\/p>\n<ul style=\"column-count: 2;\">\n<li>Des v\u00eatements confortables et des chaussures de\ud83d\udc55<\/li>\n<li>Cr\u00e8me solaire et chapeau<img decoding=\"async\" class=\"emoji\" role=\"img\" draggable=\"false\" src=\"https:\/\/s.w.org\/images\/core\/emoji\/17.0.2\/svg\/1f9e2.svg\" alt=\"\ud83e\udde2\" \/><\/li>\n<li>Maillots de bain et serviette <img decoding=\"async\" class=\"emoji\" role=\"img\" draggable=\"false\" src=\"https:\/\/s.w.org\/images\/core\/emoji\/17.0.2\/svg\/1fa71.svg\" alt=\"\ud83e\ude71\" \/><\/li>\n<li>Appareil photo ou smartphone \ud83d\udcf1<\/li>\n<li>De tr\u00e9sorerie pour les extras <img decoding=\"async\" class=\"emoji\" role=\"img\" draggable=\"false\" src=\"https:\/\/s.w.org\/images\/core\/emoji\/17.0.2\/svg\/1f4b3.svg\" alt=\"\ud83d\udcb3\" \/><\/li>\n<\/ul>\n<\/div>","protected":false},"excerpt":{"rendered":"<p>Rejoignez une aventure d'une journ\u00e9e compl\u00e8te de Belek avec Taz\u0131 des vues du Canyon, Safari en Jeep et en option rafting dans le Canyon de K\u00f6pr\u00fcl\u00fc. La Nature, le plaisir et les transferts \u00e0 l'h\u00f4tel inclus.<\/p>","protected":false},"featured_media":13232,"comment_status":"open","ping_status":"closed","template":"","meta":[],"product_brand":[],"product_cat":[],"product_tag":[],"class_list":{"0":"post-13819","1":"product","2":"type-product","3":"status-publish","4":"has-post-thumbnail","6":"tour_phys-tours","7":"pa_destination-belek","9":"first","10":"instock","11":"shipping-taxable","12":"purchasable","13":"product-type-tour_phys"},"_links":{"self":[{"href":"https:\/\/vetatourism.com\/fr\/wp-json\/wp\/v2\/product\/13819","targetHints":{"allow":["GET"]}}],"collection":[{"href":"https:\/\/vetatourism.com\/fr\/wp-json\/wp\/v2\/product"}],"about":[{"href":"https:\/\/vetatourism.com\/fr\/wp-json\/wp\/v2\/types\/product"}],"replies":[{"embeddable":true,"href":"https:\/\/vetatourism.com\/fr\/wp-json\/wp\/v2\/comments?post=13819"}],"wp:featuredmedia":[{"embeddable":true,"href":"https:\/\/vetatourism.com\/fr\/wp-json\/wp\/v2\/media\/13232"}],"wp:attachment":[{"href":"https:\/\/vetatourism.com\/fr\/wp-json\/wp\/v2\/media?parent=13819"}],"wp:term":[{"taxonomy":"product_brand","embeddable":true,"href":"https:\/\/vetatourism.com\/fr\/wp-json\/wp\/v2\/product_brand?post=13819"},{"taxonomy":"product_cat","embeddable":true,"href":"https:\/\/vetatourism.com\/fr\/wp-json\/wp\/v2\/product_cat?post=13819"},{"taxonomy":"product_tag","embeddable":true,"href":"https:\/\/vetatourism.com\/fr\/wp-json\/wp\/v2\/product_tag?post=13819"}],"curies":[{"name":"wp","href":"https:\/\/api.w.org\/{rel}","templated":true}]}}