{"id":13222,"date":"2026-01-29T16:06:40","date_gmt":"2026-01-29T16:06:40","guid":{"rendered":"https:\/\/vetatourism.com\/?post_type=product&#038;p=13222"},"modified":"2026-04-09T08:56:00","modified_gmt":"2026-04-09T08:56:00","slug":"tazi-canyon-rafting-jeep-safari-tour-from-side","status":"publish","type":"product","link":"https:\/\/vetatourism.com\/tours\/tazi-canyon-rafting-jeep-safari-tour-from-side","title":{"rendered":"Taz\u0131 Canyon, Rafting et Safari en Jeep Tour du C\u00f4t\u00e9 de la"},"content":{"rendered":"<div data-start=\"1492\" data-end=\"1747\">\n<div data-start=\"5117\" data-end=\"5338\">Votre journ\u00e9e commence avec un pick-up \u00e0 votre h\u00f4tel \u00e0 C\u00f4t\u00e9 ou \u00e0 proximit\u00e9 de r\u00e9gions, suivie par un pittoresque et aventureux Safari en Jeep \u00e0 travers les Montagnes du Taurus. Profiter de la conduite hors route et de beaux paysages naturels le long de la route.<\/div>\n<div data-start=\"5340\" data-end=\"5553\">Le tour arrive pour la premi\u00e8re fois au Canyon de K\u00f6pr\u00fcl\u00fc, o\u00f9 vous pouvez rejoindre une option activit\u00e9 de rafting ou de vous d\u00e9tendre pr\u00e8s de la rivi\u00e8re. Des formateurs professionnels de fournir de l'\u00e9quipement et de l'orientation, faire du rafting appropri\u00e9, m\u00eame pour les d\u00e9butants.<\/div>\n<div data-start=\"5555\" data-end=\"5818\">Ensuite, voyage safari en jeep \u00e0 <strong data-start=\"5586\" data-end=\"5601\">Taz\u0131 Canyon<\/strong>, l'une des r\u00e9gion les plus naturels les plus impressionnants points de vue. Profitez du temps libre au top pour les photos et la d\u00e9tente tout en admirant le spectaculaire canyon paysage. Pour des raisons de s\u00e9curit\u00e9, en entrant dans le canyon lui-m\u00eame n'est pas autoris\u00e9.<\/div>\n<div data-start=\"5820\" data-end=\"6007\">Si le rafting est s\u00e9lectionn\u00e9, le retour \u00e0 Canyon de K\u00f6pr\u00fcl\u00fc pour une passionnante aventure sur la rivi\u00e8re avec piscine et arr\u00eats photos. Fin de la journ\u00e9e avec un d\u00e9licieux d\u00eener sur la rivi\u00e8re avant de retourner \u00e0 votre h\u00f4tel.<\/div>\n<\/div>\n<p>&nbsp;<\/p>\n<hr \/>\n<p>&nbsp;<\/p>\n<div class=\"tour-content-what-included\">\n<h4 id=\"whats-included\">Ce qui est Inclus<\/h4>\n<ul style=\"column-count: 2;\">\n<li>Ramassage des h\u00f4tels \u00e0 C\u00f4t\u00e9 &amp; environs<\/li>\n<li>Safari en Jeep \u00e0 travers les Montagnes du Taurus<\/li>\n<li>Arriv\u00e9e au Canyon de K\u00f6pr\u00fcl\u00fc riverside base<\/li>\n<li>Facultatif du rafting ou du temps libre par la rivi\u00e8re<\/li>\n<li>Tour en Jeep \u00e0 Taz\u0131 Canyon point de vue<\/li>\n<li>Temps libre pour les photos et les visites<\/li>\n<li>L'exp\u00e9rience du Rafting dans le Canyon de K\u00f6pr\u00fcl\u00fc (si s\u00e9lectionn\u00e9)<\/li>\n<li>D\u00eener sur la rivi\u00e8re<\/li>\n<li>Transfert retour \u00e0 l'h\u00f4tel<\/li>\n<\/ul>\n<\/div>\n<p>&nbsp;<\/p>\n<hr \/>\n<p>&nbsp;<\/p>\n<div class=\"tour-content-add-information\">\n<h4>Des Informations Suppl\u00e9mentaires<\/h4>\n<ul>\n<li>Excursion d'une journ\u00e9e compl\u00e8te<\/li>\n<li>Aucune exp\u00e9rience de rafting n\u00e9cessaire<\/li>\n<li>Adapt\u00e9 pour l'aventure et les amoureux de la nature<\/li>\n<li>Canyon de l'acc\u00e8s est limit\u00e9 aux points de vue seulement<\/li>\n<li>Programme de la tourn\u00e9e peut varier selon les conditions m\u00e9t\u00e9orologiques<\/li>\n<\/ul>\n<p>&nbsp;<\/p>\n<\/div>\n<hr \/>\n<p>&nbsp;<\/p>\n<div class=\"tour-content-cancell-policy\">\n<p><strong>Ce qu'il faut Apporter<\/strong><\/p>\n<ul style=\"column-count: 2;\">\n<li>Des v\u00eatements confortables et des chaussures de\ud83d\udc5f<\/li>\n<li>De la cr\u00e8me solaire\ud83e\uddf4<\/li>\n<li>Maillots de bain et serviette<img decoding=\"async\" class=\"emoji\" role=\"img\" draggable=\"false\" src=\"https:\/\/s.w.org\/images\/core\/emoji\/17.0.2\/svg\/1fa71.svg\" alt=\"\ud83e\ude71\" \/><\/li>\n<li>Appareil photo ou smartphone\ud83d\udcf1<\/li>\n<li>De tr\u00e9sorerie pour les extras <img decoding=\"async\" class=\"emoji\" role=\"img\" draggable=\"false\" src=\"https:\/\/s.w.org\/images\/core\/emoji\/17.0.2\/svg\/1f4b3.svg\" alt=\"\ud83d\udcb3\" \/><\/li>\n<\/ul>\n<\/div>","protected":false},"excerpt":{"rendered":"<p>Profitez d'une aventure d'une journ\u00e9e compl\u00e8te de C\u00f4t\u00e9 avec Taz\u0131 des vues du Canyon, Safari en Jeep et en option rafting dans le Canyon de K\u00f6pr\u00fcl\u00fc. La Nature, le plaisir et les transferts \u00e0 l'h\u00f4tel inclus.<\/p>","protected":false},"featured_media":13232,"comment_status":"open","ping_status":"closed","template":"","meta":[],"product_brand":[],"product_cat":[],"product_tag":[],"class_list":{"0":"post-13222","1":"product","2":"type-product","3":"status-publish","4":"has-post-thumbnail","6":"tour_phys-tours","7":"pa_destination-side","9":"first","10":"instock","11":"shipping-taxable","12":"purchasable","13":"product-type-tour_phys"},"_links":{"self":[{"href":"https:\/\/vetatourism.com\/fr\/wp-json\/wp\/v2\/product\/13222","targetHints":{"allow":["GET"]}}],"collection":[{"href":"https:\/\/vetatourism.com\/fr\/wp-json\/wp\/v2\/product"}],"about":[{"href":"https:\/\/vetatourism.com\/fr\/wp-json\/wp\/v2\/types\/product"}],"replies":[{"embeddable":true,"href":"https:\/\/vetatourism.com\/fr\/wp-json\/wp\/v2\/comments?post=13222"}],"wp:featuredmedia":[{"embeddable":true,"href":"https:\/\/vetatourism.com\/fr\/wp-json\/wp\/v2\/media\/13232"}],"wp:attachment":[{"href":"https:\/\/vetatourism.com\/fr\/wp-json\/wp\/v2\/media?parent=13222"}],"wp:term":[{"taxonomy":"product_brand","embeddable":true,"href":"https:\/\/vetatourism.com\/fr\/wp-json\/wp\/v2\/product_brand?post=13222"},{"taxonomy":"product_cat","embeddable":true,"href":"https:\/\/vetatourism.com\/fr\/wp-json\/wp\/v2\/product_cat?post=13222"},{"taxonomy":"product_tag","embeddable":true,"href":"https:\/\/vetatourism.com\/fr\/wp-json\/wp\/v2\/product_tag?post=13222"}],"curies":[{"name":"wp","href":"https:\/\/api.w.org\/{rel}","templated":true}]}}