{"id":13203,"date":"2026-01-29T16:05:23","date_gmt":"2026-01-29T16:05:23","guid":{"rendered":"https:\/\/vetatourism.com\/?post_type=product&#038;p=13203"},"modified":"2026-04-09T08:56:42","modified_gmt":"2026-04-09T08:56:42","slug":"rafting-tour-in-koprulu-canyon-from-belek-with-lunch","status":"publish","type":"product","link":"https:\/\/vetatourism.com\/tours\/rafting-tour-in-koprulu-canyon-from-belek-with-lunch","title":{"rendered":"Excursion en Rafting dans le Canyon de K\u00f6pr\u00fcl\u00fc De Belek Avec D\u00e9jeuner"},"content":{"rendered":"<div data-start=\"1492\" data-end=\"1747\">Votre aventure commence avec un confortable de ramassage \u00e0 votre h\u00f4tel \u00e0 Belek ou \u00e0 proximit\u00e9 de zones, suivie par une route panoramique \u00e0 Canyon de K\u00f6pr\u00fcl\u00fc. \u00c0 l'arriv\u00e9e au camp de base, vous recevrez un briefing de s\u00e9curit\u00e9 et \u00eatre \u00e9quip\u00e9s de casques, gilets de sauvetage et pagaies.<\/div>\n<div data-start=\"1749\" data-end=\"1943\">Sur un passionnant voyage de rafting le long de 14 km de parcours avec 10 excitant rapides. Entre les rapides, profitez de rafra\u00eechissantes baignades en rivi\u00e8re paisible piscines entour\u00e9es de montagnes et de verdure.<\/div>\n<div data-start=\"1945\" data-end=\"2194\">Au cours de la visite, faites une pause facultatives, les boissons et cr\u00eapes, et s'arr\u00eater \u00e0 une zone d'aventure de l'offre de la tyrolienne et les activit\u00e9s de plong\u00e9e (avec suppl\u00e9ment). Profitez d'un d\u00e9licieux d\u00e9jeuner au bord de la rivi\u00e8re restaurant avant de poursuivre le rafting itin\u00e9raire vers le point d'arriv\u00e9e.<\/div>\n<div data-start=\"2196\" data-end=\"2323\">\u00c0 la fin de la visite, vous pouvez regarder votre rafting, des vid\u00e9os, des photos et de vous d\u00e9tendre lors de votre transfert retour \u00e0 votre h\u00f4tel.<\/div>\n<p>&nbsp;<\/p>\n<hr \/>\n<p>&nbsp;<\/p>\n<div class=\"tour-content-what-included\">\n<h4 id=\"whats-included\">Ce qui est Inclus<\/h4>\n<ul style=\"column-count: 2;\">\n<li>Ramassage des h\u00f4tels \u00e0 Belek &amp; environs<\/li>\n<li>Arriv\u00e9e au Canyon de K\u00f6pr\u00fcl\u00fc camp de base<\/li>\n<li>Briefing de s\u00e9curit\u00e9 et \u00e9quipements de distribution<\/li>\n<li>Rafting sur un 14 km de route avec piscine pauses<\/li>\n<li>En option, tyrolienne et activit\u00e9 d'arr\u00eat d'<\/li>\n<li>D\u00eener sur la rivi\u00e8re<\/li>\n<li>Continuer \u00e0 le rafting, le point d'arriv\u00e9e<\/li>\n<li>Transfert retour \u00e0 l'h\u00f4tel<\/li>\n<\/ul>\n<\/div>\n<p>&nbsp;<\/p>\n<hr \/>\n<p>&nbsp;<\/p>\n<div class=\"tour-content-add-information\">\n<h4>Des Informations Suppl\u00e9mentaires<\/h4>\n<ul>\n<li>Radeau capacit\u00e9 d'accueil: 10 personne radeaux inclus<\/li>\n<li>2-personne radeau disponible moyennant des frais suppl\u00e9mentaires<\/li>\n<li>Aucune exp\u00e9rience de rafting n\u00e9cessaire<\/li>\n<li>Id\u00e9al pour les familles et les amateurs d'aventure<\/li>\n<li>Programme de la tourn\u00e9e peut varier en raison des conditions m\u00e9t\u00e9orologiques<\/li>\n<\/ul>\n<p>&nbsp;<\/p>\n<\/div>\n<hr \/>\n<p>&nbsp;<\/p>\n<div class=\"tour-content-cancell-policy\">\n<p><strong>Ce qu'il faut Apporter<\/strong><\/p>\n<ul style=\"column-count: 2;\">\n<li>Des chaussures confortables (peut \u00eatre mouill\u00e9)\ud83d\udc5f<\/li>\n<li>De la cr\u00e8me solaire\ud83e\uddf4<\/li>\n<li>Maillots de bain et serviette <img decoding=\"async\" class=\"emoji\" role=\"img\" draggable=\"false\" src=\"https:\/\/s.w.org\/images\/core\/emoji\/17.0.2\/svg\/1fa71.svg\" alt=\"\ud83e\ude71\" \/><\/li>\n<li>Des v\u00eatements de rechange\ud83d\udc55<\/li>\n<li>De tr\u00e9sorerie pour les activit\u00e9s facultatives<img decoding=\"async\" class=\"emoji\" role=\"img\" draggable=\"false\" src=\"https:\/\/s.w.org\/images\/core\/emoji\/17.0.2\/svg\/1f4b3.svg\" alt=\"\ud83d\udcb3\" \/><\/li>\n<\/ul>\n<\/div>","protected":false},"excerpt":{"rendered":"<p>Joindre un tour de rafting de Belek dans le Canyon de K\u00f6pr\u00fcl\u00fc. Paddle 10 rapides sur un parcours de 14km, nager, profiter d'un d\u00e9jeuner et transferts \u00e0 l'h\u00f4tel inclus.<\/p>","protected":false},"featured_media":13214,"comment_status":"open","ping_status":"closed","template":"","meta":[],"product_brand":[],"product_cat":[],"product_tag":[],"class_list":{"0":"post-13203","1":"product","2":"type-product","3":"status-publish","4":"has-post-thumbnail","6":"tour_phys-tours","7":"pa_destination-belek","9":"first","10":"instock","11":"shipping-taxable","12":"purchasable","13":"product-type-tour_phys"},"_links":{"self":[{"href":"https:\/\/vetatourism.com\/fr\/wp-json\/wp\/v2\/product\/13203","targetHints":{"allow":["GET"]}}],"collection":[{"href":"https:\/\/vetatourism.com\/fr\/wp-json\/wp\/v2\/product"}],"about":[{"href":"https:\/\/vetatourism.com\/fr\/wp-json\/wp\/v2\/types\/product"}],"replies":[{"embeddable":true,"href":"https:\/\/vetatourism.com\/fr\/wp-json\/wp\/v2\/comments?post=13203"}],"wp:featuredmedia":[{"embeddable":true,"href":"https:\/\/vetatourism.com\/fr\/wp-json\/wp\/v2\/media\/13214"}],"wp:attachment":[{"href":"https:\/\/vetatourism.com\/fr\/wp-json\/wp\/v2\/media?parent=13203"}],"wp:term":[{"taxonomy":"product_brand","embeddable":true,"href":"https:\/\/vetatourism.com\/fr\/wp-json\/wp\/v2\/product_brand?post=13203"},{"taxonomy":"product_cat","embeddable":true,"href":"https:\/\/vetatourism.com\/fr\/wp-json\/wp\/v2\/product_cat?post=13203"},{"taxonomy":"product_tag","embeddable":true,"href":"https:\/\/vetatourism.com\/fr\/wp-json\/wp\/v2\/product_tag?post=13203"}],"curies":[{"name":"wp","href":"https:\/\/api.w.org\/{rel}","templated":true}]}}