{"id":13173,"date":"2026-01-29T15:41:54","date_gmt":"2026-01-29T15:41:54","guid":{"rendered":"https:\/\/vetatourism.com\/?post_type=product&#038;p=13173"},"modified":"2026-03-09T05:50:46","modified_gmt":"2026-03-09T05:50:46","slug":"demre-myra-kekova-tour-from-belek","status":"publish","type":"product","link":"https:\/\/vetatourism.com\/tours\/demre-myra-kekova-tour-from-belek","title":{"rendered":"Demre Myra, Kekova Tour de Belek"},"content":{"rendered":"<div data-start=\"1546\" data-end=\"1705\">La journ\u00e9e commence par une prise en charge confortable depuis votre h\u00f4tel \u00e0 Belek ou dans les environs. Profitez d'un trajet pittoresque le long de la c\u00f4te en direction des anciennes terres de Lycie.<\/div>\n<div data-start=\"1707\" data-end=\"1882\">Le premier arr\u00eat est <strong data-start=\"1725\" data-end=\"1733\">Myra<\/strong>, L'une des plus importantes cit\u00e9s lyciennes. Vous y d\u00e9couvrirez d'impressionnantes tombes taill\u00e9es dans la roche et les vestiges d'un grand th\u00e9\u00e2tre gr\u00e9co-romain.<\/div>\n<div data-start=\"1884\" data-end=\"2088\">Poursuivre <strong data-start=\"1896\" data-end=\"1905\">Demre<\/strong> pour visiter le <strong data-start=\"1919\" data-end=\"1945\">L'\u00e9glise de Saint-Nicolas<\/strong>, Le mus\u00e9e de l'histoire de l'art, construit sur le lieu de s\u00e9pulture du saint du IVe si\u00e8cle qui a inspir\u00e9 la l\u00e9gende du P\u00e8re No\u00ebl, est un lieu de rencontre et d'\u00e9change. D\u00e9couvrez sa vie et son importance historique.<\/div>\n<div data-start=\"2090\" data-end=\"2452\">Apr\u00e8s un d\u00e9licieux d\u00e9jeuner local, rendez-vous \u00e0 <strong data-start=\"2129\" data-end=\"2147\">Port de \u00c7aya\u011fz\u0131<\/strong> et montez \u00e0 bord d'un yacht priv\u00e9 \u00e0 fond de verre de type aquarium. Croisi\u00e8re en direction de <strong data-start=\"2217\" data-end=\"2234\">\u00cele De Kekova<\/strong> et admirer les ruines myst\u00e9rieuses de la <strong data-start=\"2274\" data-end=\"2289\">ville engloutie<\/strong>, L'\u00eele d'Oman a \u00e9t\u00e9 partiellement submerg\u00e9e \u00e0 la suite d'un ancien tremblement de terre. Observez les vestiges sous-marins \u00e0 travers les panneaux de verre du yacht et profitez des vues de <strong data-start=\"2419\" data-end=\"2436\">Simena Ch\u00e2teau<\/strong> au sommet de la colline.<\/div>\n<div data-start=\"2454\" data-end=\"2631\">Avant de rentrer, prenez un bain rafra\u00eechissant dans les eaux turquoises de la M\u00e9diterran\u00e9e. Enfin, d\u00e9tendez-vous sur le chemin du retour \u00e0 votre h\u00f4tel avec des souvenirs inoubliables d'histoire et de nature.<\/div>\n<p>&nbsp;<\/p>\n<hr \/>\n<p>&nbsp;<\/p>\n<div class=\"tour-content-what-included\">\n<h4 id=\"whats-included\">Ce qui est Inclus<\/h4>\n<ul style=\"column-count: 2;\">\n<li>Ramassage des h\u00f4tels \u00e0 Belek &amp; environs<\/li>\n<li>Route panoramique vers Myra<\/li>\n<li>Visite des tombes rupestres de Myra et du th\u00e9\u00e2tre romain<\/li>\n<li>Demre - \u00c9glise Saint-Nicolas<\/li>\n<li>D\u00e9jeuner dans un restaurant local<\/li>\n<li>Croisi\u00e8re en yacht \u00e0 fond de verre au d\u00e9part de \u00c7aya\u011fz\u0131<\/li>\n<li>Visite de la ville engloutie de Kekova<\/li>\n<li>Pause natation<\/li>\n<li>Transfert retour \u00e0 l'h\u00f4tel<\/li>\n<\/ul>\n<\/div>\n<p>&nbsp;<\/p>\n<hr \/>\n<p>&nbsp;<\/p>\n<div class=\"tour-content-add-information\">\n<h4>Des Informations Suppl\u00e9mentaires<\/h4>\n<ul>\n<li>Excursion d'une journ\u00e9e compl\u00e8te<\/li>\n<li>Dur\u00e9e de la croisi\u00e8re : environ 2,5 heures<\/li>\n<li>Piscine d\u00e9pend des conditions m\u00e9t\u00e9orologiques<\/li>\n<li>Marche mod\u00e9r\u00e9e sur les sites historiques<\/li>\n<\/ul>\n<p>&nbsp;<\/p>\n<\/div>\n<hr \/>\n<p>&nbsp;<\/p>\n<div class=\"tour-content-cancell-policy\">\n<p><strong>Ce qu'il faut Apporter<\/strong><\/p>\n<ul style=\"column-count: 2;\">\n<li>Des chaussures de marche confortables\ud83d\udc5f<\/li>\n<li>Cr\u00e8me solaire et chapeau<img decoding=\"async\" class=\"emoji\" role=\"img\" draggable=\"false\" src=\"https:\/\/s.w.org\/images\/core\/emoji\/17.0.2\/svg\/1f9e2.svg\" alt=\"\ud83e\udde2\" \/><\/li>\n<li>Maillots de bain et serviette <img decoding=\"async\" class=\"emoji\" role=\"img\" draggable=\"false\" src=\"https:\/\/s.w.org\/images\/core\/emoji\/17.0.2\/svg\/1fa71.svg\" alt=\"\ud83e\ude71\" \/><\/li>\n<li>Appareil photo ou smartphone \ud83d\udcf1<\/li>\n<li>Argent liquide pour les entr\u00e9es et les boissons<img decoding=\"async\" class=\"emoji\" role=\"img\" draggable=\"false\" src=\"https:\/\/s.w.org\/images\/core\/emoji\/17.0.2\/svg\/1f4b3.svg\" alt=\"\ud83d\udcb3\" \/><\/li>\n<\/ul>\n<\/div>","protected":false},"excerpt":{"rendered":"<p>D\u00e9couvrez la ville engloutie de Kekova, les ruines de Myra et l'\u00e9glise Saint-Nicolas lors d'une excursion d'une journ\u00e9e au d\u00e9part de Belek. Profitez d'une croisi\u00e8re en yacht \u00e0 fond de verre, d'une baignade et d'un d\u00e9jeuner.<\/p>","protected":false},"featured_media":13180,"comment_status":"open","ping_status":"closed","template":"","meta":[],"product_brand":[],"product_cat":[15],"product_tag":[],"class_list":{"0":"post-13173","1":"product","2":"type-product","3":"status-publish","4":"has-post-thumbnail","6":"tour_phys-tours","7":"product_cat-non-classe","8":"pa_destination-belek","10":"first","11":"instock","12":"sale","13":"shipping-taxable","14":"purchasable","15":"product-type-tour_phys"},"_links":{"self":[{"href":"https:\/\/vetatourism.com\/fr\/wp-json\/wp\/v2\/product\/13173","targetHints":{"allow":["GET"]}}],"collection":[{"href":"https:\/\/vetatourism.com\/fr\/wp-json\/wp\/v2\/product"}],"about":[{"href":"https:\/\/vetatourism.com\/fr\/wp-json\/wp\/v2\/types\/product"}],"replies":[{"embeddable":true,"href":"https:\/\/vetatourism.com\/fr\/wp-json\/wp\/v2\/comments?post=13173"}],"wp:featuredmedia":[{"embeddable":true,"href":"https:\/\/vetatourism.com\/fr\/wp-json\/wp\/v2\/media\/13180"}],"wp:attachment":[{"href":"https:\/\/vetatourism.com\/fr\/wp-json\/wp\/v2\/media?parent=13173"}],"wp:term":[{"taxonomy":"product_brand","embeddable":true,"href":"https:\/\/vetatourism.com\/fr\/wp-json\/wp\/v2\/product_brand?post=13173"},{"taxonomy":"product_cat","embeddable":true,"href":"https:\/\/vetatourism.com\/fr\/wp-json\/wp\/v2\/product_cat?post=13173"},{"taxonomy":"product_tag","embeddable":true,"href":"https:\/\/vetatourism.com\/fr\/wp-json\/wp\/v2\/product_tag?post=13173"}],"curies":[{"name":"wp","href":"https:\/\/api.w.org\/{rel}","templated":true}]}}