{"id":13151,"date":"2026-01-29T15:18:25","date_gmt":"2026-01-29T15:18:25","guid":{"rendered":"https:\/\/vetatourism.com\/?post_type=product&#038;p=13151"},"modified":"2026-03-09T05:50:56","modified_gmt":"2026-03-09T05:50:56","slug":"pamukkale-hierapolis-tour-from-belek-side","status":"publish","type":"product","link":"https:\/\/vetatourism.com\/tours\/pamukkale-hierapolis-tour-from-belek-side","title":{"rendered":"Pamukkale &amp; Hi\u00e9rapolis Tour de Belek C\u00f4t\u00e9"},"content":{"rendered":"<div data-start=\"4679\" data-end=\"4853\">Commencez votre journ\u00e9e avec un d\u00e9but de ramassage \u00e0 votre h\u00f4tel \u00e0 C\u00f4t\u00e9 ou des r\u00e9gions voisines. D\u00e9tendez-vous au cours de la promenade panoramique \u00e0 Pamukkale, en passant par de pittoresques paysages de campagne.<\/div>\n<div data-start=\"4855\" data-end=\"5065\">Apr\u00e8s avoir profit\u00e9 d'un open-d\u00e9jeuner sous forme de buffet, arriver \u00e0 <strong data-start=\"4902\" data-end=\"4915\">Pamukkale<\/strong> et d'explorer son fameux blanc de travertin terrasses form\u00e9es par l'\u00e9coulement des eaux thermales. Marcher pieds nus sur les plus riches en min\u00e9raux de piscines et de prendre des photos inoubliables.<\/div>\n<div data-start=\"5067\" data-end=\"5273\">Continuer vers la ville antique de <strong data-start=\"5099\" data-end=\"5113\">Hi\u00e9rapolis<\/strong>une fois un c\u00e9l\u00e8bre station thermale de la ville. Visitez son impressionnant th\u00e9\u00e2tre Romain, thermes antiques, des temples et des agora pendant que votre guide de partage des histoires \u00e0 propos de sa riche histoire.<\/div>\n<div data-start=\"5275\" data-end=\"5468\">Profiter du temps libre pour vous d\u00e9tendre ou nager dans les piscines thermales. Si vous le souhaitez, vous pouvez \u00e9galement visiter <strong data-start=\"5362\" data-end=\"5382\">Le Bassin de cl\u00e9op\u00e2tre<\/strong> moyennant des frais suppl\u00e9mentaires. Terminez votre journ\u00e9e avec un confortable retour transfert \u00e0 votre h\u00f4tel.<\/div>\n<p>&nbsp;<\/p>\n<hr \/>\n<p>&nbsp;<\/p>\n<div class=\"tour-content-what-included\">\n<h4 id=\"whats-included\">Ce qui est Inclus<\/h4>\n<ul style=\"column-count: 2;\">\n<li>Ramassage des h\u00f4tels \u00e0 C\u00f4t\u00e9 &amp; environs<\/li>\n<li>Route panoramique \u00e0 Pamukkale<\/li>\n<li>Pause d\u00e9jeuner (buffet \u00e0 volont\u00e9)<\/li>\n<li>Visite de Pamukkale des travertins<\/li>\n<li>Visite guid\u00e9e de Hi\u00e9rapolis<\/li>\n<li>Temps libre pour la baignade et la d\u00e9tente<\/li>\n<li>En option le Bassin de Cl\u00e9op\u00e2tre visite<\/li>\n<li>Transfert retour \u00e0 l'h\u00f4tel<\/li>\n<\/ul>\n<\/div>\n<p>&nbsp;<\/p>\n<hr \/>\n<p>&nbsp;<\/p>\n<div class=\"tour-content-add-information\">\n<h4>Des Informations Suppl\u00e9mentaires<\/h4>\n<ul>\n<li>Excursion d'une journ\u00e9e compl\u00e8te<\/li>\n<li>Mod\u00e9r\u00e9e marche<\/li>\n<li>Des chaussures confortables recommand\u00e9<\/li>\n<li>Piscine d\u00e9pend des conditions m\u00e9t\u00e9orologiques<\/li>\n<\/ul>\n<p>&nbsp;<\/p>\n<\/div>\n<hr \/>\n<p>&nbsp;<\/p>\n<div class=\"tour-content-cancell-policy\">\n<p><strong>Ce qu'il faut Apporter<\/strong><\/p>\n<ul style=\"column-count: 2;\">\n<li>Des chaussures de marche confortables\ud83d\udc5f<\/li>\n<li>Cr\u00e8me solaire et chapeau<img decoding=\"async\" class=\"emoji\" role=\"img\" draggable=\"false\" src=\"https:\/\/s.w.org\/images\/core\/emoji\/17.0.2\/svg\/1f9e2.svg\" alt=\"\ud83e\udde2\" \/><\/li>\n<li>Maillots de bain et serviette <img decoding=\"async\" class=\"emoji\" role=\"img\" draggable=\"false\" src=\"https:\/\/s.w.org\/images\/core\/emoji\/17.0.2\/svg\/1fa71.svg\" alt=\"\ud83e\ude71\" \/><\/li>\n<li>Appareil photo ou smartphone \ud83d\udcf1<\/li>\n<li>De tr\u00e9sorerie pour les d\u00e9penses personnelles <img decoding=\"async\" class=\"emoji\" role=\"img\" draggable=\"false\" src=\"https:\/\/s.w.org\/images\/core\/emoji\/17.0.2\/svg\/1f4b3.svg\" alt=\"\ud83d\udcb3\" \/><\/li>\n<\/ul>\n<\/div>","protected":false},"excerpt":{"rendered":"<p>D\u00e9couvrez Pamukkale et de Hi\u00e9rapolis sur une excursion d'une journ\u00e9e de C\u00f4t\u00e9. Pied blanc travertins, explorer d'anciennes ruines, nager dans les piscines thermales et de profiter d'un d\u00e9jeuner.<\/p>","protected":false},"featured_media":13153,"comment_status":"open","ping_status":"closed","template":"","meta":[],"product_brand":[],"product_cat":[15],"product_tag":[],"class_list":{"0":"post-13151","1":"product","2":"type-product","3":"status-publish","4":"has-post-thumbnail","6":"tour_phys-tours","7":"product_cat-non-classe","8":"pa_destination-belek","10":"first","11":"instock","12":"sale","13":"shipping-taxable","14":"purchasable","15":"product-type-tour_phys"},"_links":{"self":[{"href":"https:\/\/vetatourism.com\/fr\/wp-json\/wp\/v2\/product\/13151","targetHints":{"allow":["GET"]}}],"collection":[{"href":"https:\/\/vetatourism.com\/fr\/wp-json\/wp\/v2\/product"}],"about":[{"href":"https:\/\/vetatourism.com\/fr\/wp-json\/wp\/v2\/types\/product"}],"replies":[{"embeddable":true,"href":"https:\/\/vetatourism.com\/fr\/wp-json\/wp\/v2\/comments?post=13151"}],"wp:featuredmedia":[{"embeddable":true,"href":"https:\/\/vetatourism.com\/fr\/wp-json\/wp\/v2\/media\/13153"}],"wp:attachment":[{"href":"https:\/\/vetatourism.com\/fr\/wp-json\/wp\/v2\/media?parent=13151"}],"wp:term":[{"taxonomy":"product_brand","embeddable":true,"href":"https:\/\/vetatourism.com\/fr\/wp-json\/wp\/v2\/product_brand?post=13151"},{"taxonomy":"product_cat","embeddable":true,"href":"https:\/\/vetatourism.com\/fr\/wp-json\/wp\/v2\/product_cat?post=13151"},{"taxonomy":"product_tag","embeddable":true,"href":"https:\/\/vetatourism.com\/fr\/wp-json\/wp\/v2\/product_tag?post=13151"}],"curies":[{"name":"wp","href":"https:\/\/api.w.org\/{rel}","templated":true}]}}