{"id":13134,"date":"2026-01-29T15:10:29","date_gmt":"2026-01-29T15:10:29","guid":{"rendered":"https:\/\/vetatourism.com\/?post_type=product&#038;p=13134"},"modified":"2026-03-09T05:51:02","modified_gmt":"2026-03-09T05:51:02","slug":"antalya-visite-de-la-ville-de-belek-vieille-ville-de-cascades","status":"publish","type":"product","link":"https:\/\/vetatourism.com\/tours\/antalya-city-tour-from-belek-old-town-waterfalls","title":{"rendered":"Antalya Visite De La Ville De Belek \u2013 La Vieille Ville Et De Cascades"},"content":{"rendered":"<div data-start=\"1452\" data-end=\"1785\">Votre journ\u00e9e commence par une prise en charge confortable \u00e0 votre h\u00f4tel \u00e0 Belek ou dans les environs. Voyage vers le centre ville d'Antalya pour explorer <strong data-start=\"1577\" data-end=\"1597\">Vieille ville de Kalei\u00e7i<\/strong>, L'histoire prend vie au milieu des monuments romains, seldjoukides et ottomans. Traversez la porte d'Hadrien, admirez le minaret Yivli et la tour de l'horloge, et profitez de votre temps libre pour explorer les boutiques et les caf\u00e9s.<\/div>\n<div data-start=\"1787\" data-end=\"1976\">Ensuite, rendez-vous \u00e0 l'historique <strong data-start=\"1814\" data-end=\"1828\">Vieux port<\/strong> et profitez d'une excursion en bateau d'une heure le long de la magnifique c\u00f4te d'Antalya, qui offre de superbes vues sur les falaises et la mer M\u00e9diterran\u00e9e.<\/div>\n<div data-start=\"1978\" data-end=\"2241\">Apr\u00e8s la croisi\u00e8re, d\u00e9gustez un d\u00e9licieux <strong data-start=\"2014\" data-end=\"2043\">d\u00e9jeuner traditionnel turc<\/strong> dans un restaurant local. Poursuivre l'excursion en visitant <strong data-start=\"2100\" data-end=\"2126\">Chutes d'eau du Haut-D\u00fcden<\/strong>, entour\u00e9 de verdure et de grottes, et <strong data-start=\"2166\" data-end=\"2192\">Chutes d'eau de D\u00fcden inf\u00e9rieur<\/strong>, L'eau se jette en cascade dans la mer.<\/div>\n<div data-start=\"2243\" data-end=\"2408\">Avant de rentrer, arr\u00eatez-vous dans un <strong data-start=\"2277\" data-end=\"2301\">atelier d'orf\u00e8vrerie<\/strong> pour voir les bijoux traditionnels en argent fabriqu\u00e9s \u00e0 la main. La journ\u00e9e se termine par un transfert confortable vers votre h\u00f4tel.<\/div>\n<p>&nbsp;<\/p>\n<hr \/>\n<p>&nbsp;<\/p>\n<div class=\"tour-content-what-included\">\n<h4 id=\"whats-included\">Ce qui est Inclus<\/h4>\n<ul style=\"column-count: 2;\">\n<li>Ramassage des h\u00f4tels \u00e0 Belek &amp; environs<\/li>\n<li>Visite de la vieille ville de Kalei\u00e7i et temps libre<\/li>\n<li>Excursion en bateau depuis le vieux port d'Antalya (1 heure)<\/li>\n<li>D\u00e9jeuner dans un restaurant local<\/li>\n<li>Visite des chutes d'eau de Upper D\u00fcden<\/li>\n<li>Visite des chutes d'eau de D\u00fcden inf\u00e9rieur<\/li>\n<li>Visite de l'orf\u00e8vre<\/li>\n<li>Transfert retour \u00e0 l'h\u00f4tel<\/li>\n<\/ul>\n<\/div>\n<p>&nbsp;<\/p>\n<hr \/>\n<p>&nbsp;<\/p>\n<div class=\"tour-content-add-information\">\n<h4>Des Informations Suppl\u00e9mentaires<\/h4>\n<ul>\n<li>Visite de la ville \u00e0 la journ\u00e9e<\/li>\n<li>Mod\u00e9r\u00e9e marche<\/li>\n<li>Excursion en bateau sous r\u00e9serve des conditions m\u00e9t\u00e9orologiques<\/li>\n<li>Des chaussures confortables recommand\u00e9<\/li>\n<\/ul>\n<p>&nbsp;<\/p>\n<\/div>\n<hr \/>\n<p>&nbsp;<\/p>\n<div class=\"tour-content-cancell-policy\">\n<p><strong>Ce qu'il faut Apporter<\/strong><\/p>\n<ul style=\"column-count: 2;\">\n<li>Des chaussures de marche confortables \ud83d\udc5f<\/li>\n<li>Cr\u00e8me solaire et chapeau\ud83e\udde2<\/li>\n<li>Appareil photo ou smartphone \ud83d\udcf1<\/li>\n<li>De tr\u00e9sorerie pour les d\u00e9penses personnelles <img decoding=\"async\" class=\"emoji\" role=\"img\" draggable=\"false\" src=\"https:\/\/s.w.org\/images\/core\/emoji\/17.0.2\/svg\/1f4b3.svg\" alt=\"\ud83d\udcb3\" \/><\/li>\n<\/ul>\n<\/div>","protected":false},"excerpt":{"rendered":"<p>Explorez Antalya lors d'une excursion d'une journ\u00e9e au d\u00e9part de Belek, avec la vieille ville, une excursion en bateau, les chutes d'eau Upper et Lower D\u00fcden et le d\u00e9jeuner inclus. D\u00e9couvrez la nature et l'histoire.<\/p>","protected":false},"featured_media":13144,"comment_status":"open","ping_status":"closed","template":"","meta":[],"product_brand":[],"product_cat":[15],"product_tag":[],"class_list":{"0":"post-13134","1":"product","2":"type-product","3":"status-publish","4":"has-post-thumbnail","6":"tour_phys-tours","7":"product_cat-non-classe","8":"pa_destination-belek","10":"first","11":"instock","12":"sale","13":"shipping-taxable","14":"purchasable","15":"product-type-tour_phys"},"_links":{"self":[{"href":"https:\/\/vetatourism.com\/fr\/wp-json\/wp\/v2\/product\/13134","targetHints":{"allow":["GET"]}}],"collection":[{"href":"https:\/\/vetatourism.com\/fr\/wp-json\/wp\/v2\/product"}],"about":[{"href":"https:\/\/vetatourism.com\/fr\/wp-json\/wp\/v2\/types\/product"}],"replies":[{"embeddable":true,"href":"https:\/\/vetatourism.com\/fr\/wp-json\/wp\/v2\/comments?post=13134"}],"wp:featuredmedia":[{"embeddable":true,"href":"https:\/\/vetatourism.com\/fr\/wp-json\/wp\/v2\/media\/13144"}],"wp:attachment":[{"href":"https:\/\/vetatourism.com\/fr\/wp-json\/wp\/v2\/media?parent=13134"}],"wp:term":[{"taxonomy":"product_brand","embeddable":true,"href":"https:\/\/vetatourism.com\/fr\/wp-json\/wp\/v2\/product_brand?post=13134"},{"taxonomy":"product_cat","embeddable":true,"href":"https:\/\/vetatourism.com\/fr\/wp-json\/wp\/v2\/product_cat?post=13134"},{"taxonomy":"product_tag","embeddable":true,"href":"https:\/\/vetatourism.com\/fr\/wp-json\/wp\/v2\/product_tag?post=13134"}],"curies":[{"name":"wp","href":"https:\/\/api.w.org\/{rel}","templated":true}]}}