{"id":13125,"date":"2026-01-29T15:00:45","date_gmt":"2026-01-29T15:00:45","guid":{"rendered":"https:\/\/vetatourism.com\/?post_type=product&#038;p=13125"},"modified":"2026-02-04T16:14:29","modified_gmt":"2026-02-04T16:14:29","slug":"visite-de-la-ville-dantalya-depuis-la-vieille-ville-chutes-deau","status":"publish","type":"product","link":"https:\/\/vetatourism.com\/tours\/antalya-city-tour-from-side-old-town-waterfalls","title":{"rendered":"Antalya Visite De La Ville D'Un C\u00f4t\u00e9 De La Vieille Ville Et De Cascades"},"content":{"rendered":"<div data-start=\"4577\" data-end=\"4859\">Votre journ\u00e9e commence par une prise en charge \u00e0 votre h\u00f4tel \u00e0 Side ou dans les r\u00e9gions voisines. Arriv\u00e9e \u00e0 Antalya et d\u00e9couverte <strong data-start=\"4680\" data-end=\"4700\">Vieille ville de Kalei\u00e7i<\/strong>, La visite de la ville se poursuit par une promenade dans les rues historiques et les monuments tels que la porte d'Hadrien, le minaret d'Yivli et la tour de l'Horloge. Temps libre pour explorer les boutiques, les mus\u00e9es ou les caf\u00e9s.<\/div>\n<div data-start=\"4861\" data-end=\"5056\">Poursuivre jusqu'\u00e0 la <strong data-start=\"4877\" data-end=\"4891\">Vieux port<\/strong> pour une promenade en bateau relaxante d'une heure offrant des vues panoramiques du littoral et des falaises d'Antalya. Apr\u00e8s la croisi\u00e8re, d\u00e9gustez un savoureux <strong data-start=\"5016\" data-end=\"5033\">D\u00e9jeuner turc<\/strong> dans un restaurant local.<\/div>\n<div data-start=\"5058\" data-end=\"5310\">Dans l'apr\u00e8s-midi, visite de <strong data-start=\"5082\" data-end=\"5108\">Chutes d'eau du Haut-D\u00fcden<\/strong>, cach\u00e9 dans la verdure, suivi de <strong data-start=\"5145\" data-end=\"5171\">Chutes d'eau de D\u00fcden inf\u00e9rieur<\/strong>, o\u00f9 l'eau rencontre la mer de fa\u00e7on spectaculaire. Avant le retour, arr\u00eat dans un <strong data-start=\"5247\" data-end=\"5262\">orf\u00e8vre<\/strong> pour voir les produits traditionnels en argent fabriqu\u00e9s \u00e0 la main.<\/div>\n<div data-start=\"5312\" data-end=\"5406\">Terminez la journ\u00e9e par un transfert confortable vers votre h\u00f4tel, rempli d'exp\u00e9riences m\u00e9morables.<\/div>\n<p>&nbsp;<\/p>\n<hr \/>\n<p>&nbsp;<\/p>\n<div class=\"tour-content-what-included\">\n<h4 id=\"whats-included\">Ce qui est Inclus<\/h4>\n<ul style=\"column-count: 2;\">\n<li>Ramassage des h\u00f4tels \u00e0 C\u00f4t\u00e9 &amp; environs<\/li>\n<li>Visite de la vieille ville de Kalei\u00e7i et temps libre<\/li>\n<li>Excursion en bateau depuis le vieux port d'Antalya (1 heure)<\/li>\n<li>D\u00e9jeuner dans un restaurant local<\/li>\n<li>Visite des chutes d'eau de Upper D\u00fcden<\/li>\n<li>Visite des chutes d'eau de D\u00fcden inf\u00e9rieur<\/li>\n<li>Visite de l'orf\u00e8vre<\/li>\n<li>Transfert retour \u00e0 l'h\u00f4tel<\/li>\n<\/ul>\n<\/div>\n<p>&nbsp;<\/p>\n<hr \/>\n<p>&nbsp;<\/p>\n<div class=\"tour-content-add-information\">\n<h4>Des Informations Suppl\u00e9mentaires<\/h4>\n<ul>\n<li>Visite de la ville \u00e0 la journ\u00e9e<\/li>\n<li>Mod\u00e9r\u00e9e marche<\/li>\n<li>Excursion en bateau sous r\u00e9serve des conditions m\u00e9t\u00e9orologiques<\/li>\n<li>Des chaussures confortables recommand\u00e9<\/li>\n<\/ul>\n<p>&nbsp;<\/p>\n<\/div>\n<hr \/>\n<p>&nbsp;<\/p>\n<div class=\"tour-content-cancell-policy\">\n<p><strong>Ce qu'il faut Apporter<\/strong><\/p>\n<ul style=\"column-count: 2;\">\n<li>Des chaussures de marche confortables\ud83d\udc5f<\/li>\n<li>Appareil photo ou smartphone\ud83d\udcf1<\/li>\n<li>Cr\u00e8me solaire et chapeau\ud83e\uddf4<\/li>\n<li>De tr\u00e9sorerie pour les d\u00e9penses personnelles <img decoding=\"async\" class=\"emoji\" role=\"img\" draggable=\"false\" src=\"https:\/\/s.w.org\/images\/core\/emoji\/17.0.2\/svg\/1f4b3.svg\" alt=\"\ud83d\udcb3\" \/><\/li>\n<\/ul>\n<\/div>","protected":false},"excerpt":{"rendered":"<p>D\u00e9couvrez Antalya lors d'une excursion d'une journ\u00e9e au d\u00e9part de Side, avec la vieille ville, une excursion en bateau, les chutes d'eau Upper et Lower D\u00fcden et le d\u00e9jeuner inclus. Histoire, mer et nature.<\/p>","protected":false},"featured_media":13127,"comment_status":"open","ping_status":"closed","template":"","meta":[],"product_brand":[],"product_cat":[129],"product_tag":[],"class_list":{"0":"post-13125","1":"product","2":"type-product","3":"status-publish","4":"has-post-thumbnail","6":"tour_phys-tours","7":"product_cat-uncategorized","8":"pa_destination-side","10":"first","11":"instock","12":"sale","13":"shipping-taxable","14":"purchasable","15":"product-type-tour_phys"},"_links":{"self":[{"href":"https:\/\/vetatourism.com\/fr\/wp-json\/wp\/v2\/product\/13125","targetHints":{"allow":["GET"]}}],"collection":[{"href":"https:\/\/vetatourism.com\/fr\/wp-json\/wp\/v2\/product"}],"about":[{"href":"https:\/\/vetatourism.com\/fr\/wp-json\/wp\/v2\/types\/product"}],"replies":[{"embeddable":true,"href":"https:\/\/vetatourism.com\/fr\/wp-json\/wp\/v2\/comments?post=13125"}],"wp:featuredmedia":[{"embeddable":true,"href":"https:\/\/vetatourism.com\/fr\/wp-json\/wp\/v2\/media\/13127"}],"wp:attachment":[{"href":"https:\/\/vetatourism.com\/fr\/wp-json\/wp\/v2\/media?parent=13125"}],"wp:term":[{"taxonomy":"product_brand","embeddable":true,"href":"https:\/\/vetatourism.com\/fr\/wp-json\/wp\/v2\/product_brand?post=13125"},{"taxonomy":"product_cat","embeddable":true,"href":"https:\/\/vetatourism.com\/fr\/wp-json\/wp\/v2\/product_cat?post=13125"},{"taxonomy":"product_tag","embeddable":true,"href":"https:\/\/vetatourism.com\/fr\/wp-json\/wp\/v2\/product_tag?post=13125"}],"curies":[{"name":"wp","href":"https:\/\/api.w.org\/{rel}","templated":true}]}}