{"id":13108,"date":"2026-01-29T14:48:00","date_gmt":"2026-01-29T14:48:00","guid":{"rendered":"https:\/\/vetatourism.com\/?post_type=product&#038;p=13108"},"modified":"2026-03-09T05:51:10","modified_gmt":"2026-03-09T05:51:10","slug":"relax-vip-yacht-tour-from-belek-small-group","status":"publish","type":"product","link":"https:\/\/vetatourism.com\/tours\/relax-vip-yacht-tour-from-belek-small-group","title":{"rendered":"Relax VIP Yacht Tour de Belek - Petit groupe"},"content":{"rendered":"<div data-start=\"1609\" data-end=\"1828\">Votre journ\u00e9e de d\u00e9tente commence par une prise en charge confortable \u00e0 votre h\u00f4tel \u00e0 Belek ou dans les environs, suivie d'un transfert vers la marina de Kemer. Montez \u00e0 bord du <strong data-start=\"1758\" data-end=\"1777\">Relax VIP Yacht<\/strong>, Les chambres d'h\u00f4tes ont \u00e9t\u00e9 sp\u00e9cialement con\u00e7ues pour la tranquillit\u00e9, le confort et le luxe.<\/div>\n<div data-start=\"1830\" data-end=\"2128\">Les ponts ne sont pas bond\u00e9s et les divertissements ne sont pas bruyants, ce qui vous permet de vous d\u00e9tendre. Chaque invit\u00e9 dispose de son propre transat, ce qui vous permet de vous d\u00e9tendre tout en profitant de vues panoramiques sur le littoral turquoise de Kemer. Le yacht jette l'ancre dans des baies tranquilles o\u00f9 vous pouvez nager dans des eaux cristallines ou simplement profiter de la douce brise marine.<\/div>\n<div data-start=\"2130\" data-end=\"2353\">Pendant la croisi\u00e8re, savourez un d\u00e9jeuner fra\u00eechement pr\u00e9par\u00e9 par le chef \u00e0 bord \u00e0 partir d'ingr\u00e9dients de haute qualit\u00e9. Une musique de fond douce et une atmosph\u00e8re tranquille cr\u00e9ent le cadre id\u00e9al pour se ressourcer et \u00e9chapper au stress quotidien.<\/div>\n<div data-start=\"2355\" data-end=\"2487\">Apr\u00e8s une journ\u00e9e de baignade, de bronzage et de pure d\u00e9tente, retour \u00e0 la marina de Kemer et transfert confortable vers votre h\u00f4tel.<\/div>\n<p>&nbsp;<\/p>\n<hr \/>\n<p>&nbsp;<\/p>\n<div class=\"tour-content-what-included\">\n<h4 id=\"whats-included\">Ce qui est Inclus<\/h4>\n<ul style=\"column-count: 2;\">\n<li>Ramassage des h\u00f4tels \u00e0 Belek &amp; environs<\/li>\n<li>Transfert \u00e0 Kemer Marina<\/li>\n<li>D\u00e9but de la croisi\u00e8re VIP Relax<\/li>\n<li>Arr\u00eats de baignade dans des baies isol\u00e9es<\/li>\n<li>D\u00e9jeuner servi \u00e0 bord<\/li>\n<li>Temps libre pour bronzer et se d\u00e9tendre<\/li>\n<li>Retour \u00e0 la marina et de l'h\u00f4tel<\/li>\n<\/ul>\n<\/div>\n<p>&nbsp;<\/p>\n<hr \/>\n<p>&nbsp;<\/p>\n<div class=\"tour-content-add-information\">\n<h4>Des Informations Suppl\u00e9mentaires<\/h4>\n<ul>\n<li>Capacit\u00e9 limit\u00e9e : 25 personnes au maximum<\/li>\n<li>Chaque h\u00f4te dispose d'un solarium priv\u00e9<\/li>\n<li>Pas de musique forte ni d'ambiance de f\u00eate<\/li>\n<li>Les b\u00e9b\u00e9s sont assis sur les genoux (pas de si\u00e8ge s\u00e9par\u00e9)<\/li>\n<li>Pas accessible en fauteuil roulant<\/li>\n<\/ul>\n<p>&nbsp;<\/p>\n<\/div>\n<hr \/>\n<p>&nbsp;<\/p>\n<div class=\"tour-content-cancell-policy\">\n<p><strong>Ce qu'il faut Apporter<\/strong><\/p>\n<ul style=\"column-count: 2;\">\n<li>Lunettes de soleil<img decoding=\"async\" class=\"emoji\" role=\"img\" draggable=\"false\" src=\"https:\/\/s.w.org\/images\/core\/emoji\/17.0.2\/svg\/1f576.svg\" alt=\"\ud83d\udd76\ufe0f\" \/><\/li>\n<li>De la cr\u00e8me solaire\ud83e\uddf4<\/li>\n<li>Maillots de bain et serviette <img decoding=\"async\" class=\"emoji\" role=\"img\" draggable=\"false\" src=\"https:\/\/s.w.org\/images\/core\/emoji\/17.0.2\/svg\/1fa71.svg\" alt=\"\ud83e\ude71\" \/><\/li>\n<li>De tr\u00e9sorerie pour les d\u00e9penses personnelles <img decoding=\"async\" class=\"emoji\" role=\"img\" draggable=\"false\" src=\"https:\/\/s.w.org\/images\/core\/emoji\/17.0.2\/svg\/1f4b3.svg\" alt=\"\ud83d\udcb3\" \/><\/li>\n<\/ul>\n<\/div>","protected":false},"excerpt":{"rendered":"<p>Profitez d'une excursion en yacht VIP relaxante de Belek \u00e0 Kemer. Nagez dans des baies cach\u00e9es, d\u00e9tendez-vous sur des transats priv\u00e9s et profitez d'un d\u00e9jeuner de luxe avec transfert \u00e0 l'h\u00f4tel.<\/p>","protected":false},"featured_media":13117,"comment_status":"open","ping_status":"closed","template":"","meta":[],"product_brand":[],"product_cat":[15],"product_tag":[],"class_list":{"0":"post-13108","1":"product","2":"type-product","3":"status-publish","4":"has-post-thumbnail","6":"tour_phys-tours","7":"product_cat-non-classe","8":"pa_destination-belek","10":"first","11":"instock","12":"sale","13":"shipping-taxable","14":"purchasable","15":"product-type-tour_phys"},"_links":{"self":[{"href":"https:\/\/vetatourism.com\/fr\/wp-json\/wp\/v2\/product\/13108","targetHints":{"allow":["GET"]}}],"collection":[{"href":"https:\/\/vetatourism.com\/fr\/wp-json\/wp\/v2\/product"}],"about":[{"href":"https:\/\/vetatourism.com\/fr\/wp-json\/wp\/v2\/types\/product"}],"replies":[{"embeddable":true,"href":"https:\/\/vetatourism.com\/fr\/wp-json\/wp\/v2\/comments?post=13108"}],"wp:featuredmedia":[{"embeddable":true,"href":"https:\/\/vetatourism.com\/fr\/wp-json\/wp\/v2\/media\/13117"}],"wp:attachment":[{"href":"https:\/\/vetatourism.com\/fr\/wp-json\/wp\/v2\/media?parent=13108"}],"wp:term":[{"taxonomy":"product_brand","embeddable":true,"href":"https:\/\/vetatourism.com\/fr\/wp-json\/wp\/v2\/product_brand?post=13108"},{"taxonomy":"product_cat","embeddable":true,"href":"https:\/\/vetatourism.com\/fr\/wp-json\/wp\/v2\/product_cat?post=13108"},{"taxonomy":"product_tag","embeddable":true,"href":"https:\/\/vetatourism.com\/fr\/wp-json\/wp\/v2\/product_tag?post=13108"}],"curies":[{"name":"wp","href":"https:\/\/api.w.org\/{rel}","templated":true}]}}