{"id":13063,"date":"2026-01-29T10:06:54","date_gmt":"2026-01-29T10:06:54","guid":{"rendered":"https:\/\/vetatourism.com\/?post_type=product&#038;p=13063"},"modified":"2026-03-09T05:52:13","modified_gmt":"2026-03-09T05:52:13","slug":"porto-genoese-boat-trip-from-belek-blue-lagoon","status":"publish","type":"product","link":"https:\/\/vetatourism.com\/tours\/porto-genoese-boat-trip-from-belek-blue-lagoon","title":{"rendered":"Porto Genoese Boat Trip from Belek &#038; Blue Lagoo"},"content":{"rendered":"<div data-start=\"1431\" data-end=\"1596\">Votre journ\u00e9e commence avec un confortable de ramassage \u00e0 votre h\u00f4tel \u00e0 Belek ou \u00e0 proximit\u00e9 de zones, suivie par une route panoramique \u00e0 <strong data-start=\"1545\" data-end=\"1561\">Adrasan Port<\/strong>, o\u00f9 votre yacht de luxe vous attend.<\/div>\n<div data-start=\"1598\" data-end=\"1814\">Le premier arr\u00eat de baignade est <strong data-start=\"1625\" data-end=\"1639\">Akseki Bay<\/strong>, Vous y passerez environ 30 minutes \u00e0 nager et \u00e0 faire de la plong\u00e9e avec masque et tuba dans des eaux claires riches en faune et en flore marines. Les fonds marins peuvent contenir des oursins, il est donc recommand\u00e9 de porter des chaussures de plong\u00e9e avec tuba.<\/div>\n<div data-start=\"1816\" data-end=\"2030\">Ensuite, une croisi\u00e8re vous m\u00e8nera \u00e0 l'\u00e9tonnante <strong data-start=\"1845\" data-end=\"1866\">Porto Ceneviz Bay<\/strong> pour un arr\u00eat plus long d'environ 60 minutes. Nagez dans des eaux turquoise \u00e9clatantes, profitez d'un bain de boue amusant et rafra\u00eechissant, et d\u00e9tendez-vous \u00e0 bord pendant qu'un d\u00e9licieux d\u00e9jeuner vous est servi.<\/div>\n<div data-start=\"2032\" data-end=\"2294\">Apr\u00e8s une courte croisi\u00e8re, vous arriverez \u00e0 <strong data-start=\"2064\" data-end=\"2078\">Korsan Bay<\/strong> pour environ 40 minutes de baignade et de d\u00e9tente dans cette crique paisible et isol\u00e9e. Si les conditions m\u00e9t\u00e9orologiques et l'\u00e9tat de la mer le permettent, le yacht se rendra \u00e9galement \u00e0 l'endroit magique o\u00f9 se trouve le port de plaisance. <strong data-start=\"2235\" data-end=\"2252\">Fosforlu Grotte<\/strong>, La ville est connue pour son atmosph\u00e8re lumineuse unique.<\/div>\n<div data-start=\"2296\" data-end=\"2420\">\u00c0 la fin de ce voyage relaxant et pittoresque, retournez \u00e0 la plage d'Adrasan et profitez d'un transfert confortable jusqu'\u00e0 votre h\u00f4tel.<\/div>\n<p>&nbsp;<\/p>\n<hr \/>\n<p>&nbsp;<\/p>\n<div class=\"tour-content-what-included\">\n<h4 id=\"whats-included\">Ce qui est Inclus<\/h4>\n<ul style=\"column-count: 2;\">\n<li>Ramassage des h\u00f4tels \u00e0 Belek &amp; environs<\/li>\n<li>Transfert \u00e0 Adrasan Port<\/li>\n<li>Arr\u00eat de baignade dans la baie d'Akseki<\/li>\n<li>Baignade dans la baie de Porto Ceneviz, bain de boue et d\u00e9jeuner<\/li>\n<li>Arr\u00eat de baignade dans la baie de Korsan<\/li>\n<li>Visite de la grotte de Fosforlu (si le temps le permet)<\/li>\n<li>Retour \u00e0 Adrasan et transfert \u00e0 l'h\u00f4tel<\/li>\n<\/ul>\n<\/div>\n<p>&nbsp;<\/p>\n<hr \/>\n<p>&nbsp;<\/p>\n<div class=\"tour-content-add-information\">\n<h4>Des Informations Suppl\u00e9mentaires<\/h4>\n<ul>\n<li>Plein jour, excursion en bateau<\/li>\n<li>La visite de la grotte de Fosforlu d\u00e9pend des conditions de mer<\/li>\n<li>Chaussures de plong\u00e9e recommand\u00e9es<\/li>\n<li>L'itin\u00e9raire peut \u00eatre modifi\u00e9 en fonction des conditions m\u00e9t\u00e9orologiques.<\/li>\n<\/ul>\n<p>&nbsp;<\/p>\n<\/div>\n<hr \/>\n<p>&nbsp;<\/p>\n<div class=\"tour-content-cancell-policy\">\n<p><strong>Ce qu'il faut Apporter<\/strong><\/p>\n<ul style=\"column-count: 2;\">\n<li>Lunettes de soleil<img decoding=\"async\" class=\"emoji\" role=\"img\" draggable=\"false\" src=\"https:\/\/s.w.org\/images\/core\/emoji\/17.0.2\/svg\/1f576.svg\" alt=\"\ud83d\udd76\ufe0f\" \/><\/li>\n<li>Cr\u00e8me solaire et chapeau<img decoding=\"async\" class=\"emoji\" role=\"img\" draggable=\"false\" src=\"https:\/\/s.w.org\/images\/core\/emoji\/17.0.2\/svg\/1f9e2.svg\" alt=\"\ud83e\udde2\" \/><\/li>\n<li>Maillots de bain et serviette <img decoding=\"async\" class=\"emoji\" role=\"img\" draggable=\"false\" src=\"https:\/\/s.w.org\/images\/core\/emoji\/17.0.2\/svg\/1fa71.svg\" alt=\"\ud83e\ude71\" \/><\/li>\n<li>Appareil photo ou smartphone \ud83d\udcf1<\/li>\n<li>De tr\u00e9sorerie pour les d\u00e9penses personnelles <img decoding=\"async\" class=\"emoji\" role=\"img\" draggable=\"false\" src=\"https:\/\/s.w.org\/images\/core\/emoji\/17.0.2\/svg\/1f4b3.svg\" alt=\"\ud83d\udcb3\" \/><\/li>\n<\/ul>\n<\/div>","protected":false},"excerpt":{"rendered":"<p>Profitez d'une excursion en yacht de Belek \u00e0 Porto Ceneviz, Akseki et les baies de Korsan. Nagez, profitez d'un bain de boue, d\u00e9jeuner \u00e0 bord et transferts \u00e0 l'h\u00f4tel inclus.<\/p>","protected":false},"featured_media":13109,"comment_status":"open","ping_status":"closed","template":"","meta":[],"product_brand":[],"product_cat":[15],"product_tag":[],"class_list":{"0":"post-13063","1":"product","2":"type-product","3":"status-publish","4":"has-post-thumbnail","6":"tour_phys-tours","7":"product_cat-non-classe","8":"pa_activity-porto-genoese-bay","9":"pa_destination-belek","11":"first","12":"instock","13":"shipping-taxable","14":"purchasable","15":"product-type-tour_phys"},"_links":{"self":[{"href":"https:\/\/vetatourism.com\/fr\/wp-json\/wp\/v2\/product\/13063","targetHints":{"allow":["GET"]}}],"collection":[{"href":"https:\/\/vetatourism.com\/fr\/wp-json\/wp\/v2\/product"}],"about":[{"href":"https:\/\/vetatourism.com\/fr\/wp-json\/wp\/v2\/types\/product"}],"replies":[{"embeddable":true,"href":"https:\/\/vetatourism.com\/fr\/wp-json\/wp\/v2\/comments?post=13063"}],"wp:featuredmedia":[{"embeddable":true,"href":"https:\/\/vetatourism.com\/fr\/wp-json\/wp\/v2\/media\/13109"}],"wp:attachment":[{"href":"https:\/\/vetatourism.com\/fr\/wp-json\/wp\/v2\/media?parent=13063"}],"wp:term":[{"taxonomy":"product_brand","embeddable":true,"href":"https:\/\/vetatourism.com\/fr\/wp-json\/wp\/v2\/product_brand?post=13063"},{"taxonomy":"product_cat","embeddable":true,"href":"https:\/\/vetatourism.com\/fr\/wp-json\/wp\/v2\/product_cat?post=13063"},{"taxonomy":"product_tag","embeddable":true,"href":"https:\/\/vetatourism.com\/fr\/wp-json\/wp\/v2\/product_tag?post=13063"}],"curies":[{"name":"wp","href":"https:\/\/api.w.org\/{rel}","templated":true}]}}