{"id":13055,"date":"2026-01-29T09:56:53","date_gmt":"2026-01-29T09:56:53","guid":{"rendered":"https:\/\/vetatourism.com\/?post_type=product&#038;p=13055"},"modified":"2026-03-09T05:52:07","modified_gmt":"2026-03-09T05:52:07","slug":"suluada-island-boat-trip-from-belek-turkish-maldives","status":"publish","type":"product","link":"https:\/\/vetatourism.com\/tours\/suluada-island-boat-trip-from-belek-turkish-maldives","title":{"rendered":"Suluada de l'\u00cele en Bateau de Belek -T\u00fcrkish Maldives"},"content":{"rendered":"<p data-start=\"1354\" data-end=\"1583\">Votre journ\u00e9e commence avec un confortable de ramassage \u00e0 votre h\u00f4tel \u00e0 Belek ou \u00e0 proximit\u00e9 de zones, suivie par une route panoramique \u00e0 <strong data-start=\"1468\" data-end=\"1484\">Adrasan Port<\/strong>. \u00c0 bord d'un spacieux et confortable bateau et mettre \u00e0 la voile vers les eaux turquoise de la Suluada de l'\u00cele.<\/p>\n<p data-start=\"1585\" data-end=\"1896\">La visite comprend les trois piscine s'arr\u00eate \u00e0 Suluada les plus beaux spots. Tout d'abord, visite <strong data-start=\"1672\" data-end=\"1688\">Maldives Bay<\/strong>, c\u00e9l\u00e8bre pour son sable blanc et ses eaux cristallines, id\u00e9ales pour la baignade et la plong\u00e9e en apn\u00e9e. Continuer \u00e0 <strong data-start=\"1789\" data-end=\"1817\">Suluada de plages cach\u00e9es<\/strong>, o\u00f9 vous pourrez vous d\u00e9tendre sur des plages tranquilles, marcher le long de la c\u00f4te ou tout simplement prendre le soleil.<\/p>\n<p data-start=\"1898\" data-end=\"2163\">Un autre point fort est la <strong data-start=\"1923\" data-end=\"1936\">L'Amour De La Grotte<\/strong>une formation naturelle offrant une nage unique et de photo. Autour de midi, profitez d'un fra\u00eechement grill\u00e9e au BARBECUE d\u00e9jeuner \u00e0 bord, avec des options telles que le poisson, le poulet ou v\u00e9g\u00e9tarien, plats, accompagn\u00e9s par les turcs traditionnels meze.<\/p>\n<p data-start=\"2165\" data-end=\"2356\">Apr\u00e8s une d\u00e9tente de la pause th\u00e9, le bateau retourne \u00e0 Adrasan Port. Enfin, profitez d'un confortable transfert retour \u00e0 votre h\u00f4tel \u00e0 Belek avec des souvenirs inoubliables de la Turquie paradis M\u00e9diterran\u00e9en.<\/p>\n<p>&nbsp;<\/p>\n<hr \/>\n<p>&nbsp;<\/p>\n<div class=\"tour-content-what-included\">\n<h4 id=\"whats-included\">Ce qui est Inclus<\/h4>\n<ul style=\"column-count: 2;\">\n<li>Ramassage des h\u00f4tels \u00e0 Belek &amp; environs<\/li>\n<li>Transfert \u00e0 Adrasan Port<\/li>\n<li>D\u00e9part bateau \u00e0 Suluada \u00cele<\/li>\n<li>Les Maldives de la Baie de natation arr\u00eater<\/li>\n<li>Plages cach\u00e9es piscine arr\u00eater<\/li>\n<li>L'amour de la Grotte visite<\/li>\n<li>D\u00e9jeuner BARBECUE \u00e0 bord<\/li>\n<li>Pause th\u00e9 et de retour de croisi\u00e8re<\/li>\n<li>Transfert retour \u00e0 l'h\u00f4tel<\/li>\n<\/ul>\n<\/div>\n<p>&nbsp;<\/p>\n<hr \/>\n<p>&nbsp;<\/p>\n<div class=\"tour-content-add-information\">\n<h4>Des Informations Suppl\u00e9mentaires<\/h4>\n<ul>\n<li>Plein jour, excursion en bateau<\/li>\n<li>Eaux calmes et peu profondes id\u00e9ales pour les familles<\/li>\n<li>L'itin\u00e9raire de la visite peut changer en raison des conditions m\u00e9t\u00e9orologiques<\/li>\n<li>En petit groupe et en grand bateau options disponibles<\/li>\n<\/ul>\n<p>&nbsp;<\/p>\n<\/div>\n<hr \/>\n<p>&nbsp;<\/p>\n<div class=\"tour-content-cancell-policy\">\n<p><strong>Ce qu'il faut Apporter<\/strong><\/p>\n<ul style=\"column-count: 2;\">\n<li>Lunettes de soleil<img decoding=\"async\" class=\"emoji\" role=\"img\" draggable=\"false\" src=\"https:\/\/s.w.org\/images\/core\/emoji\/17.0.2\/svg\/1f576.svg\" alt=\"\ud83d\udd76\ufe0f\" \/><\/li>\n<li>Cr\u00e8me solaire et chapeau<img decoding=\"async\" class=\"emoji\" role=\"img\" draggable=\"false\" src=\"https:\/\/s.w.org\/images\/core\/emoji\/17.0.2\/svg\/1f9e2.svg\" alt=\"\ud83e\udde2\" \/><\/li>\n<li>Maillots de bain et serviette <img decoding=\"async\" class=\"emoji\" role=\"img\" draggable=\"false\" src=\"https:\/\/s.w.org\/images\/core\/emoji\/17.0.2\/svg\/1fa71.svg\" alt=\"\ud83e\ude71\" \/><\/li>\n<li>Appareil photo ou smartphone \ud83d\udcf1<\/li>\n<li>De tr\u00e9sorerie pour les d\u00e9penses personnelles <img decoding=\"async\" class=\"emoji\" role=\"img\" draggable=\"false\" src=\"https:\/\/s.w.org\/images\/core\/emoji\/17.0.2\/svg\/1f4b3.svg\" alt=\"\ud83d\udcb3\" \/><\/li>\n<\/ul>\n<\/div>","protected":false},"excerpt":{"rendered":"<p>Rejoindre un Suluada excursion en bateau \u00e0 partir de Belek. Nager dans des eaux turquoises, explorer l'Amour de la Grotte, se d\u00e9tendre sur les plages de sable blanc et de profiter de BBQ avec les transferts.<\/p>","protected":false},"featured_media":13056,"comment_status":"open","ping_status":"closed","template":"","meta":[],"product_brand":[],"product_cat":[84],"product_tag":[],"class_list":{"0":"post-13055","1":"product","2":"type-product","3":"status-publish","4":"has-post-thumbnail","6":"tour_phys-tours","7":"product_cat-tours","8":"pa_activity-adrasan-yacht-tours","9":"pa_destination-belek","11":"first","12":"instock","13":"sale","14":"shipping-taxable","15":"purchasable","16":"product-type-tour_phys"},"_links":{"self":[{"href":"https:\/\/vetatourism.com\/fr\/wp-json\/wp\/v2\/product\/13055","targetHints":{"allow":["GET"]}}],"collection":[{"href":"https:\/\/vetatourism.com\/fr\/wp-json\/wp\/v2\/product"}],"about":[{"href":"https:\/\/vetatourism.com\/fr\/wp-json\/wp\/v2\/types\/product"}],"replies":[{"embeddable":true,"href":"https:\/\/vetatourism.com\/fr\/wp-json\/wp\/v2\/comments?post=13055"}],"wp:featuredmedia":[{"embeddable":true,"href":"https:\/\/vetatourism.com\/fr\/wp-json\/wp\/v2\/media\/13056"}],"wp:attachment":[{"href":"https:\/\/vetatourism.com\/fr\/wp-json\/wp\/v2\/media?parent=13055"}],"wp:term":[{"taxonomy":"product_brand","embeddable":true,"href":"https:\/\/vetatourism.com\/fr\/wp-json\/wp\/v2\/product_brand?post=13055"},{"taxonomy":"product_cat","embeddable":true,"href":"https:\/\/vetatourism.com\/fr\/wp-json\/wp\/v2\/product_cat?post=13055"},{"taxonomy":"product_tag","embeddable":true,"href":"https:\/\/vetatourism.com\/fr\/wp-json\/wp\/v2\/product_tag?post=13055"}],"curies":[{"name":"wp","href":"https:\/\/api.w.org\/{rel}","templated":true}]}}