{"id":13042,"date":"2026-01-29T09:45:12","date_gmt":"2026-01-29T09:45:12","guid":{"rendered":"https:\/\/vetatourism.com\/?post_type=product&#038;p=13042"},"modified":"2026-03-09T05:52:01","modified_gmt":"2026-03-09T05:52:01","slug":"pirate-boat-trip-gonster-from-belek-all-inclusive","status":"publish","type":"product","link":"https:\/\/vetatourism.com\/tours\/pirate-boat-trip-gonster-from-belek-all-inclusive","title":{"rendered":"Bateau de Pirate en Voyage d'Gonster de Belek \u2013 All Inclusive"},"content":{"rendered":"<div data-start=\"1394\" data-end=\"1642\">Votre aventure commence avec un confortable de ramassage \u00e0 votre h\u00f4tel \u00e0 Belek ou \u00e0 proximit\u00e9 de zones, suivi d'un transfert \u00e0 l' <strong data-start=\"1510\" data-end=\"1526\">Kemer Marina<\/strong>. Montez \u00e0 bord de la <strong data-start=\"1544\" data-end=\"1567\">Gonster De Bateau De Pirate<\/strong>, la conception unique d'un pirate de style vase plein de caract\u00e8re et d'excitation.<\/div>\n<div data-start=\"1644\" data-end=\"1916\">Alors que le bateau navigue \u00e0 Kemer magnifique littoral, l'\u00e9quipe cr\u00e9e un jeu amusant et \u00e9nergique ambiance avec de la musique, de la danse et de pirates sur le th\u00e8me du divertissement. La visite comprend plusieurs piscine s'arr\u00eate dans de belles baies o\u00f9 vous pourrez vous rafra\u00eechir dans les eaux turquoise ou vous d\u00e9tendre sur le pont.<\/div>\n<div data-start=\"1918\" data-end=\"2211\">Nager pr\u00e8s des ruines antiques \u00e0 <strong data-start=\"1949\" data-end=\"1965\">Phaselis Bay<\/strong>, profitez du calme et de la beaut\u00e9 de <strong data-start=\"1996\" data-end=\"2010\">Le Ciel De La Baie<\/strong>et vous d\u00e9tendre au <strong data-start=\"2025\" data-end=\"2042\">Moonlight Bay<\/strong>, l'un de Kemer les plus populaires de taches c\u00f4ti\u00e8res. Vous aurez \u00e9galement la croisi\u00e8re-del\u00e0 de la l\u00e9gendaire <strong data-start=\"2125\" data-end=\"2140\">Pirate Cave<\/strong>, offre de fantastiques possibilit\u00e9s de photo avec de spectaculaires formations rocheuses.<\/div>\n<div data-start=\"2213\" data-end=\"2450\">Un savoureux d\u00e9jeuner est servi \u00e0 bord, et des boissons sont disponibles toute la journ\u00e9e. Avec spacieuses terrasses pour prendre le soleil, beaucoup d'activit\u00e9s et d'une \u00e9quipe conviviale, cette tourn\u00e9e promet une journ\u00e9e pleine de plaisir, de d\u00e9tente et de souvenirs inoubliables.<\/div>\n<p>&nbsp;<\/p>\n<hr \/>\n<p>&nbsp;<\/p>\n<div class=\"tour-content-what-included\">\n<h4 id=\"whats-included\">Ce qui est Inclus<\/h4>\n<ul style=\"column-count: 2;\">\n<li>Ramassage des h\u00f4tels \u00e0 Belek &amp; environs<\/li>\n<li>Transfert \u00e0 Kemer Marina<\/li>\n<li>Embarquement \u00e0 bord de l'Gonster de Bateau de Pirate<\/li>\n<li>Phaselis de la Baie de natation arr\u00eater<\/li>\n<li>Le ciel de la Baie de natation arr\u00eater<\/li>\n<li>Moonlight Bay piscine arr\u00eater<\/li>\n<li>Pirate Grotte de tourisme<\/li>\n<li>Le d\u00e9jeuner et le divertissement \u00e0 bord<\/li>\n<li>Retour \u00e0 la marina et transfert \u00e0 l'h\u00f4tel<\/li>\n<\/ul>\n<\/div>\n<p>&nbsp;<\/p>\n<hr \/>\n<p>&nbsp;<\/p>\n<div class=\"tour-content-add-information\">\n<h4>Des Informations Suppl\u00e9mentaires<\/h4>\n<ul>\n<li>Plein jour, excursion en bateau<\/li>\n<li>L'ambiance familiale et adapt\u00e9 pour les enfants<\/li>\n<li>Boissons incluses pendant le tour<\/li>\n<li>L'itin\u00e9raire peut varier selon les conditions m\u00e9t\u00e9orologiques<\/li>\n<\/ul>\n<p>&nbsp;<\/p>\n<\/div>\n<hr \/>\n<p>&nbsp;<\/p>\n<div class=\"tour-content-cancell-policy\">\n<p><strong>Ce qu'il faut Apporter<\/strong><\/p>\n<ul style=\"column-count: 2;\">\n<li>Lunettes de soleil<img decoding=\"async\" class=\"emoji\" role=\"img\" draggable=\"false\" src=\"https:\/\/s.w.org\/images\/core\/emoji\/17.0.2\/svg\/1f576.svg\" alt=\"\ud83d\udd76\ufe0f\" \/><\/li>\n<li>Cr\u00e8me solaire et chapeau<img decoding=\"async\" class=\"emoji\" role=\"img\" draggable=\"false\" src=\"https:\/\/s.w.org\/images\/core\/emoji\/17.0.2\/svg\/1f9e2.svg\" alt=\"\ud83e\udde2\" \/><\/li>\n<li>Maillots de bain et serviette <img decoding=\"async\" class=\"emoji\" role=\"img\" draggable=\"false\" src=\"https:\/\/s.w.org\/images\/core\/emoji\/17.0.2\/svg\/1fa71.svg\" alt=\"\ud83e\ude71\" \/><\/li>\n<li>Appareil photo ou smartphone \ud83d\udcf1<\/li>\n<li>De tr\u00e9sorerie pour les d\u00e9penses personnelles <img decoding=\"async\" class=\"emoji\" role=\"img\" draggable=\"false\" src=\"https:\/\/s.w.org\/images\/core\/emoji\/17.0.2\/svg\/1f4b3.svg\" alt=\"\ud83d\udcb3\" \/><\/li>\n<\/ul>\n<\/div>","protected":false},"excerpt":{"rendered":"<p>Profitez de la Gonster de Bateau de Pirate Tour de Belek. Nager dans Kemer baies, profitez de pirate des spectacles, des repas, de boissons et de divertissement amusant avec transferts inclus.<\/p>","protected":false},"featured_media":13043,"comment_status":"open","ping_status":"closed","template":"","meta":[],"product_brand":[],"product_cat":[84],"product_tag":[],"class_list":{"0":"post-13042","1":"product","2":"type-product","3":"status-publish","4":"has-post-thumbnail","6":"tour_phys-tours","7":"product_cat-tours","8":"pa_activity-pirate-boat-tours","9":"pa_destination-belek","11":"first","12":"instock","13":"sale","14":"shipping-taxable","15":"purchasable","16":"product-type-tour_phys"},"_links":{"self":[{"href":"https:\/\/vetatourism.com\/fr\/wp-json\/wp\/v2\/product\/13042","targetHints":{"allow":["GET"]}}],"collection":[{"href":"https:\/\/vetatourism.com\/fr\/wp-json\/wp\/v2\/product"}],"about":[{"href":"https:\/\/vetatourism.com\/fr\/wp-json\/wp\/v2\/types\/product"}],"replies":[{"embeddable":true,"href":"https:\/\/vetatourism.com\/fr\/wp-json\/wp\/v2\/comments?post=13042"}],"wp:featuredmedia":[{"embeddable":true,"href":"https:\/\/vetatourism.com\/fr\/wp-json\/wp\/v2\/media\/13043"}],"wp:attachment":[{"href":"https:\/\/vetatourism.com\/fr\/wp-json\/wp\/v2\/media?parent=13042"}],"wp:term":[{"taxonomy":"product_brand","embeddable":true,"href":"https:\/\/vetatourism.com\/fr\/wp-json\/wp\/v2\/product_brand?post=13042"},{"taxonomy":"product_cat","embeddable":true,"href":"https:\/\/vetatourism.com\/fr\/wp-json\/wp\/v2\/product_cat?post=13042"},{"taxonomy":"product_tag","embeddable":true,"href":"https:\/\/vetatourism.com\/fr\/wp-json\/wp\/v2\/product_tag?post=13042"}],"curies":[{"name":"wp","href":"https:\/\/api.w.org\/{rel}","templated":true}]}}