{"id":13031,"date":"2026-01-29T09:17:20","date_gmt":"2026-01-29T09:17:20","guid":{"rendered":"https:\/\/vetatourism.com\/?post_type=product&#038;p=13031"},"modified":"2026-04-08T17:24:15","modified_gmt":"2026-04-08T17:24:15","slug":"pirate-boat-trip-from-belek-red-dragon","status":"publish","type":"product","link":"https:\/\/vetatourism.com\/tours\/pirate-boat-trip-from-belek-red-dragon","title":{"rendered":"Bateau De Pirate En Voyage De Belek \u2014 Dragon Rouge"},"content":{"rendered":"<div data-start=\"1355\" data-end=\"1576\">Votre reposante sur la mer la journ\u00e9e commence avec un confortable de ramassage \u00e0 votre h\u00f4tel \u00e0 Belek ou \u00e0 proximit\u00e9 de zones, suivi d'un transfert \u00e0 l' <strong data-start=\"1478\" data-end=\"1494\">Kemer Marina<\/strong>. Board a stylish pirate boat designed for comfort, space and relaxation.<\/div>\n<div data-start=\"1578\" data-end=\"1774\">Comme les croisi\u00e8res en catamaran le long de la pittoresque Kemer c\u00f4te, profiter de la musique live et une agr\u00e9able atmosph\u00e8re \u00e0 bord. La visite comprend plusieurs piscine s'arr\u00eate dans certaines des plus belles baies.<\/div>\n<div data-start=\"1776\" data-end=\"2065\">Nager pr\u00e8s des ruines antiques \u00e0 <strong data-start=\"1807\" data-end=\"1823\">Phaselis Bay<\/strong>, vous d\u00e9tendre dans les eaux paisibles de <strong data-start=\"1857\" data-end=\"1871\">Le Ciel De La Baie<\/strong>et profiter de l'ambiance anim\u00e9e de <strong data-start=\"1908\" data-end=\"1925\">Moonlight Bay<\/strong>, id\u00e9al pour la baignade et des photos. Vous pourrez \u00e9galement faire un tour en bateau le myst\u00e9rieux <strong data-start=\"1999\" data-end=\"2014\">Pirate Cave<\/strong>offrant des vues fantastiques et des opportunit\u00e9s de photo.<\/div>\n<div data-start=\"2067\" data-end=\"2287\">During the tour, you may enjoy lunch and drinks onboard depending on your selected package. With plenty of space to sunbathe, swim or simply relax, this pirate boat offers the perfect balance of fun and tranquility.<\/div>\n<p>&nbsp;<\/p>\n<hr \/>\n<p>&nbsp;<\/p>\n<div class=\"tour-content-what-included\">\n<h4 id=\"whats-included\">Ce qui est Inclus<\/h4>\n<ul style=\"column-count: 2;\">\n<li>Ramassage des h\u00f4tels \u00e0 Belek &amp; environs<\/li>\n<li>Transfert \u00e0 Kemer Marina<\/li>\n<li>Embarquement \u00e0 bord du bateau pirate<\/li>\n<li>Phaselis de la Baie de natation arr\u00eater<\/li>\n<li>Le ciel de la Baie de natation arr\u00eater<\/li>\n<li>Moonlight Bay piscine arr\u00eater<\/li>\n<li>Pirate Grotte de tourisme<\/li>\n<li>Temps libre pour la d\u00e9tente et les bains de soleil<\/li>\n<li>Retour \u00e0 la marina et transfert \u00e0 l'h\u00f4tel<\/li>\n<\/ul>\n<\/div>\n<p>&nbsp;<\/p>\n<hr \/>\n<p>&nbsp;<\/p>\n<div class=\"tour-content-add-information\">\n<h4>Des Informations Suppl\u00e9mentaires<\/h4>\n<ul>\n<li>Plein jour, excursion en bateau<\/li>\n<li>Adapt\u00e9 pour les couples, les familles et les voyageurs en solo<\/li>\n<li>Spacieux, ombrag\u00e9s et les bains de soleil domaines<\/li>\n<li>L'itin\u00e9raire peut varier selon les conditions m\u00e9t\u00e9orologiques<\/li>\n<\/ul>\n<p>&nbsp;<\/p>\n<\/div>\n<hr \/>\n<p>&nbsp;<\/p>\n<div class=\"tour-content-cancell-policy\">\n<p><strong>Ce qu'il faut Apporter<\/strong><\/p>\n<ul style=\"column-count: 2;\">\n<li>Lunettes de soleil<img decoding=\"async\" class=\"emoji\" role=\"img\" draggable=\"false\" src=\"https:\/\/s.w.org\/images\/core\/emoji\/17.0.2\/svg\/1f576.svg\" alt=\"\ud83d\udd76\ufe0f\" \/><\/li>\n<li>Cr\u00e8me solaire et chapeau<img decoding=\"async\" class=\"emoji\" role=\"img\" draggable=\"false\" src=\"https:\/\/s.w.org\/images\/core\/emoji\/17.0.2\/svg\/1f9e2.svg\" alt=\"\ud83e\udde2\" \/><\/li>\n<li>Maillots de bain et serviette <img decoding=\"async\" class=\"emoji\" role=\"img\" draggable=\"false\" src=\"https:\/\/s.w.org\/images\/core\/emoji\/17.0.2\/svg\/1fa71.svg\" alt=\"\ud83e\ude71\" \/><\/li>\n<li>Appareil photo ou smartphone \ud83d\udcf1<\/li>\n<li>De tr\u00e9sorerie pour les d\u00e9penses personnelles <img decoding=\"async\" class=\"emoji\" role=\"img\" draggable=\"false\" src=\"https:\/\/s.w.org\/images\/core\/emoji\/17.0.2\/svg\/1f4b3.svg\" alt=\"\ud83d\udcb3\" \/><\/li>\n<\/ul>\n<\/div>","protected":false},"excerpt":{"rendered":"<p>Join a pirate boat tour from Belek to Kemer. Swim in crystal-clear bays, enjoy sea views, live music and a relaxing cruise with transfers included.<\/p>","protected":false},"featured_media":16565,"comment_status":"open","ping_status":"closed","template":"","meta":[],"product_brand":[],"product_cat":[],"product_tag":[],"class_list":{"0":"post-13031","1":"product","2":"type-product","3":"status-publish","4":"has-post-thumbnail","6":"tour_phys-tours","7":"pa_activity-pirate-boat-tours","8":"pa_destination-belek","10":"first","11":"instock","12":"shipping-taxable","13":"purchasable","14":"product-type-tour_phys"},"_links":{"self":[{"href":"https:\/\/vetatourism.com\/fr\/wp-json\/wp\/v2\/product\/13031","targetHints":{"allow":["GET"]}}],"collection":[{"href":"https:\/\/vetatourism.com\/fr\/wp-json\/wp\/v2\/product"}],"about":[{"href":"https:\/\/vetatourism.com\/fr\/wp-json\/wp\/v2\/types\/product"}],"replies":[{"embeddable":true,"href":"https:\/\/vetatourism.com\/fr\/wp-json\/wp\/v2\/comments?post=13031"}],"wp:featuredmedia":[{"embeddable":true,"href":"https:\/\/vetatourism.com\/fr\/wp-json\/wp\/v2\/media\/16565"}],"wp:attachment":[{"href":"https:\/\/vetatourism.com\/fr\/wp-json\/wp\/v2\/media?parent=13031"}],"wp:term":[{"taxonomy":"product_brand","embeddable":true,"href":"https:\/\/vetatourism.com\/fr\/wp-json\/wp\/v2\/product_brand?post=13031"},{"taxonomy":"product_cat","embeddable":true,"href":"https:\/\/vetatourism.com\/fr\/wp-json\/wp\/v2\/product_cat?post=13031"},{"taxonomy":"product_tag","embeddable":true,"href":"https:\/\/vetatourism.com\/fr\/wp-json\/wp\/v2\/product_tag?post=13031"}],"curies":[{"name":"wp","href":"https:\/\/api.w.org\/{rel}","templated":true}]}}