{"id":13020,"date":"2026-01-29T08:51:26","date_gmt":"2026-01-29T08:51:26","guid":{"rendered":"https:\/\/vetatourism.com\/?post_type=product&#038;p=13020"},"modified":"2026-04-25T17:31:10","modified_gmt":"2026-04-25T17:31:10","slug":"kemer-pirate-boat-trip-red-dragon-with-lunch","status":"publish","type":"product","link":"https:\/\/vetatourism.com\/tours\/kemer-pirate-boat-trip-red-dragon-with-lunch","title":{"rendered":"Kemer Pirate Excursion En Bateau Dragon Rouge Avec D\u00e9jeuner"},"content":{"rendered":"<div data-start=\"1347\" data-end=\"1579\">Votre aventure commence avec un confortable de ramassage \u00e0 votre h\u00f4tel \u00e0 Belek ou \u00e0 proximit\u00e9 de zones, suivi d'un transfert \u00e0 l' <strong data-start=\"1463\" data-end=\"1479\">Kemer Marina<\/strong>. Montez \u00e0 bord d'un grand <strong data-start=\"1501\" data-end=\"1523\">autour du th\u00e8me des pirates bateau<\/strong>con\u00e7u pour le plaisir, la musique et la mer inoubliables moments.<\/div>\n<div data-start=\"1581\" data-end=\"1821\">Comme les croisi\u00e8res en bateau le long de la magnifique Kemer littoral, l'\u00e9quipe conserve l'\u00e9nergie de haut avec de la musique, de la danse et de la pirate de style de divertissement. La visite comprend plusieurs piscine s'arr\u00eate, o\u00f9 vous pourrez vous rafra\u00eechir dans les eaux turquoise ou vous d\u00e9tendre sur le pont.<\/div>\n<div data-start=\"1823\" data-end=\"2094\">Nager pr\u00e8s des ruines antiques \u00e0 <strong data-start=\"1854\" data-end=\"1870\">Phaselis Bay<\/strong>, profiter de l'atmosph\u00e8re paisible de l' <strong data-start=\"1905\" data-end=\"1919\">Le Ciel De La Baie<\/strong>et de vous d\u00e9tendre ou prendre des photos \u00e0 <strong data-start=\"1949\" data-end=\"1966\">Moonlight Bay<\/strong>. Vous pourrez \u00e9galement faire un tour en bateau le myst\u00e9rieux <strong data-start=\"2009\" data-end=\"2024\">Pirate Cave<\/strong>, offrant de spectaculaires formations rocheuses et d'excellentes opportunit\u00e9s de photos.<\/div>\n<div data-start=\"2096\" data-end=\"2325\">Tout au long de la visite, de la nourriture et des boissons sont disponibles \u00e0 bord en fonction de votre formule choisie. Avec des animations, de beaux paysages et beaucoup de natation temps, ce bateau de pirate tour promet une journ\u00e9e pleine de plaisir et de souvenirs.<\/div>\n<div data-start=\"2096\" data-end=\"2325\"><\/div>\n<div data-start=\"2096\" data-end=\"2325\"><\/div>\n<div style=\"max-width: 360px; margin: 0;\">\n<div style=\"position: relative; padding-top: 177.77%;\"><iframe style=\"position: absolute; top: 0; left: 0; width: 100%; height: 100%; border: 0;\" src=\"https:\/\/www.youtube.com\/embed\/6hknrEM8D68\" allowfullscreen=\"allowfullscreen\"><br \/>\n<\/iframe><\/div>\n<\/div>\n<hr \/>\n<p>&nbsp;<\/p>\n<div class=\"tour-content-what-included\">\n<h4 id=\"whats-included\">Ce qui est Inclus<\/h4>\n<ul style=\"column-count: 2;\">\n<li>Prise en charge \u00e0 partir des h\u00f4tels de Kemer et des environs<\/li>\n<li>Transfert \u00e0 Kemer Marina<\/li>\n<li>Embarquement \u00e0 bord du bateau pirate<\/li>\n<li>Phaselis de la Baie de natation arr\u00eater<\/li>\n<li>Le ciel de la Baie de natation arr\u00eater<\/li>\n<li>Moonlight Bay piscine arr\u00eater<\/li>\n<li>Pirate Grotte de tourisme<\/li>\n<li>De divertissement, de la natation et du temps libre \u00e0 bord<\/li>\n<li>Retour \u00e0 la marina et transfert \u00e0 l'h\u00f4tel<\/li>\n<\/ul>\n<\/div>\n<p>&nbsp;<\/p>\n<hr \/>\n<p>&nbsp;<\/p>\n<div class=\"tour-content-add-information\">\n<h4>Des Informations Suppl\u00e9mentaires<\/h4>\n<ul>\n<li>Une journ\u00e9e compl\u00e8te de bateau de pirate tour<\/li>\n<li>L'ambiance familiale et adapt\u00e9 pour les enfants<\/li>\n<li>De la musique Live et de divertissement \u00e0 bord<\/li>\n<li>L'itin\u00e9raire peut varier selon les conditions m\u00e9t\u00e9orologiques<\/li>\n<\/ul>\n<\/div>\n<hr \/>\n<p>&nbsp;<\/p>\n<div class=\"tour-content-cancell-policy\">\n<p><strong>Ce qu'il faut Apporter<\/strong><\/p>\n<ul style=\"column-count: 2;\">\n<li>Lunettes de soleil<img decoding=\"async\" class=\"emoji\" role=\"img\" draggable=\"false\" src=\"https:\/\/s.w.org\/images\/core\/emoji\/17.0.2\/svg\/1f576.svg\" alt=\"\ud83d\udd76\ufe0f\" \/><\/li>\n<li>Cr\u00e8me solaire et chapeau<img decoding=\"async\" class=\"emoji\" role=\"img\" draggable=\"false\" src=\"https:\/\/s.w.org\/images\/core\/emoji\/17.0.2\/svg\/1f9e2.svg\" alt=\"\ud83e\udde2\" \/><\/li>\n<li>Maillots de bain et serviette <img decoding=\"async\" class=\"emoji\" role=\"img\" draggable=\"false\" src=\"https:\/\/s.w.org\/images\/core\/emoji\/17.0.2\/svg\/1fa71.svg\" alt=\"\ud83e\ude71\" \/><\/li>\n<li>Appareil photo ou smartphone \ud83d\udcf1<\/li>\n<li>De tr\u00e9sorerie pour les d\u00e9penses personnelles <img decoding=\"async\" class=\"emoji\" role=\"img\" draggable=\"false\" src=\"https:\/\/s.w.org\/images\/core\/emoji\/17.0.2\/svg\/1f4b3.svg\" alt=\"\ud83d\udcb3\" \/><\/li>\n<\/ul>\n<\/div>","protected":false},"excerpt":{"rendered":"<p>Rejoindre un bateau de pirate tour de Belek \u00e0 Kemer. Nager dans l'eau limpide de baies, de profiter de la musique, le divertissement et le plaisir de la mer d'aventure, avec des transferts \u00e0 l'h\u00f4tel.<\/p>","protected":false},"featured_media":16564,"comment_status":"open","ping_status":"closed","template":"","meta":[],"product_brand":[],"product_cat":[],"product_tag":[],"class_list":{"0":"post-13020","1":"product","2":"type-product","3":"status-publish","4":"has-post-thumbnail","6":"tour_phys-tours","7":"pa_activity-pirate-boat-tours","8":"pa_destination-kemer","10":"first","11":"instock","12":"shipping-taxable","13":"purchasable","14":"product-type-tour_phys"},"_links":{"self":[{"href":"https:\/\/vetatourism.com\/fr\/wp-json\/wp\/v2\/product\/13020","targetHints":{"allow":["GET"]}}],"collection":[{"href":"https:\/\/vetatourism.com\/fr\/wp-json\/wp\/v2\/product"}],"about":[{"href":"https:\/\/vetatourism.com\/fr\/wp-json\/wp\/v2\/types\/product"}],"replies":[{"embeddable":true,"href":"https:\/\/vetatourism.com\/fr\/wp-json\/wp\/v2\/comments?post=13020"}],"wp:featuredmedia":[{"embeddable":true,"href":"https:\/\/vetatourism.com\/fr\/wp-json\/wp\/v2\/media\/16564"}],"wp:attachment":[{"href":"https:\/\/vetatourism.com\/fr\/wp-json\/wp\/v2\/media?parent=13020"}],"wp:term":[{"taxonomy":"product_brand","embeddable":true,"href":"https:\/\/vetatourism.com\/fr\/wp-json\/wp\/v2\/product_brand?post=13020"},{"taxonomy":"product_cat","embeddable":true,"href":"https:\/\/vetatourism.com\/fr\/wp-json\/wp\/v2\/product_cat?post=13020"},{"taxonomy":"product_tag","embeddable":true,"href":"https:\/\/vetatourism.com\/fr\/wp-json\/wp\/v2\/product_tag?post=13020"}],"curies":[{"name":"wp","href":"https:\/\/api.w.org\/{rel}","templated":true}]}}