{"id":12995,"date":"2026-01-29T07:11:52","date_gmt":"2026-01-29T07:11:52","guid":{"rendered":"https:\/\/vetatourism.com\/?post_type=product&#038;p=12995"},"modified":"2026-04-09T08:04:15","modified_gmt":"2026-04-09T08:04:15","slug":"green-canyon-boat-trip-from-belek-nature-relaxation","status":"publish","type":"product","link":"https:\/\/vetatourism.com\/tours\/green-canyon-boat-trip-from-belek-nature-relaxation","title":{"rendered":"Green Canyon Voyage en Bateau de Belek \u2013 la Nature, de D\u00e9tente"},"content":{"rendered":"<p>Votre journ\u00e9e commence avec un confortable de ramassage \u00e0 votre h\u00f4tel \u00e0 Belek ou \u00e0 proximit\u00e9 de zones, suivie par une route panoramique \u00e0 travers les Montagnes du Taurus vers Green Canyon.<\/p>\n<p>\u00c0 l'arriv\u00e9e, \u00e0 bord d'un bateau confortable et de commencer une croisi\u00e8re le long d'un vert \u00e9meraude, entour\u00e9 de falaises et de for\u00eats luxuriantes, des paysages. La route traverse le Petit et le Grand Canyon, avec piscine pauses au calme, les eaux cristallines.<\/p>\n<p>Plus tard, profiter d'un d\u00e9licieux d\u00e9jeuner dans un restaurant au bord du lac, o\u00f9 vous pourrez vous d\u00e9tendre et profiter du silence de la nature. Ce tour offre l'\u00e9quilibre parfait de d\u00e9tente et de d\u00e9paysement, avant de retourner \u00e0 votre h\u00f4tel sensation de fra\u00eecheur et de charges.<\/p>\n<p>&nbsp;<\/p>\n<hr \/>\n<p>&nbsp;<\/p>\n<div class=\"tour-content-what-included\">\n<h4 id=\"whats-included\">Ce qui est Inclus<\/h4>\n<ul style=\"column-count: 2;\">\n<li>Ramassage des h\u00f4tels \u00e0 Belek &amp; environs<\/li>\n<li>Route panoramique \u00e0 travers les Montagnes du Taurus<\/li>\n<li>Croisi\u00e8re en bateau sur le Green Canyon<\/li>\n<li>La natation s'arr\u00eate<\/li>\n<li>D\u00e9jeuner dans un restaurant au bord du lac<\/li>\n<li>De retour de croisi\u00e8re<\/li>\n<li>Transfert retour \u00e0 l'h\u00f4tel<\/li>\n<\/ul>\n<\/div>\n<hr \/>\n<p>&nbsp;<\/p>\n<div class=\"tour-content-add-information\">\n<h4>Des Informations Suppl\u00e9mentaires<\/h4>\n<ul>\n<li>Journ\u00e9e compl\u00e8te de visite en bateau (approx. De 9 \u00e0 10 heures)<\/li>\n<li>Une faible activit\u00e9 physique (bateau de croisi\u00e8re et en option piscine)<\/li>\n<li>D\u00e9parts quotidiens \u00e0 partir de Kemer<\/li>\n<li>Ombrag\u00e9e de salon et des toilettes sur le bateau<\/li>\n<li>Gilets de sauvetage fournis<\/li>\n<li>Les enfants de moins de 5 ans voyagent gratuitement ne pas avoir un si\u00e8ge d'autobus; si le bus est plein, ils sont assis sur les genoux d'un adulte ou d'un si\u00e8ge r\u00e9serv\u00e9 s\u00e9par\u00e9ment<\/li>\n<\/ul>\n<\/div>\n<hr \/>\n<p>&nbsp;<\/p>\n<div class=\"tour-content-cancell-policy\">\n<p><strong>Ce qu'il faut Apporter<\/strong><\/p>\n<ul style=\"column-count: 2;\">\n<li>Lunettes de soleil<img decoding=\"async\" class=\"emoji\" role=\"img\" draggable=\"false\" src=\"https:\/\/s.w.org\/images\/core\/emoji\/17.0.2\/svg\/1f576.svg\" alt=\"\ud83d\udd76\ufe0f\" \/><\/li>\n<li>Cr\u00e8me solaire et chapeau<img decoding=\"async\" class=\"emoji\" role=\"img\" draggable=\"false\" src=\"https:\/\/s.w.org\/images\/core\/emoji\/17.0.2\/svg\/1f9e2.svg\" alt=\"\ud83e\udde2\" \/><\/li>\n<li>Maillots de bain et serviette <img decoding=\"async\" class=\"emoji\" role=\"img\" draggable=\"false\" src=\"https:\/\/s.w.org\/images\/core\/emoji\/17.0.2\/svg\/1fa71.svg\" alt=\"\ud83e\ude71\" \/><\/li>\n<li>Appareil photo ou smartphone \ud83d\udcf1<\/li>\n<li>De tr\u00e9sorerie pour les d\u00e9penses personnelles <img decoding=\"async\" class=\"emoji\" role=\"img\" draggable=\"false\" src=\"https:\/\/s.w.org\/images\/core\/emoji\/17.0.2\/svg\/1f4b3.svg\" alt=\"\ud83d\udcb3\" \/><\/li>\n<\/ul>\n<\/div>","protected":false},"excerpt":{"rendered":"<p>Rejoindre un Green Canyon excursion en bateau \u00e0 partir de Belek avec eaux \u00e9meraude, piscine s'arr\u00eate et le bord d'un lac d\u00e9jeuner. Une paisible journ\u00e9e compl\u00e8te exp\u00e9rience de la nature.<\/p>","protected":false},"featured_media":12997,"comment_status":"open","ping_status":"closed","template":"","meta":[],"product_brand":[],"product_cat":[],"product_tag":[],"class_list":{"0":"post-12995","1":"product","2":"type-product","3":"status-publish","4":"has-post-thumbnail","6":"tour_phys-tours","7":"pa_destination-belek","9":"first","10":"instock","11":"shipping-taxable","12":"purchasable","13":"product-type-tour_phys"},"_links":{"self":[{"href":"https:\/\/vetatourism.com\/fr\/wp-json\/wp\/v2\/product\/12995","targetHints":{"allow":["GET"]}}],"collection":[{"href":"https:\/\/vetatourism.com\/fr\/wp-json\/wp\/v2\/product"}],"about":[{"href":"https:\/\/vetatourism.com\/fr\/wp-json\/wp\/v2\/types\/product"}],"replies":[{"embeddable":true,"href":"https:\/\/vetatourism.com\/fr\/wp-json\/wp\/v2\/comments?post=12995"}],"wp:featuredmedia":[{"embeddable":true,"href":"https:\/\/vetatourism.com\/fr\/wp-json\/wp\/v2\/media\/12997"}],"wp:attachment":[{"href":"https:\/\/vetatourism.com\/fr\/wp-json\/wp\/v2\/media?parent=12995"}],"wp:term":[{"taxonomy":"product_brand","embeddable":true,"href":"https:\/\/vetatourism.com\/fr\/wp-json\/wp\/v2\/product_brand?post=12995"},{"taxonomy":"product_cat","embeddable":true,"href":"https:\/\/vetatourism.com\/fr\/wp-json\/wp\/v2\/product_cat?post=12995"},{"taxonomy":"product_tag","embeddable":true,"href":"https:\/\/vetatourism.com\/fr\/wp-json\/wp\/v2\/product_tag?post=12995"}],"curies":[{"name":"wp","href":"https:\/\/api.w.org\/{rel}","templated":true}]}}